{"id":50640,"date":"2021-02-21T17:32:45","date_gmt":"2021-02-21T17:32:45","guid":{"rendered":"https:\/\/www.autonvaraosahaku.fi\/?product=vaico-v25-0103-oljynsuodatin"},"modified":"2021-02-21T17:32:49","modified_gmt":"2021-02-21T17:32:49","slug":"vaico-v25-0103-oljynsuodatin","status":"publish","type":"product","link":"https:\/\/www.autonvaraosahaku.fi\/?product=vaico-v25-0103-oljynsuodatin","title":{"rendered":"VAICO V25-0103 \u00d6ljynsuodatin"},"content":{"rendered":"<p>Paino [g]: 246; Sis\u00e4l\u00e4pimitta 2 [mm]: 71; Suodatintyyppi: Ruuvattava suodatin; Sis\u00e4l\u00e4pimitta 1 [mm]: 62; Avauspaine ohitusventtiili [bar]: 1; Kierremitta: 3\/4-16 UNF; Ulkol\u00e4pimitta [mm]: 76; Korvaava tuote\/korvaava tiedote 2: yhdell\u00e4 peruutuksenestoventtiilill\u00e4; Korkeus (mm): 74; Paino [kg]: 0,286; Pakkausleveys [cm]: 8,6; Pakkauskorkeus [mm]: 9,6; Pakkaussyvyys [cm]: 8,6; lis\u00e4tieto: CST99; Valmistusvuosi alkaen: 09\/2006; MAZDA: 2 DY; VOLVO: V70 III BW,C30,V60,S40 II MS,V40 Schr\u00e4gheck,S80 II AS,S60 II; FORD: FIESTA V JH_, JD_,FOCUS II Kombi DA_,FIESTA VI,MONDEO IV Turnier BA7,FOCUS Kombi DNW,FOCUS II DA_,FOCUS DAW, DBW,S-MAX WA6,FOCUS III Turnier,FOCUS C-MAX,GALAXY WA6,FUSION JU_,C-MAX DM2,FOCUS III,C-MAX II,MONDEO IV BA7,KUGA II DM2,FIESTA Stufenheck JA8 JR8,GRAND C-MAX,FOCUS Stufenheck DFW,FOCUS II Stufenheck DA_,B-MAX JK,FOCUS II Cabriolet,ECOSPORT,FOCUS III Stufenheck,MONDEO IV Stufenheck BA7,TOURNEO CONNECT \/ GRAND TOURNEO CONNECT Kombi,FIESTA VI Van,TRANSIT CONNECT Kasten,MONDEO V Turnier,S-MAX,MONDEO V Stufenheck,GRAND C-MAX Van,GALAXY,MONDEO V Schr\u00e4gheck,C-MAX II Van,B-MAX Van,KUGA II Van,FOCUS III Kasten\/Schr\u00e4gheck,KA,KA + Stufenheck; 1007706, 1070521, 1667890, 1E0514302, 1E0614302<\/p>\n","protected":false},"excerpt":{"rendered":"<p>VAICO \u00d6ljynsuodatin V25-0103  MAZDA,VOLVO,FORD,2 DY,V70 III BW,C30,V60,S40 II MS,V40 Schr\u00e4gheck,S80 II AS,S60 II,FIESTA V JH_, JD_,FOCUS II Kombi DA_<\/p>\n","protected":false},"featured_media":0,"template":"","meta":{"site-sidebar-layout":"default","site-content-layout":"default","ast-global-header-display":"","ast-main-header-display":"","ast-hfb-above-header-display":"","ast-hfb-below-header-display":"","ast-hfb-mobile-header-display":"","site-post-title":"","ast-breadcrumbs-content":"","ast-featured-img":"","footer-sml-layout":"","theme-transparent-header-meta":"","adv-header-id-meta":"","stick-header-meta":"","header-above-stick-meta":"","header-main-stick-meta":"","header-below-stick-meta":""},"pwb-brand":[330],"product_cat":[30],"product_tag":[],"class_list":{"0":"post-50640","1":"product","2":"type-product","3":"status-publish","5":"pwb-brand-vaico","6":"product_cat-oljynsuodatin","7":"desktop-align-left","8":"tablet-align-left","9":"mobile-align-left","11":"first","12":"instock","13":"product-type-external"},"brands":[{"id":330,"name":"VAICO","slug":"vaico"}],"_links":{"self":[{"href":"https:\/\/www.autonvaraosahaku.fi\/index.php?rest_route=\/wp\/v2\/product\/50640","targetHints":{"allow":["GET"]}}],"collection":[{"href":"https:\/\/www.autonvaraosahaku.fi\/index.php?rest_route=\/wp\/v2\/product"}],"about":[{"href":"https:\/\/www.autonvaraosahaku.fi\/index.php?rest_route=\/wp\/v2\/types\/product"}],"wp:attachment":[{"href":"https:\/\/www.autonvaraosahaku.fi\/index.php?rest_route=%2Fwp%2Fv2%2Fmedia&parent=50640"}],"wp:term":[{"taxonomy":"pwb-brand","embeddable":true,"href":"https:\/\/www.autonvaraosahaku.fi\/index.php?rest_route=%2Fwp%2Fv2%2Fpwb-brand&post=50640"},{"taxonomy":"product_cat","embeddable":true,"href":"https:\/\/www.autonvaraosahaku.fi\/index.php?rest_route=%2Fwp%2Fv2%2Fproduct_cat&post=50640"},{"taxonomy":"product_tag","embeddable":true,"href":"https:\/\/www.autonvaraosahaku.fi\/index.php?rest_route=%2Fwp%2Fv2%2Fproduct_tag&post=50640"}],"curies":[{"name":"wp","href":"https:\/\/api.w.org\/{rel}","templated":true}]}}