{"id":50685,"date":"2021-02-21T17:33:02","date_gmt":"2021-02-21T17:33:02","guid":{"rendered":"https:\/\/www.autonvaraosahaku.fi\/?product=ipsa-vm000500-hydraulinen-venttiilinnostin"},"modified":"2021-02-21T17:33:03","modified_gmt":"2021-02-21T17:33:03","slug":"ipsa-vm000500-hydraulinen-venttiilinnostin","status":"publish","type":"product","link":"https:\/\/www.autonvaraosahaku.fi\/?product=ipsa-vm000500-hydraulinen-venttiilinnostin","title":{"rendered":"IPSA VM000500 Hydraulinen venttiilinnostin"},"content":{"rendered":"<p>K\u00e4ytt\u00f6: Mekaaninen; Ulkol\u00e4pimitta [mm]: 35,0; Korkeus (mm): 29,2; Asennuspuoli: Imupuoli, Poistopuoli; Tarvittava kappalem\u00e4\u00e4r\u00e4: 8; FIAT: PUNTO 188,PANDA 169,SEICENTO 187,DOBLO Cargo 223,PUNTO 176,DOBLO 119,PANDA Van 169,CINQUECENTO 170,PANDA 141A_,STRADA Pick-up 178E,PUNTO Van 188AX,UNO 146A\/E,PALIO Weekend 178DX,SEICENTO Van 187,TIPO 160,PANDA Van 141_,PUNTO Van 176L,PALIO 178BX,SIENA 178_; PEUGEOT: 106 II 1,106 I 1A, 1C,106 Van 1_; CITRO\u00cbN: SAXO S0, S1,XSARA N1,XSARA Break N2,AX ZA-_,ZX Break N2,XSARA Kasten,SAXO Hatchback van S3_,XSARA Kasten\/Schr\u00e4gheck; NISSAN: MICRA II K11; ALFA ROMEO: 33 905,ALFASUD Sprint 902.A,ALFASUD 901,33 Sportwagon 905A,ARNA 920; LANCIA: YPSILON 843,Y 840A,Y10 156; ROVER: 100 \/ METRO XP; AUTOBIANCHI: Y10; 5942273, 60503405, 60816361; Venttiilinnostin<\/p>\n","protected":false},"excerpt":{"rendered":"<p>IPSA Hydraulinen Venttiilinnostin VM000500 Venttiilinnostin FIAT,PEUGEOT,CITRO\u00cbN,PUNTO 188,PANDA 169,SEICENTO 187,DOBLO Cargo 223,PUNTO 176,DOBLO 119<\/p>\n","protected":false},"featured_media":0,"template":"","meta":{"site-sidebar-layout":"default","site-content-layout":"default","ast-global-header-display":"","ast-main-header-display":"","ast-hfb-above-header-display":"","ast-hfb-below-header-display":"","ast-hfb-mobile-header-display":"","site-post-title":"","ast-breadcrumbs-content":"","ast-featured-img":"","footer-sml-layout":"","theme-transparent-header-meta":"","adv-header-id-meta":"","stick-header-meta":"","header-above-stick-meta":"","header-main-stick-meta":"","header-below-stick-meta":""},"pwb-brand":[360],"product_cat":[126],"product_tag":[],"class_list":{"0":"post-50685","1":"product","2":"type-product","3":"status-publish","5":"pwb-brand-ipsa","6":"product_cat-hydraulinen-venttiilinnostin","7":"desktop-align-left","8":"tablet-align-left","9":"mobile-align-left","11":"first","12":"instock","13":"product-type-external"},"brands":[{"id":360,"name":"IPSA","slug":"ipsa"}],"_links":{"self":[{"href":"https:\/\/www.autonvaraosahaku.fi\/index.php?rest_route=\/wp\/v2\/product\/50685","targetHints":{"allow":["GET"]}}],"collection":[{"href":"https:\/\/www.autonvaraosahaku.fi\/index.php?rest_route=\/wp\/v2\/product"}],"about":[{"href":"https:\/\/www.autonvaraosahaku.fi\/index.php?rest_route=\/wp\/v2\/types\/product"}],"wp:attachment":[{"href":"https:\/\/www.autonvaraosahaku.fi\/index.php?rest_route=%2Fwp%2Fv2%2Fmedia&parent=50685"}],"wp:term":[{"taxonomy":"pwb-brand","embeddable":true,"href":"https:\/\/www.autonvaraosahaku.fi\/index.php?rest_route=%2Fwp%2Fv2%2Fpwb-brand&post=50685"},{"taxonomy":"product_cat","embeddable":true,"href":"https:\/\/www.autonvaraosahaku.fi\/index.php?rest_route=%2Fwp%2Fv2%2Fproduct_cat&post=50685"},{"taxonomy":"product_tag","embeddable":true,"href":"https:\/\/www.autonvaraosahaku.fi\/index.php?rest_route=%2Fwp%2Fv2%2Fproduct_tag&post=50685"}],"curies":[{"name":"wp","href":"https:\/\/api.w.org\/{rel}","templated":true}]}}