{"id":50720,"date":"2021-02-21T17:33:08","date_gmt":"2021-02-21T17:33:08","guid":{"rendered":"https:\/\/www.autonvaraosahaku.fi\/?product=trw-gdb1344dte-jarrupalat"},"modified":"2021-02-21T17:33:12","modified_gmt":"2021-02-21T17:33:12","slug":"trw-gdb1344dte-jarrupalat","status":"publish","type":"product","link":"https:\/\/www.autonvaraosahaku.fi\/?product=trw-gdb1344dte-jarrupalat","title":{"rendered":"TRW GDB1344DTE Jarrupalat"},"content":{"rendered":"<p>Valmistaja rajaus: ATE; Kulumisenilmaisimen liitos: Kulumisenilmaisemelle; Pituus (mm): 123,1; Korkeus (mm): 44,9; Paksuus [mm]: 17; Jarrut: V\u00e4h\u00e4np\u00f6ly\u00e4v\u00e4t jarrupalat\/-hihnat, my\u00f6s reijitetyille jarrulevyille; Tarkistuskilpi: E9 90R-02A1148\/3308; M\u00e4\u00e4r\u00e4yksikk\u00f6: Akselisarja; Tuotelinja: DTEC COTEC; Tuning: 1; Asennuspuoli: Hinterachse; BMW: 3 E46,3 Touring E46,3 Compact E46,3 Coupe E46,3 Compact E36,3 E36,3 Cabriolet E46,3 Coupe E36,Z4 E85,3 Cabriolet E36,3 Touring E36,Z4 Coupe E86,Z1; SAAB: 9-5 Kombi YS3E,9-5 YS3E; ROVER: 75 RJ,75 Tourer RJ; MG: MG ZT- T,MG ZT,MG 6 Schr\u00e4gheck; ALPINA: ROADSTER S Z4; 1160340, 1160533, 1161455, 1161456, 1164499, 1164501, 1165235, 2157574, 34211160340, 34211160533, 34211161455, 34211161456, 34211164499, 34211164501, 34211165235, 34212157574, 34214398213, 34216750190, 34216761239, 34216761241, 34216778168, 4398213, 6750190, 6761239, 6761241, 6778168, SFP100520, GBP90341AF, 5058110, 93194192; Jarrupalasarja,Jarrupala, Levyjarru<\/p>\n","protected":false},"excerpt":{"rendered":"<p>TRW Jarrupalat GDB1344DTE Jarrupalasarja,Jarrupala, Levyjarru BMW,SAAB,ROVER,3 E46,3 Touring E46,3 Compact E46,3 Coupe E46,3 Compact E36,3 E36<\/p>\n","protected":false},"featured_media":0,"template":"","meta":{"site-sidebar-layout":"default","site-content-layout":"default","ast-global-header-display":"","ast-main-header-display":"","ast-hfb-above-header-display":"","ast-hfb-below-header-display":"","ast-hfb-mobile-header-display":"","site-post-title":"","ast-breadcrumbs-content":"","ast-featured-img":"","footer-sml-layout":"","theme-transparent-header-meta":"","adv-header-id-meta":"","stick-header-meta":"","header-above-stick-meta":"","header-main-stick-meta":"","header-below-stick-meta":""},"pwb-brand":[332],"product_cat":[100],"product_tag":[],"class_list":{"0":"post-50720","1":"product","2":"type-product","3":"status-publish","5":"pwb-brand-trw","6":"product_cat-jarrupalat","7":"desktop-align-left","8":"tablet-align-left","9":"mobile-align-left","11":"first","12":"instock","13":"product-type-external"},"brands":[{"id":332,"name":"TRW","slug":"trw"}],"_links":{"self":[{"href":"https:\/\/www.autonvaraosahaku.fi\/index.php?rest_route=\/wp\/v2\/product\/50720","targetHints":{"allow":["GET"]}}],"collection":[{"href":"https:\/\/www.autonvaraosahaku.fi\/index.php?rest_route=\/wp\/v2\/product"}],"about":[{"href":"https:\/\/www.autonvaraosahaku.fi\/index.php?rest_route=\/wp\/v2\/types\/product"}],"wp:attachment":[{"href":"https:\/\/www.autonvaraosahaku.fi\/index.php?rest_route=%2Fwp%2Fv2%2Fmedia&parent=50720"}],"wp:term":[{"taxonomy":"pwb-brand","embeddable":true,"href":"https:\/\/www.autonvaraosahaku.fi\/index.php?rest_route=%2Fwp%2Fv2%2Fpwb-brand&post=50720"},{"taxonomy":"product_cat","embeddable":true,"href":"https:\/\/www.autonvaraosahaku.fi\/index.php?rest_route=%2Fwp%2Fv2%2Fproduct_cat&post=50720"},{"taxonomy":"product_tag","embeddable":true,"href":"https:\/\/www.autonvaraosahaku.fi\/index.php?rest_route=%2Fwp%2Fv2%2Fproduct_tag&post=50720"}],"curies":[{"name":"wp","href":"https:\/\/api.w.org\/{rel}","templated":true}]}}