{"id":50758,"date":"2021-02-21T17:33:20","date_gmt":"2021-02-21T17:33:20","guid":{"rendered":"https:\/\/www.autonvaraosahaku.fi\/?product=topran-113-462-valokatkaisin"},"modified":"2021-02-21T17:33:24","modified_gmt":"2021-02-21T17:33:24","slug":"topran-113-462-valokatkaisin","status":"publish","type":"product","link":"https:\/\/www.autonvaraosahaku.fi\/?product=topran-113-462-valokatkaisin","title":{"rendered":"TOPRAN 113 462 Valokatkaisin"},"content":{"rendered":"<p>K\u00e4ytt\u00f6tapa: K\u00e4\u00e4nt\u00f6kytkin; Yhdistelm\u00e4kytkintoiminto: P\u00e4\u00e4lle\/pois-katkaisija, Sumutakavalotoiminnolla, Sumuvalolla; V\u00e4ri: Musta; V\u00e4rikoodi: REH; Kotelomateriaali: Muovi; Varusteet: ajoneuvoille ajovaloautomatiikalla, Sumuvaloilla vasrustetuille autoille; Vasen \/ oikea liikenne: Oikean-\/vasemmanpuolinen ohjaus; PR-numerolle: 8K3; VW: GOLF V 1K1,TOURAN 1T1, 1T2,PASSAT Variant 3C5,GOLF PLUS 5M1, 521,PASSAT 3C2,CADDY III Kombi 2KB, 2KJ, 2CB, 2CJ,GOLF V Variant 1K5,CADDY III Kasten 2KA, 2KH, 2CA, 2CH,EOS 1F7, 1F8,JETTA III 1K2; 1K0941431AS, 1K0941431ASRE, 1K0941431ASREH, 1K0941431N, 1K0941431NREH; Ajovalokytkin,Kytkin, Ajovalo<\/p>\n","protected":false},"excerpt":{"rendered":"<p>TOPRAN Valokatkaisin 113 462 Ajovalokytkin,Kytkin, Ajovalo VW,GOLF V 1K1,TOURAN 1T1, 1T2,PASSAT Variant 3C5,GOLF PLUS 5M1, 521,PASSAT 3C2<\/p>\n","protected":false},"featured_media":0,"template":"","meta":{"site-sidebar-layout":"default","site-content-layout":"default","ast-global-header-display":"","ast-main-header-display":"","ast-hfb-above-header-display":"","ast-hfb-below-header-display":"","ast-hfb-mobile-header-display":"","site-post-title":"","ast-breadcrumbs-content":"","ast-featured-img":"","footer-sml-layout":"","theme-transparent-header-meta":"","adv-header-id-meta":"","stick-header-meta":"","header-above-stick-meta":"","header-main-stick-meta":"","header-below-stick-meta":""},"pwb-brand":[18],"product_cat":[136],"product_tag":[],"class_list":{"0":"post-50758","1":"product","2":"type-product","3":"status-publish","5":"pwb-brand-topran","6":"product_cat-valokatkaisin","7":"desktop-align-left","8":"tablet-align-left","9":"mobile-align-left","11":"first","12":"instock","13":"product-type-external"},"brands":[{"id":18,"name":"TOPRAN","slug":"topran"}],"_links":{"self":[{"href":"https:\/\/www.autonvaraosahaku.fi\/index.php?rest_route=\/wp\/v2\/product\/50758","targetHints":{"allow":["GET"]}}],"collection":[{"href":"https:\/\/www.autonvaraosahaku.fi\/index.php?rest_route=\/wp\/v2\/product"}],"about":[{"href":"https:\/\/www.autonvaraosahaku.fi\/index.php?rest_route=\/wp\/v2\/types\/product"}],"wp:attachment":[{"href":"https:\/\/www.autonvaraosahaku.fi\/index.php?rest_route=%2Fwp%2Fv2%2Fmedia&parent=50758"}],"wp:term":[{"taxonomy":"pwb-brand","embeddable":true,"href":"https:\/\/www.autonvaraosahaku.fi\/index.php?rest_route=%2Fwp%2Fv2%2Fpwb-brand&post=50758"},{"taxonomy":"product_cat","embeddable":true,"href":"https:\/\/www.autonvaraosahaku.fi\/index.php?rest_route=%2Fwp%2Fv2%2Fproduct_cat&post=50758"},{"taxonomy":"product_tag","embeddable":true,"href":"https:\/\/www.autonvaraosahaku.fi\/index.php?rest_route=%2Fwp%2Fv2%2Fproduct_tag&post=50758"}],"curies":[{"name":"wp","href":"https:\/\/api.w.org\/{rel}","templated":true}]}}