{"id":50768,"date":"2021-02-21T17:33:26","date_gmt":"2021-02-21T17:33:26","guid":{"rendered":"https:\/\/www.autonvaraosahaku.fi\/?product=sachs-2294-001-360-vauhtipyora"},"modified":"2021-02-21T17:33:29","modified_gmt":"2021-02-21T17:33:29","slug":"sachs-2294-001-360-vauhtipyora","status":"publish","type":"product","link":"https:\/\/www.autonvaraosahaku.fi\/?product=sachs-2294-001-360-vauhtipyora","title":{"rendered":"SACHS 2294 001 360 Vauhtipy\u00f6r\u00e4"},"content":{"rendered":"<p>L\u00e4pimitta [mm]: 228; Tuotelinja: Dual-mass flywheel; Valmistusvuoteen: 12\/2010; VW: GOLF VI 5K1,PASSAT Variant 3C5,GOLF PLUS 5M1, 521,PASSAT 3C2,GOLF VII 5G1, BE1,TOURAN 1T3,GOLF VI Variant AJ5,GOLF VII Kombi BA5,JETTA III 1K2,BEETLE 5C1,JETTA IV 162, 163,BEETLE Cabriolet 5C7,GOLF SPORTSVAN AM1,TOURAN; AUDI: A3 8P1,A3 Sportback 8PA,A3 Sportback 8VA,A3 Limousine 8VS,A3 8V1,A3 Cabriolet 8P7,A3 Cabriolet 8V7,Q2 GA; SKODA: OCTAVIA Combi 1Z5,OCTAVIA Combi 5E5,OCTAVIA 1Z3,OCTAVIA 5E3,KAROQ NU7; SEAT: LEON 1P1,ALTEA 5P1,LEON 5F1,ALTEA XL 5P5, 5P8,LEON ST 5F8,ATECA KH7; 03L105266BT, 03L105266BT, 03L105266BT, 03L105266BT<\/p>\n","protected":false},"excerpt":{"rendered":"<p>SACHS Vauhtipy\u00f6r\u00e4 2294 001 360  VW,AUDI,SKODA,GOLF VI 5K1,PASSAT Variant 3C5,GOLF PLUS 5M1, 521,PASSAT 3C2,GOLF VII 5G1, BE1,TOURAN 1T3<\/p>\n","protected":false},"featured_media":0,"template":"","meta":{"site-sidebar-layout":"default","site-content-layout":"default","ast-global-header-display":"","ast-main-header-display":"","ast-hfb-above-header-display":"","ast-hfb-below-header-display":"","ast-hfb-mobile-header-display":"","site-post-title":"","ast-breadcrumbs-content":"","ast-featured-img":"","footer-sml-layout":"","theme-transparent-header-meta":"","adv-header-id-meta":"","stick-header-meta":"","header-above-stick-meta":"","header-main-stick-meta":"","header-below-stick-meta":""},"pwb-brand":[91],"product_cat":[68],"product_tag":[],"class_list":{"0":"post-50768","1":"product","2":"type-product","3":"status-publish","5":"pwb-brand-sachs","6":"product_cat-vauhtipyora","7":"desktop-align-left","8":"tablet-align-left","9":"mobile-align-left","11":"first","12":"instock","13":"product-type-external"},"brands":[{"id":91,"name":"SACHS","slug":"sachs"}],"_links":{"self":[{"href":"https:\/\/www.autonvaraosahaku.fi\/index.php?rest_route=\/wp\/v2\/product\/50768","targetHints":{"allow":["GET"]}}],"collection":[{"href":"https:\/\/www.autonvaraosahaku.fi\/index.php?rest_route=\/wp\/v2\/product"}],"about":[{"href":"https:\/\/www.autonvaraosahaku.fi\/index.php?rest_route=\/wp\/v2\/types\/product"}],"wp:attachment":[{"href":"https:\/\/www.autonvaraosahaku.fi\/index.php?rest_route=%2Fwp%2Fv2%2Fmedia&parent=50768"}],"wp:term":[{"taxonomy":"pwb-brand","embeddable":true,"href":"https:\/\/www.autonvaraosahaku.fi\/index.php?rest_route=%2Fwp%2Fv2%2Fpwb-brand&post=50768"},{"taxonomy":"product_cat","embeddable":true,"href":"https:\/\/www.autonvaraosahaku.fi\/index.php?rest_route=%2Fwp%2Fv2%2Fproduct_cat&post=50768"},{"taxonomy":"product_tag","embeddable":true,"href":"https:\/\/www.autonvaraosahaku.fi\/index.php?rest_route=%2Fwp%2Fv2%2Fproduct_tag&post=50768"}],"curies":[{"name":"wp","href":"https:\/\/api.w.org\/{rel}","templated":true}]}}