{"id":50771,"date":"2021-02-21T17:33:26","date_gmt":"2021-02-21T17:33:26","guid":{"rendered":"https:\/\/www.autonvaraosahaku.fi\/?product=ufi-27-366-00-ilmansuodatin"},"modified":"2021-02-21T17:33:30","modified_gmt":"2021-02-21T17:33:30","slug":"ufi-27-366-00-ilmansuodatin","status":"publish","type":"product","link":"https:\/\/www.autonvaraosahaku.fi\/?product=ufi-27-366-00-ilmansuodatin","title":{"rendered":"UFI 27.366.00 Ilmansuodatin"},"content":{"rendered":"<p>Ulkol\u00e4pimitta [mm]: 148,0; Sis\u00e4l\u00e4pimitta 1 [mm]: 103,0; Sis\u00e4l\u00e4pimitta 2 [mm]: 103,0; Korkeus (mm): 257,0; OE-numerolle: 7786626; LANCIA: THESIS 841AX,LYBRA SW 839BX,LYBRA 839AX; ALFA ROMEO: 147 937,156 Sportwagon 932,156 932,GT 937; 60815415, 71765458, 7786626<\/p>\n","protected":false},"excerpt":{"rendered":"<p>UFI Ilmansuodatin 27.366.00  LANCIA,ALFA ROMEO,THESIS 841AX,LYBRA SW 839BX,LYBRA 839AX,147 937,156 Sportwagon 932,156 932,GT 937<\/p>\n","protected":false},"featured_media":0,"template":"","meta":{"site-sidebar-layout":"default","site-content-layout":"default","ast-global-header-display":"","ast-main-header-display":"","ast-hfb-above-header-display":"","ast-hfb-below-header-display":"","ast-hfb-mobile-header-display":"","site-post-title":"","ast-breadcrumbs-content":"","ast-featured-img":"","footer-sml-layout":"","theme-transparent-header-meta":"","adv-header-id-meta":"","stick-header-meta":"","header-above-stick-meta":"","header-main-stick-meta":"","header-below-stick-meta":""},"pwb-brand":[109],"product_cat":[31],"product_tag":[],"class_list":{"0":"post-50771","1":"product","2":"type-product","3":"status-publish","5":"pwb-brand-ufi","6":"product_cat-ilmansuodatin","7":"desktop-align-left","8":"tablet-align-left","9":"mobile-align-left","11":"first","12":"instock","13":"product-type-external"},"brands":[{"id":109,"name":"UFI","slug":"ufi"}],"_links":{"self":[{"href":"https:\/\/www.autonvaraosahaku.fi\/index.php?rest_route=\/wp\/v2\/product\/50771","targetHints":{"allow":["GET"]}}],"collection":[{"href":"https:\/\/www.autonvaraosahaku.fi\/index.php?rest_route=\/wp\/v2\/product"}],"about":[{"href":"https:\/\/www.autonvaraosahaku.fi\/index.php?rest_route=\/wp\/v2\/types\/product"}],"wp:attachment":[{"href":"https:\/\/www.autonvaraosahaku.fi\/index.php?rest_route=%2Fwp%2Fv2%2Fmedia&parent=50771"}],"wp:term":[{"taxonomy":"pwb-brand","embeddable":true,"href":"https:\/\/www.autonvaraosahaku.fi\/index.php?rest_route=%2Fwp%2Fv2%2Fpwb-brand&post=50771"},{"taxonomy":"product_cat","embeddable":true,"href":"https:\/\/www.autonvaraosahaku.fi\/index.php?rest_route=%2Fwp%2Fv2%2Fproduct_cat&post=50771"},{"taxonomy":"product_tag","embeddable":true,"href":"https:\/\/www.autonvaraosahaku.fi\/index.php?rest_route=%2Fwp%2Fv2%2Fproduct_tag&post=50771"}],"curies":[{"name":"wp","href":"https:\/\/api.w.org\/{rel}","templated":true}]}}