{"id":50781,"date":"2021-02-21T17:33:26","date_gmt":"2021-02-21T17:33:26","guid":{"rendered":"https:\/\/www.autonvaraosahaku.fi\/?product=vemo-v15-99-1958-lammityslaitteen-puhaltimen-vastus"},"modified":"2021-02-21T17:33:32","modified_gmt":"2021-02-21T17:33:32","slug":"vemo-v15-99-1958-lammityslaitteen-puhaltimen-vastus","status":"publish","type":"product","link":"https:\/\/www.autonvaraosahaku.fi\/?product=vemo-v15-99-1958-lammityslaitteen-puhaltimen-vastus","title":{"rendered":"VEMO V15-99-1958 L\u00e4mmityslaitteen puhaltimen vastus"},"content":{"rendered":"<p>J\u00e4nnite (V): 12; Vastus [Ohm]: 0,26; Vasen \/ oikea liikenne: Oikean-\/vasemmanpuolinen ohjaus; Napojen m\u00e4\u00e4r\u00e4: 2, 5; Paino [kg]: 0,073; Pakkausleveys [cm]: 4,9; Pakkauskorkeus [mm]: 9,2; Pakkaussyvyys [cm]: 9; lis\u00e4tieto: Q+, original equipment manufacturer quality; Valmistusvuosi alkaen: 01\/1992; AUDI: 80 8C, B4,80 89, 89Q, 8A, B3,CABRIOLET 8G7, B4,80 Avant 8C, B4,COUPE 89, 8B,90 89, 89Q, 8A, B3; 893959263, 893959263, 893959263<\/p>\n","protected":false},"excerpt":{"rendered":"<p>VEMO S\u00e4\u00e4din, Sis\u00e4valaistus V15-99-1958  AUDI,80 8C, B4,80 89, 89Q, 8A, B3,CABRIOLET 8G7, B4,80 Avant 8C, B4,COUPE 89, 8B,90 89, 89Q, 8A, B3<\/p>\n","protected":false},"featured_media":0,"template":"","meta":{"site-sidebar-layout":"default","site-content-layout":"default","ast-global-header-display":"","ast-main-header-display":"","ast-hfb-above-header-display":"","ast-hfb-below-header-display":"","ast-hfb-mobile-header-display":"","site-post-title":"","ast-breadcrumbs-content":"","ast-featured-img":"","footer-sml-layout":"","theme-transparent-header-meta":"","adv-header-id-meta":"","stick-header-meta":"","header-above-stick-meta":"","header-main-stick-meta":"","header-below-stick-meta":""},"pwb-brand":[168],"product_cat":[134],"product_tag":[],"class_list":{"0":"post-50781","1":"product","2":"type-product","3":"status-publish","5":"pwb-brand-vemo","6":"product_cat-lammityslaitteen-puhaltimen-vastus","7":"desktop-align-left","8":"tablet-align-left","9":"mobile-align-left","11":"first","12":"instock","13":"product-type-external"},"brands":[{"id":168,"name":"VEMO","slug":"vemo"}],"_links":{"self":[{"href":"https:\/\/www.autonvaraosahaku.fi\/index.php?rest_route=\/wp\/v2\/product\/50781","targetHints":{"allow":["GET"]}}],"collection":[{"href":"https:\/\/www.autonvaraosahaku.fi\/index.php?rest_route=\/wp\/v2\/product"}],"about":[{"href":"https:\/\/www.autonvaraosahaku.fi\/index.php?rest_route=\/wp\/v2\/types\/product"}],"wp:attachment":[{"href":"https:\/\/www.autonvaraosahaku.fi\/index.php?rest_route=%2Fwp%2Fv2%2Fmedia&parent=50781"}],"wp:term":[{"taxonomy":"pwb-brand","embeddable":true,"href":"https:\/\/www.autonvaraosahaku.fi\/index.php?rest_route=%2Fwp%2Fv2%2Fpwb-brand&post=50781"},{"taxonomy":"product_cat","embeddable":true,"href":"https:\/\/www.autonvaraosahaku.fi\/index.php?rest_route=%2Fwp%2Fv2%2Fproduct_cat&post=50781"},{"taxonomy":"product_tag","embeddable":true,"href":"https:\/\/www.autonvaraosahaku.fi\/index.php?rest_route=%2Fwp%2Fv2%2Fproduct_tag&post=50781"}],"curies":[{"name":"wp","href":"https:\/\/api.w.org\/{rel}","templated":true}]}}