{"id":50791,"date":"2021-02-21T17:33:33","date_gmt":"2021-02-21T17:33:33","guid":{"rendered":"https:\/\/www.autonvaraosahaku.fi\/?product=contitech-ms08-muut-luokat"},"modified":"2021-02-21T17:33:35","modified_gmt":"2021-02-21T17:33:35","slug":"contitech-ms08-muut-luokat","status":"publish","type":"product","link":"https:\/\/www.autonvaraosahaku.fi\/?product=contitech-ms08-muut-luokat","title":{"rendered":"CONTITECH MS08 Muut luokat"},"content":{"rendered":"<p>Pakkausleveys [cm]: 5; Pakkauskorkeus [mm]: 6; Pakkauspituus [cm]: 15; tuotenumerolle: VD1096; VOLVO: V50 MW,C30,V60,S40 II MS,V40 Schr\u00e4gheck,S60 II; FORD: FIESTA V JH_, JD_,FOCUS II Kombi DA_,FIESTA VI,MONDEO IV Turnier BA7,FOCUS II DA_,S-MAX WA6,FOCUS III Turnier,FOCUS C-MAX,GALAXY WA6,FUSION JU_,C-MAX DM2,FOCUS III,C-MAX II,MONDEO IV BA7,GRAND C-MAX,FOCUS II Stufenheck DA_,B-MAX JK,ECOSPORT,FOCUS III Stufenheck,MONDEO IV Stufenheck BA7,TOURNEO CONNECT \/ GRAND TOURNEO CONNECT Kombi,FIESTA V Van,FIESTA VI Van,TRANSIT CONNECT Kasten,TOURNEO COURIER Kombi,TRANSIT CONNECT Kombi,TRANSIT COURIER Kasten,TRANSIT COURIER Kombi; CITRO\u00cbN: C1 PM_, PN_,BERLINGO MF,XSARA PICASSO N68,C2 JM_,C3 I FC_,BERLINGO B9,C5 III Break TD_,C4 Picasso I UD_,C4 Grand Picasso I UA_,C4 I LC_,DS3,BERLINGO Kasten M_,C5 II Break RE_,C3 Picasso,C5 III RD_,C3 II,XSARA N1,C4 Coupe LA_,C3 Pluriel HB_,C4 II B7,C5 II RC_,XSARA Break N2,JUMPY,BERLINGO Kasten B9,JUMPY Kasten,C4 Grand Picasso II,C4 Picasso II,DS4,XSARA Coupe N0,NEMO Kasten AA_,DS5,C4 Stufenheck L,C4 AIRCROSS,NEMO Kombi,DS3 Cabriolet,C2 ENTERPRISE,BERLINGO Pritsche\/Fahrgestell B9,C-ELYSEE,C4 CACTUS; PEUGEOT: 206 Schr\u00e4gheck 2A\/C,206 CC 2D,207 WA_, WC_,307 SW 3H,207 CC WD_,407 SW 6E_,307 3A\/C,207 SW WK_,107,308 SW,206 SW 2E\/K,208,206+ T3E,308 4A_, 4C_,5008,307 Break 3E,508 SW,407 6D_,3008,PARTNER Tepee,308 CC,1007 KM_,PARTNER Combispace 5F,2008,PARTNER Kasten 5,508,EXPERT Tepee VF3V_,EXPERT Kasten VF3A_, VF3U_, VF3X_,PARTNER Kasten,206 Stufenheck,BIPPER AA_,308 II,BIPPER Tepee,206 Van,301,308 SW II,207 Van,EXPERT Pritsche\/Fahrgestell,208 Kasten<\/p>\n","protected":false},"excerpt":{"rendered":"<p>CONTITECH Ruuvisarja, Hihnapy\u00f6r\u00e4-Kampiakseli MS08  VOLVO,FORD,CITRO\u00cbN,V50 MW,C30,V60,S40 II MS,V40 Schr\u00e4gheck,S60 II,FIESTA V JH_, JD_<\/p>\n","protected":false},"featured_media":0,"template":"","meta":{"site-sidebar-layout":"default","site-content-layout":"default","ast-global-header-display":"","ast-main-header-display":"","ast-hfb-above-header-display":"","ast-hfb-below-header-display":"","ast-hfb-mobile-header-display":"","site-post-title":"","ast-breadcrumbs-content":"","ast-featured-img":"","footer-sml-layout":"","theme-transparent-header-meta":"","adv-header-id-meta":"","stick-header-meta":"","header-above-stick-meta":"","header-main-stick-meta":"","header-below-stick-meta":""},"pwb-brand":[187],"product_cat":[37],"product_tag":[],"class_list":{"0":"post-50791","1":"product","2":"type-product","3":"status-publish","5":"pwb-brand-contitech","6":"product_cat-muut-luokat","7":"desktop-align-left","8":"tablet-align-left","9":"mobile-align-left","11":"first","12":"instock","13":"product-type-external"},"brands":[{"id":187,"name":"CONTITECH","slug":"contitech"}],"_links":{"self":[{"href":"https:\/\/www.autonvaraosahaku.fi\/index.php?rest_route=\/wp\/v2\/product\/50791","targetHints":{"allow":["GET"]}}],"collection":[{"href":"https:\/\/www.autonvaraosahaku.fi\/index.php?rest_route=\/wp\/v2\/product"}],"about":[{"href":"https:\/\/www.autonvaraosahaku.fi\/index.php?rest_route=\/wp\/v2\/types\/product"}],"wp:attachment":[{"href":"https:\/\/www.autonvaraosahaku.fi\/index.php?rest_route=%2Fwp%2Fv2%2Fmedia&parent=50791"}],"wp:term":[{"taxonomy":"pwb-brand","embeddable":true,"href":"https:\/\/www.autonvaraosahaku.fi\/index.php?rest_route=%2Fwp%2Fv2%2Fpwb-brand&post=50791"},{"taxonomy":"product_cat","embeddable":true,"href":"https:\/\/www.autonvaraosahaku.fi\/index.php?rest_route=%2Fwp%2Fv2%2Fproduct_cat&post=50791"},{"taxonomy":"product_tag","embeddable":true,"href":"https:\/\/www.autonvaraosahaku.fi\/index.php?rest_route=%2Fwp%2Fv2%2Fproduct_tag&post=50791"}],"curies":[{"name":"wp","href":"https:\/\/api.w.org\/{rel}","templated":true}]}}