{"id":50830,"date":"2021-02-21T17:33:44","date_gmt":"2021-02-21T17:33:44","guid":{"rendered":"https:\/\/www.autonvaraosahaku.fi\/?product=mahle-original-001-rs-00163-0n0-mannanrenkaat"},"modified":"2021-02-21T17:33:46","modified_gmt":"2021-02-21T17:33:46","slug":"mahle-original-001-rs-00163-0n0-mannanrenkaat","status":"publish","type":"product","link":"https:\/\/www.autonvaraosahaku.fi\/?product=mahle-original-001-rs-00163-0n0-mannanrenkaat","title":{"rendered":"MAHLE ORIGINAL 001 RS 00163 0N0 M\u00e4nn\u00e4nrenkaat"},"content":{"rendered":"<p>Sylinterin halkaisija [mm]: 82,0; Komponenttinumero: 1. R 1,20 N, 2. NM 1,50 P, 3. 3S 2,0 N; MERCEDES-BENZ: C-CLASS W204,C-CLASS T-Model S204,E-CLASS W212,E-CLASS T-Model S212,E-CLASS Coupe C207,C-CLASS Coupe C204,SLK R172,E-CLASS Cabriolet A207; 2710300324, A2710300324; M\u00e4nn\u00e4nrengassarja<\/p>\n","protected":false},"excerpt":{"rendered":"<p>MAHLE ORIGINAL M\u00e4nn\u00e4nrenkaat 001 RS 00163 0N0 M\u00e4nn\u00e4nrengassarja MERCEDES-BENZ,C-CLASS W204,C-CLASS T-Model S204,E-CLASS W212,E-CLASS T-Model S212<\/p>\n","protected":false},"featured_media":0,"template":"","meta":{"site-sidebar-layout":"default","site-content-layout":"default","ast-global-header-display":"","ast-main-header-display":"","ast-hfb-above-header-display":"","ast-hfb-below-header-display":"","ast-hfb-mobile-header-display":"","site-post-title":"","ast-breadcrumbs-content":"","ast-featured-img":"","footer-sml-layout":"","theme-transparent-header-meta":"","adv-header-id-meta":"","stick-header-meta":"","header-above-stick-meta":"","header-main-stick-meta":"","header-below-stick-meta":""},"pwb-brand":[153],"product_cat":[154],"product_tag":[],"class_list":{"0":"post-50830","1":"product","2":"type-product","3":"status-publish","5":"pwb-brand-mahle-original","6":"product_cat-mannanrenkaat","7":"desktop-align-left","8":"tablet-align-left","9":"mobile-align-left","11":"first","12":"instock","13":"product-type-external"},"brands":[{"id":153,"name":"MAHLE ORIGINAL","slug":"mahle-original"}],"_links":{"self":[{"href":"https:\/\/www.autonvaraosahaku.fi\/index.php?rest_route=\/wp\/v2\/product\/50830","targetHints":{"allow":["GET"]}}],"collection":[{"href":"https:\/\/www.autonvaraosahaku.fi\/index.php?rest_route=\/wp\/v2\/product"}],"about":[{"href":"https:\/\/www.autonvaraosahaku.fi\/index.php?rest_route=\/wp\/v2\/types\/product"}],"wp:attachment":[{"href":"https:\/\/www.autonvaraosahaku.fi\/index.php?rest_route=%2Fwp%2Fv2%2Fmedia&parent=50830"}],"wp:term":[{"taxonomy":"pwb-brand","embeddable":true,"href":"https:\/\/www.autonvaraosahaku.fi\/index.php?rest_route=%2Fwp%2Fv2%2Fpwb-brand&post=50830"},{"taxonomy":"product_cat","embeddable":true,"href":"https:\/\/www.autonvaraosahaku.fi\/index.php?rest_route=%2Fwp%2Fv2%2Fproduct_cat&post=50830"},{"taxonomy":"product_tag","embeddable":true,"href":"https:\/\/www.autonvaraosahaku.fi\/index.php?rest_route=%2Fwp%2Fv2%2Fproduct_tag&post=50830"}],"curies":[{"name":"wp","href":"https:\/\/api.w.org\/{rel}","templated":true}]}}