{"id":50843,"date":"2021-02-21T17:33:50","date_gmt":"2021-02-21T17:33:50","guid":{"rendered":"https:\/\/www.autonvaraosahaku.fi\/?product=autofren-seinsa-d7037c-jarrusatula-korjaussarja"},"modified":"2021-02-21T17:33:51","modified_gmt":"2021-02-21T17:33:51","slug":"autofren-seinsa-d7037c-jarrusatula-korjaussarja","status":"publish","type":"product","link":"https:\/\/www.autonvaraosahaku.fi\/?product=autofren-seinsa-d7037c-jarrusatula-korjaussarja","title":{"rendered":"AUTOFREN SEINSA D7037C Jarrusatula korjaussarja"},"content":{"rendered":"<p>Jarruj\u00e4rjestelm\u00e4: LUCAS, NISSIN; T\u00e4yssarja: ; Erittely: WITH GUIDE PINS; L\u00e4pimitta 1\/l\u00e4pimitta 2 [mm]: 10\/10; Asennuspuoli: Vorderachse; TOYOTA: COROLLA ZZE12_, NDE12_, ZDE12_,COROLLA Kombi _E12J_, _E12T_,COROLLA Stufenheck _E12J_, _E12T_; HYUNDAI: TUCSON JM,SANTA F\u00c9 I SM,MATRIX FC,TERRACAN HP,COUPE GK,ATOS MX,TRAJET FO,GALLOPER II JK-01,SONATA IV EF,COUPE RD,H-1 Kasten,H-1 \/ STAREX,ELANTRA XD,ELANTRA Stufenheck XD,XG XG,LANTRA II Wagon J-2,LANTRA II J-2,SONATA III Y-3,LANTRA I J-1,ELANTRA Stufenheck MD, UD,SONATA II Y-2; NISSAN: MICRA II K11,JUKE F15,PATROL GR II Wagon Y61,ALMERA I Hatchback N15,PICK UP D22,200 SX S13,ALMERA I N15,MAXIMA QX A33,TERRANO I WD21,MAXIMA QX A32,VANETTE Bus C22,BLUEBIRD T72 , T12,BLUEBIRD Hatchback T72, T12,MAXIMA II J30,PRAIRIE PRO M11,BLUEBIRD U11,VANETTE Kasten C22,URVAN Bus E24,URVAN Kasten E23,URVAN Kasten E24,URVAN Bus E23,MAXIMA Station Wagon; KIA: SORENTO I JC,CERATO LD,MAGENTIS GD,MAGENTIS MG,OPIRUS GH,CERATO Stufenheck LD,JOICE,PREGIO Kasten TB,PREGIO Bus; HONDA: LEGEND I HS, KA; MITSUBISHI: L 200 K7_T, K6_T; SUZUKI: SX4 EY, GY,SX4 Stufenheck GY; SUBARU: FORESTER SG,FORESTER SH,IMPREZA Stufenheck GD,LEGACY IV Station Wagon BL, BP, B13_,IMPREZA Schr\u00e4gheck GR, GH, G3,FORESTER SJ,OUTBACK BL, BP,IMPREZA Station Wagon GG,XV,LEGACY IV BL, BP,LEGACY V Station Wagon BM, BR,OUTBACK BM, BR,LEGACY V BM, BR; ROVER: 800 XS,800 Hatchback XS,800 Coupe; MG: MGF RD,MG TF; 5818002A10, 26225AG060, 26225AG070, 0495609020; Ohjainhylsysarja, Jarrusatula<\/p>\n","protected":false},"excerpt":{"rendered":"<p>AUTOFREN SEINSA Ohjaustappi D7037C Ohjainhylsysarja, Jarrusatula TOYOTA,HYUNDAI,NISSAN,COROLLA ZZE12_, NDE12_, ZDE12_,COROLLA Kombi _E12J_, _E12T_<\/p>\n","protected":false},"featured_media":0,"template":"","meta":{"site-sidebar-layout":"default","site-content-layout":"default","ast-global-header-display":"","ast-main-header-display":"","ast-hfb-above-header-display":"","ast-hfb-below-header-display":"","ast-hfb-mobile-header-display":"","site-post-title":"","ast-breadcrumbs-content":"","ast-featured-img":"","footer-sml-layout":"","theme-transparent-header-meta":"","adv-header-id-meta":"","stick-header-meta":"","header-above-stick-meta":"","header-main-stick-meta":"","header-below-stick-meta":""},"pwb-brand":[243],"product_cat":[57],"product_tag":[],"class_list":{"0":"post-50843","1":"product","2":"type-product","3":"status-publish","5":"pwb-brand-autofren-seinsa","6":"product_cat-jarrusatula-korjaussarja","7":"desktop-align-left","8":"tablet-align-left","9":"mobile-align-left","11":"first","12":"instock","13":"product-type-external"},"brands":[{"id":243,"name":"AUTOFREN SEINSA","slug":"autofren-seinsa"}],"_links":{"self":[{"href":"https:\/\/www.autonvaraosahaku.fi\/index.php?rest_route=\/wp\/v2\/product\/50843","targetHints":{"allow":["GET"]}}],"collection":[{"href":"https:\/\/www.autonvaraosahaku.fi\/index.php?rest_route=\/wp\/v2\/product"}],"about":[{"href":"https:\/\/www.autonvaraosahaku.fi\/index.php?rest_route=\/wp\/v2\/types\/product"}],"wp:attachment":[{"href":"https:\/\/www.autonvaraosahaku.fi\/index.php?rest_route=%2Fwp%2Fv2%2Fmedia&parent=50843"}],"wp:term":[{"taxonomy":"pwb-brand","embeddable":true,"href":"https:\/\/www.autonvaraosahaku.fi\/index.php?rest_route=%2Fwp%2Fv2%2Fpwb-brand&post=50843"},{"taxonomy":"product_cat","embeddable":true,"href":"https:\/\/www.autonvaraosahaku.fi\/index.php?rest_route=%2Fwp%2Fv2%2Fproduct_cat&post=50843"},{"taxonomy":"product_tag","embeddable":true,"href":"https:\/\/www.autonvaraosahaku.fi\/index.php?rest_route=%2Fwp%2Fv2%2Fproduct_tag&post=50843"}],"curies":[{"name":"wp","href":"https:\/\/api.w.org\/{rel}","templated":true}]}}