{"id":50861,"date":"2021-02-21T17:33:50","date_gmt":"2021-02-21T17:33:50","guid":{"rendered":"https:\/\/www.autonvaraosahaku.fi\/?product=ridex-3229s0226-koiranluu"},"modified":"2021-02-21T17:33:55","modified_gmt":"2021-02-21T17:33:55","slug":"ridex-3229s0226-koiranluu","status":"publish","type":"product","link":"https:\/\/www.autonvaraosahaku.fi\/?product=ridex-3229s0226-koiranluu","title":{"rendered":"RIDEX 3229S0226 Koiranluu"},"content":{"rendered":"<p>Asennuspuoli: Taka-akseli, molemminpuolinen; Pituus (mm): 90,5; L\u00e4pimitta 1 [mm]: 17; L\u00e4pimitta 2 [mm]: 17; L\u00e4pimitta 3 [mm]: 8; Materiaali: Muovi; Tanko \/ tuki: Yhdystanko; Kierre 1: M10X1.25; kierre 2: M10X1.25; SUBARU: LEGACY IV Station Wagon BL, BP, B13_,LEGACY III Station Wagon BE, BH,LEGACY IV BL, BP,LEGACY III BE, BH; 20470AE000, 20470AE001, 20470AE010; Kallistuksenvakaajan Yhdystanko,Tanko, Kallistuksenvaimennin<\/p>\n","protected":false},"excerpt":{"rendered":"<p>RIDEX Koiranluu 3229S0226 Kallistuksenvakaajan Yhdystanko,Tanko, Kallistuksenvaimennin SUBARU,LEGACY IV Station Wagon BL, BP, B13_<\/p>\n","protected":false},"featured_media":0,"template":"","meta":{"site-sidebar-layout":"default","site-content-layout":"default","ast-global-header-display":"","ast-main-header-display":"","ast-hfb-above-header-display":"","ast-hfb-below-header-display":"","ast-hfb-mobile-header-display":"","site-post-title":"","ast-breadcrumbs-content":"","ast-featured-img":"","footer-sml-layout":"","theme-transparent-header-meta":"","adv-header-id-meta":"","stick-header-meta":"","header-above-stick-meta":"","header-main-stick-meta":"","header-below-stick-meta":""},"pwb-brand":[157],"product_cat":[38],"product_tag":[],"class_list":{"0":"post-50861","1":"product","2":"type-product","3":"status-publish","5":"pwb-brand-ridex","6":"product_cat-koiranluu","7":"desktop-align-left","8":"tablet-align-left","9":"mobile-align-left","11":"first","12":"instock","13":"product-type-external"},"brands":[{"id":157,"name":"RIDEX","slug":"ridex"}],"_links":{"self":[{"href":"https:\/\/www.autonvaraosahaku.fi\/index.php?rest_route=\/wp\/v2\/product\/50861","targetHints":{"allow":["GET"]}}],"collection":[{"href":"https:\/\/www.autonvaraosahaku.fi\/index.php?rest_route=\/wp\/v2\/product"}],"about":[{"href":"https:\/\/www.autonvaraosahaku.fi\/index.php?rest_route=\/wp\/v2\/types\/product"}],"wp:attachment":[{"href":"https:\/\/www.autonvaraosahaku.fi\/index.php?rest_route=%2Fwp%2Fv2%2Fmedia&parent=50861"}],"wp:term":[{"taxonomy":"pwb-brand","embeddable":true,"href":"https:\/\/www.autonvaraosahaku.fi\/index.php?rest_route=%2Fwp%2Fv2%2Fpwb-brand&post=50861"},{"taxonomy":"product_cat","embeddable":true,"href":"https:\/\/www.autonvaraosahaku.fi\/index.php?rest_route=%2Fwp%2Fv2%2Fproduct_cat&post=50861"},{"taxonomy":"product_tag","embeddable":true,"href":"https:\/\/www.autonvaraosahaku.fi\/index.php?rest_route=%2Fwp%2Fv2%2Fproduct_tag&post=50861"}],"curies":[{"name":"wp","href":"https:\/\/api.w.org\/{rel}","templated":true}]}}