{"id":50910,"date":"2021-02-21T17:34:07","date_gmt":"2021-02-21T17:34:07","guid":{"rendered":"https:\/\/www.autonvaraosahaku.fi\/?product=ridex-689c0047-sytytyspuola"},"modified":"2021-02-21T17:34:09","modified_gmt":"2021-02-21T17:34:09","slug":"ridex-689c0047-sytytyspuola","status":"publish","type":"product","link":"https:\/\/www.autonvaraosahaku.fi\/?product=ridex-689c0047-sytytyspuola","title":{"rendered":"RIDEX 689C0047 Sytytyspuola"},"content":{"rendered":"<p>Asennusmalli: Poltti\/ruuvi; Kiinnitysreikien lukum\u00e4\u00e4r\u00e4: 1; Napojen m\u00e4\u00e4r\u00e4: 2; Sytytyspuola: COP-sytytyspuola (syt.tulpan p\u00e4\u00e4ll\u00e4); K\u00e4ytt\u00f6: S\u00e4hk\u00f6inen; Paino [g]: 300; Tarvittava kappalem\u00e4\u00e4r\u00e4: 8; JEEP: GRAND CHEROKEE III WH, WK,GRAND CHEROKEE II WJ, WG,CHEROKEE KJ,COMMANDER XK,CHEROKEE KK; DODGE: NITRO,DURANGO HB; 56028138, 56028138AB, 56028138AD, 56028138AE, 56028138AF<\/p>\n","protected":false},"excerpt":{"rendered":"<p>RIDEX Sytytyspuola 689C0047  JEEP,DODGE,GRAND CHEROKEE III WH, WK,GRAND CHEROKEE II WJ, WG,CHEROKEE KJ,COMMANDER XK,CHEROKEE KK,NITRO,DURANGO HB<\/p>\n","protected":false},"featured_media":0,"template":"","meta":{"site-sidebar-layout":"default","site-content-layout":"default","ast-global-header-display":"","ast-main-header-display":"","ast-hfb-above-header-display":"","ast-hfb-below-header-display":"","ast-hfb-mobile-header-display":"","site-post-title":"","ast-breadcrumbs-content":"","ast-featured-img":"","footer-sml-layout":"","theme-transparent-header-meta":"","adv-header-id-meta":"","stick-header-meta":"","header-above-stick-meta":"","header-main-stick-meta":"","header-below-stick-meta":""},"pwb-brand":[157],"product_cat":[25],"product_tag":[],"class_list":{"0":"post-50910","1":"product","2":"type-product","3":"status-publish","5":"pwb-brand-ridex","6":"product_cat-sytytyspuola","7":"desktop-align-left","8":"tablet-align-left","9":"mobile-align-left","11":"first","12":"instock","13":"product-type-external"},"brands":[{"id":157,"name":"RIDEX","slug":"ridex"}],"_links":{"self":[{"href":"https:\/\/www.autonvaraosahaku.fi\/index.php?rest_route=\/wp\/v2\/product\/50910","targetHints":{"allow":["GET"]}}],"collection":[{"href":"https:\/\/www.autonvaraosahaku.fi\/index.php?rest_route=\/wp\/v2\/product"}],"about":[{"href":"https:\/\/www.autonvaraosahaku.fi\/index.php?rest_route=\/wp\/v2\/types\/product"}],"wp:attachment":[{"href":"https:\/\/www.autonvaraosahaku.fi\/index.php?rest_route=%2Fwp%2Fv2%2Fmedia&parent=50910"}],"wp:term":[{"taxonomy":"pwb-brand","embeddable":true,"href":"https:\/\/www.autonvaraosahaku.fi\/index.php?rest_route=%2Fwp%2Fv2%2Fpwb-brand&post=50910"},{"taxonomy":"product_cat","embeddable":true,"href":"https:\/\/www.autonvaraosahaku.fi\/index.php?rest_route=%2Fwp%2Fv2%2Fproduct_cat&post=50910"},{"taxonomy":"product_tag","embeddable":true,"href":"https:\/\/www.autonvaraosahaku.fi\/index.php?rest_route=%2Fwp%2Fv2%2Fproduct_tag&post=50910"}],"curies":[{"name":"wp","href":"https:\/\/api.w.org\/{rel}","templated":true}]}}