{"id":50997,"date":"2021-02-21T17:34:31","date_gmt":"2021-02-21T17:34:31","guid":{"rendered":"https:\/\/www.autonvaraosahaku.fi\/?product=febi-bilstein-03375-pyoranpultit"},"modified":"2021-02-21T17:34:34","modified_gmt":"2021-02-21T17:34:34","slug":"febi-bilstein-03375-pyoranpultit","status":"publish","type":"product","link":"https:\/\/www.autonvaraosahaku.fi\/?product=febi-bilstein-03375-pyoranpultit","title":{"rendered":"FEBI BILSTEIN 03375 Py\u00f6r\u00e4npultit"},"content":{"rendered":"<p>Paksuus [mm]: 30,0; Ulkol\u00e4pimitta [mm]: 25,0; Sis\u00e4kierre (mm): M12 x 1,5; Laatu \/ luokka: 8; Avainv\u00e4li: 19; Ruuvikanta\/mutteriprofiili: Kuusioruuvi \/-mutteri; Py\u00f6r\u00e4n kiinnitys: Kartiolaippa F; Materiaali: Ter\u00e4s; Pinta: Sinkitetty; Asennuspuoli: Etuakseli, Taka-akseli; Paino [kg]: 0,04; Huomioi huolto-ohjeet: , ; Vanteet: f\u00fcr Leichtmetallfelgen; BMW: 02 E10,5 E12,02 Touring E6,02 Cabriolet E10; CHEVROLET: CAPTIVA C100, C140,MATIZ M200, M250,SPARK M300,NUBIRA Kombi,KALOS,AVEO Schr\u00e4gheck T250, T255,AVEO Schr\u00e4gheck T300,EPICA KL1_,LACETTI J200,AVEO Stufenheck T250, T255,REZZO,KALOS Stufenheck,AVEO Stufenheck T300,CAPTIVA SPORT,EVANDA,NUBIRA Stufenheck,SPARK M200 M250,AVEO Stufenheck T200,EPICA Stufenheck US,SPARK M150,LACETTI Kombi J200,AVEO Schr\u00e4gheck T200,LACETTI Stufenheck; DAEWOO: KALOS KLAS,REZZO KLAU,EVANDA KLAL,LACETTI Schr\u00e4gheck KLAN,NUBIRA Stufenheck KLAN,KALOS Stufenheck KLAS,NUBIRA Wagon KLAN,NUBIRA Wagon KLAJ,LEGANZA KLAV,NUBIRA Stufenheck KLAJ,NUBIRA KLAJ,LACETTI Stufenheck J200,NUBIRA J150,NUBIRA Kombi J150,NUBIRA Stufenheck J150; OPEL: ANTARA; VAUXHALL: ANTARA J26, H26; 36131113132, 94837389, 94837389, 04803304, 4803304, 094837389, 94837389; Py\u00f6r\u00e4n Mutteri<\/p>\n","protected":false},"excerpt":{"rendered":"<p>FEBI BILSTEIN Py\u00f6r\u00e4nmutterit 03375 Py\u00f6r\u00e4n Mutteri BMW,CHEVROLET,DAEWOO,02 E10,5 E12,02 Touring E6,02 Cabriolet E10,CAPTIVA C100, C140,MATIZ M200, M250<\/p>\n","protected":false},"featured_media":0,"template":"","meta":{"site-sidebar-layout":"default","site-content-layout":"default","ast-global-header-display":"","ast-main-header-display":"","ast-hfb-above-header-display":"","ast-hfb-below-header-display":"","ast-hfb-mobile-header-display":"","site-post-title":"","ast-breadcrumbs-content":"","ast-featured-img":"","footer-sml-layout":"","theme-transparent-header-meta":"","adv-header-id-meta":"","stick-header-meta":"","header-above-stick-meta":"","header-main-stick-meta":"","header-below-stick-meta":""},"pwb-brand":[50],"product_cat":[51],"product_tag":[],"class_list":{"0":"post-50997","1":"product","2":"type-product","3":"status-publish","5":"pwb-brand-febi-bilstein","6":"product_cat-pyoranpultit","7":"desktop-align-left","8":"tablet-align-left","9":"mobile-align-left","11":"first","12":"instock","13":"product-type-external"},"brands":[{"id":50,"name":"FEBI BILSTEIN","slug":"febi-bilstein"}],"_links":{"self":[{"href":"https:\/\/www.autonvaraosahaku.fi\/index.php?rest_route=\/wp\/v2\/product\/50997","targetHints":{"allow":["GET"]}}],"collection":[{"href":"https:\/\/www.autonvaraosahaku.fi\/index.php?rest_route=\/wp\/v2\/product"}],"about":[{"href":"https:\/\/www.autonvaraosahaku.fi\/index.php?rest_route=\/wp\/v2\/types\/product"}],"wp:attachment":[{"href":"https:\/\/www.autonvaraosahaku.fi\/index.php?rest_route=%2Fwp%2Fv2%2Fmedia&parent=50997"}],"wp:term":[{"taxonomy":"pwb-brand","embeddable":true,"href":"https:\/\/www.autonvaraosahaku.fi\/index.php?rest_route=%2Fwp%2Fv2%2Fpwb-brand&post=50997"},{"taxonomy":"product_cat","embeddable":true,"href":"https:\/\/www.autonvaraosahaku.fi\/index.php?rest_route=%2Fwp%2Fv2%2Fproduct_cat&post=50997"},{"taxonomy":"product_tag","embeddable":true,"href":"https:\/\/www.autonvaraosahaku.fi\/index.php?rest_route=%2Fwp%2Fv2%2Fproduct_tag&post=50997"}],"curies":[{"name":"wp","href":"https:\/\/api.w.org\/{rel}","templated":true}]}}