{"id":51034,"date":"2021-02-21T17:34:42","date_gmt":"2021-02-21T17:34:42","guid":{"rendered":"https:\/\/www.autonvaraosahaku.fi\/?product=magneti-marelli-062587001304-hehkutulppa"},"modified":"2021-02-21T17:34:45","modified_gmt":"2021-02-21T17:34:45","slug":"magneti-marelli-062587001304-hehkutulppa","status":"publish","type":"product","link":"https:\/\/www.autonvaraosahaku.fi\/?product=magneti-marelli-062587001304-hehkutulppa","title":{"rendered":"MAGNETI MARELLI 062587001304 Hehkutulppa"},"content":{"rendered":"<p>Virta (A): 10; Kiristysmomentti > [Nm]: 15; Kiristysmomentti: 3; Liittimet: M5; Kiristysmomentti enint\u00e4\u00e4n [Nm]: 22; Hehkutulppatyyppi: Metallihehkutulppa; Asennuskulma: 63; J\u00e4nnite (V): 11; Pituus 1 (mm): 29; Pituus 2 (mm): 25; Kokonaispituus (mm): 69,4; Kierremitta: M12X1,25; Avainv\u00e4li: 12; L\u00e4mmitysaika [min]: 7; TECDOC-moottorinumero: 3283; NISSAN: CABSTAR Pick-up; JEEP: CHEROKEE XJ; VOLVO: 340-360 343, 345,340-360 Stufenheck 344; RENAULT: CLIO I B\/C57_, 5\/357_,19 II B\/C53_,RAPID Kasten F40_, G40_,19 I B\/C53_,9 L42_,19 II Chamade L53_,11 B\/C37_,19 I Chamade L53_,11 Kasten S37_,19 II Kasten S53_,19 I Kasten S53_; 59621Y, 5962T1, 910X6M090AA, EZD27, 5962J2, 5962OY, 5962T1, 7700734956, 7700855865, 7700856238, 7701349943<\/p>\n","protected":false},"excerpt":{"rendered":"<p>MAGNETI MARELLI Hehkutulppa 062587001304  NISSAN,JEEP,VOLVO,CABSTAR Pick-up,CHEROKEE XJ,340-360 343, 345,340-360 Stufenheck 344,CLIO I B\/C57_, 5\/357_<\/p>\n","protected":false},"featured_media":0,"template":"","meta":{"site-sidebar-layout":"default","site-content-layout":"default","ast-global-header-display":"","ast-main-header-display":"","ast-hfb-above-header-display":"","ast-hfb-below-header-display":"","ast-hfb-mobile-header-display":"","site-post-title":"","ast-breadcrumbs-content":"","ast-featured-img":"","footer-sml-layout":"","theme-transparent-header-meta":"","adv-header-id-meta":"","stick-header-meta":"","header-above-stick-meta":"","header-main-stick-meta":"","header-below-stick-meta":""},"pwb-brand":[34],"product_cat":[52],"product_tag":[],"class_list":{"0":"post-51034","1":"product","2":"type-product","3":"status-publish","5":"pwb-brand-magneti-marelli","6":"product_cat-hehkutulppa","7":"desktop-align-left","8":"tablet-align-left","9":"mobile-align-left","11":"first","12":"instock","13":"product-type-external"},"brands":[{"id":34,"name":"MAGNETI MARELLI","slug":"magneti-marelli"}],"_links":{"self":[{"href":"https:\/\/www.autonvaraosahaku.fi\/index.php?rest_route=\/wp\/v2\/product\/51034","targetHints":{"allow":["GET"]}}],"collection":[{"href":"https:\/\/www.autonvaraosahaku.fi\/index.php?rest_route=\/wp\/v2\/product"}],"about":[{"href":"https:\/\/www.autonvaraosahaku.fi\/index.php?rest_route=\/wp\/v2\/types\/product"}],"wp:attachment":[{"href":"https:\/\/www.autonvaraosahaku.fi\/index.php?rest_route=%2Fwp%2Fv2%2Fmedia&parent=51034"}],"wp:term":[{"taxonomy":"pwb-brand","embeddable":true,"href":"https:\/\/www.autonvaraosahaku.fi\/index.php?rest_route=%2Fwp%2Fv2%2Fpwb-brand&post=51034"},{"taxonomy":"product_cat","embeddable":true,"href":"https:\/\/www.autonvaraosahaku.fi\/index.php?rest_route=%2Fwp%2Fv2%2Fproduct_cat&post=51034"},{"taxonomy":"product_tag","embeddable":true,"href":"https:\/\/www.autonvaraosahaku.fi\/index.php?rest_route=%2Fwp%2Fv2%2Fproduct_tag&post=51034"}],"curies":[{"name":"wp","href":"https:\/\/api.w.org\/{rel}","templated":true}]}}