{"id":51046,"date":"2021-02-21T17:34:48","date_gmt":"2021-02-21T17:34:48","guid":{"rendered":"https:\/\/www.autonvaraosahaku.fi\/?product=optimal-922557-pyoranlaakerit"},"modified":"2021-02-21T17:34:49","modified_gmt":"2021-02-21T17:34:49","slug":"optimal-922557-pyoranlaakerit","status":"publish","type":"product","link":"https:\/\/www.autonvaraosahaku.fi\/?product=optimal-922557-pyoranlaakerit","title":{"rendered":"OPTIMAL 922557 Py\u00f6r\u00e4nlaakerit"},"content":{"rendered":"<p>Asennuspuoli: Taka-akseli, Oikea, Vasen; Leveys (mm): 20,599; Sis\u00e4l\u00e4pimitta [mm]: 34,988; Ulkol\u00e4pimitta [mm]: 64,976; Leveys 1 (mm): 17,78; Leveys 2 (mm): 16,1; Valmistusvuoteen: 12\/1989; JEEP: GRAND CHEROKEE II WJ, WG,CHEROKEE KJ,CHEROKEE XJ,CHEROKEE,COMANCHE MJ; KIA: SPORTAGE K00; ROVER: 2000-3500 P6,2000-3500 Hatchback SD1; TRIUMPH: TR 7 Coupe,TR 7; 05012825, 05012825AA, 5012825, 5012825AA, 05012825, 05012825AA, 5012825, 5012825AA, 0K01126151, 0K01126154, 0K01126155, 0K01126157, OK01126151, OK01126154, OK01126155, OK01126157, 8710865; Py\u00f6r\u00e4nlaakerisarja<\/p>\n","protected":false},"excerpt":{"rendered":"<p>OPTIMAL Py\u00f6r\u00e4nlaakerit 922557 Py\u00f6r\u00e4nlaakerisarja JEEP,KIA,ROVER,GRAND CHEROKEE II WJ, WG,CHEROKEE KJ,CHEROKEE XJ,CHEROKEE,COMANCHE MJ,SPORTAGE K00<\/p>\n","protected":false},"featured_media":0,"template":"","meta":{"site-sidebar-layout":"default","site-content-layout":"default","ast-global-header-display":"","ast-main-header-display":"","ast-hfb-above-header-display":"","ast-hfb-below-header-display":"","ast-hfb-mobile-header-display":"","site-post-title":"","ast-breadcrumbs-content":"","ast-featured-img":"","footer-sml-layout":"","theme-transparent-header-meta":"","adv-header-id-meta":"","stick-header-meta":"","header-above-stick-meta":"","header-main-stick-meta":"","header-below-stick-meta":""},"pwb-brand":[307],"product_cat":[83],"product_tag":[],"class_list":{"0":"post-51046","1":"product","2":"type-product","3":"status-publish","5":"pwb-brand-optimal","6":"product_cat-pyoranlaakerit","7":"desktop-align-left","8":"tablet-align-left","9":"mobile-align-left","11":"first","12":"instock","13":"product-type-external"},"brands":[{"id":307,"name":"OPTIMAL","slug":"optimal"}],"_links":{"self":[{"href":"https:\/\/www.autonvaraosahaku.fi\/index.php?rest_route=\/wp\/v2\/product\/51046","targetHints":{"allow":["GET"]}}],"collection":[{"href":"https:\/\/www.autonvaraosahaku.fi\/index.php?rest_route=\/wp\/v2\/product"}],"about":[{"href":"https:\/\/www.autonvaraosahaku.fi\/index.php?rest_route=\/wp\/v2\/types\/product"}],"wp:attachment":[{"href":"https:\/\/www.autonvaraosahaku.fi\/index.php?rest_route=%2Fwp%2Fv2%2Fmedia&parent=51046"}],"wp:term":[{"taxonomy":"pwb-brand","embeddable":true,"href":"https:\/\/www.autonvaraosahaku.fi\/index.php?rest_route=%2Fwp%2Fv2%2Fpwb-brand&post=51046"},{"taxonomy":"product_cat","embeddable":true,"href":"https:\/\/www.autonvaraosahaku.fi\/index.php?rest_route=%2Fwp%2Fv2%2Fproduct_cat&post=51046"},{"taxonomy":"product_tag","embeddable":true,"href":"https:\/\/www.autonvaraosahaku.fi\/index.php?rest_route=%2Fwp%2Fv2%2Fproduct_tag&post=51046"}],"curies":[{"name":"wp","href":"https:\/\/api.w.org\/{rel}","templated":true}]}}