{"id":51048,"date":"2021-02-21T17:34:48","date_gmt":"2021-02-21T17:34:48","guid":{"rendered":"https:\/\/www.autonvaraosahaku.fi\/?product=febi-bilstein-26372-nokka-akselin-tiiviste"},"modified":"2021-02-21T17:34:49","modified_gmt":"2021-02-21T17:34:49","slug":"febi-bilstein-26372-nokka-akselin-tiiviste","status":"publish","type":"product","link":"https:\/\/www.autonvaraosahaku.fi\/?product=febi-bilstein-26372-nokka-akselin-tiiviste","title":{"rendered":"FEBI BILSTEIN 26372 Nokka akselin tiiviste"},"content":{"rendered":"<p>Paksuus [mm]: 7,0; Sis\u00e4l\u00e4pimitta [mm]: 38,0; Ulkol\u00e4pimitta [mm]: 52,0; Asennuspuoli: Etup\u00e4\u00e4; Paino [kg]: 0,010, 0,010; Huomioi tekniset tiedot: ; MAZDA: 2 DY,2 DE; VOLVO: V50 MW,C30,S40 II MS,S40 I VS; FORD: FIESTA V JH_, JD_,FOCUS II Kombi DA_,FIESTA VI,FOCUS Kombi DNW,FOCUS II DA_,FOCUS DAW, DBW,FOCUS C-MAX,FIESTA IV JA_, JB_,FUSION JU_,FIESTA Stufenheck JA8 JR8,FOCUS Stufenheck DFW,FOCUS II Stufenheck DA_,B-MAX JK,FOCUS II Cabriolet,FIESTA Stufenheck JAS JBS,PUMA EC_,FIESTA VI Van; 1004301, 1004302, 1077686, 1471482, 6M5C6K292BA, 96MM6K292A2A, 96MM6K292A2B, C20110231, 30711647, 31216283; Akselitiiviste, Nokka-Akseli<\/p>\n","protected":false},"excerpt":{"rendered":"<p>FEBI BILSTEIN Nokka Akselin Tiiviste 26372 Akselitiiviste, Nokka-Akseli MAZDA,VOLVO,FORD,2 DY,2 DE,V50 MW,C30,S40 II MS,S40 I VS,FIESTA V JH_, JD_<\/p>\n","protected":false},"featured_media":0,"template":"","meta":{"site-sidebar-layout":"default","site-content-layout":"default","ast-global-header-display":"","ast-main-header-display":"","ast-hfb-above-header-display":"","ast-hfb-below-header-display":"","ast-hfb-mobile-header-display":"","site-post-title":"","ast-breadcrumbs-content":"","ast-featured-img":"","footer-sml-layout":"","theme-transparent-header-meta":"","adv-header-id-meta":"","stick-header-meta":"","header-above-stick-meta":"","header-main-stick-meta":"","header-below-stick-meta":""},"pwb-brand":[50],"product_cat":[122],"product_tag":[],"class_list":{"0":"post-51048","1":"product","2":"type-product","3":"status-publish","5":"pwb-brand-febi-bilstein","6":"product_cat-nokka-akselin-tiiviste","7":"desktop-align-left","8":"tablet-align-left","9":"mobile-align-left","11":"first","12":"instock","13":"product-type-external"},"brands":[{"id":50,"name":"FEBI BILSTEIN","slug":"febi-bilstein"}],"_links":{"self":[{"href":"https:\/\/www.autonvaraosahaku.fi\/index.php?rest_route=\/wp\/v2\/product\/51048","targetHints":{"allow":["GET"]}}],"collection":[{"href":"https:\/\/www.autonvaraosahaku.fi\/index.php?rest_route=\/wp\/v2\/product"}],"about":[{"href":"https:\/\/www.autonvaraosahaku.fi\/index.php?rest_route=\/wp\/v2\/types\/product"}],"wp:attachment":[{"href":"https:\/\/www.autonvaraosahaku.fi\/index.php?rest_route=%2Fwp%2Fv2%2Fmedia&parent=51048"}],"wp:term":[{"taxonomy":"pwb-brand","embeddable":true,"href":"https:\/\/www.autonvaraosahaku.fi\/index.php?rest_route=%2Fwp%2Fv2%2Fpwb-brand&post=51048"},{"taxonomy":"product_cat","embeddable":true,"href":"https:\/\/www.autonvaraosahaku.fi\/index.php?rest_route=%2Fwp%2Fv2%2Fproduct_cat&post=51048"},{"taxonomy":"product_tag","embeddable":true,"href":"https:\/\/www.autonvaraosahaku.fi\/index.php?rest_route=%2Fwp%2Fv2%2Fproduct_tag&post=51048"}],"curies":[{"name":"wp","href":"https:\/\/api.w.org\/{rel}","templated":true}]}}