{"id":51055,"date":"2021-02-21T17:34:48","date_gmt":"2021-02-21T17:34:48","guid":{"rendered":"https:\/\/www.autonvaraosahaku.fi\/?product=facet-10-4021-lampotila-anturi"},"modified":"2021-02-21T17:34:51","modified_gmt":"2021-02-21T17:34:51","slug":"facet-10-4021-lampotila-anturi","status":"publish","type":"product","link":"https:\/\/www.autonvaraosahaku.fi\/?product=facet-10-4021-lampotila-anturi","title":{"rendered":"FACET 10.4021 L\u00e4mp\u00f6tila-anturi"},"content":{"rendered":"<p>Lis\u00e4tieto: Made in Italy &#8211; OE Equivalent; Moottorinumero: RHF (DW10BTED4); MAZDA: 3 BK,2 DE,3 Stufenheck BK,3 Stufenheck BL; LAND ROVER: FREELANDER 2 FA_,DEFENDER Station Wagon LD,DEFENDER Pick-up LD_,DEFENDER Cabrio LD,DEFENDER Pritsche\/Fahrgestell LD; VOLVO: V50 MW,V70 III BW,C30,S40 II MS,C70 II Cabriolet,S80 II AS; SUZUKI: SX4 EY, GY; MINI: MINI R56,MINI CLUBMAN R55; JAGUAR: XF _J05_, CC9,XF SPORTBRAKE CC9; LANCIA: PHEDRA 179; FORD: FIESTA V JH_, JD_,FOCUS II Kombi DA_,FIESTA VI,MONDEO IV Turnier BA7,FOCUS II DA_,S-MAX WA6,FOCUS C-MAX,GALAXY WA6,FUSION JU_,C-MAX DM2,TRANSIT MK-7 Kasten,RANGER TKE,MONDEO IV BA7,TRANSIT MK-7 Bus,FOCUS II Stufenheck DA_,B-MAX JK,FOCUS II Cabriolet,TRANSIT MK-7 Pritsche\/Fahrgestell,TRANSIT CUSTOM Kasten,TOURNEO CUSTOM Bus,MONDEO IV Stufenheck BA7,TRANSIT TOURNEO FB,TRANSIT CUSTOM Bus,FIESTA V Van,FIESTA VI Van,TRANSIT Custom  Bus,TRANSIT Custom Pritsche\/Fahrgestell,TOURNEO COURIER Kombi,B-MAX Van,TRANSIT COURIER Kasten,TRANSIT COURIER Kombi; TOYOTA: AYGO WNB1_, KGB1_; FIAT: SCUDO 270_,ULYSSE 179AX,SCUDO Kasten 270_,SCUDO Pritsche\/Fahrgestell 270_; 1920GF, 1920JL, 1920PJ, 96554327, 9674943280, 9655432780, 9664612580, 1251249, 1331461, 1333818, 1348613, 1359930, 1423736, 1530145, 1719362, 2006019, 2S6Q12A697AC, 3M5A12A697AB, 3M5A12A697AC, 3M5A12A697AD, 9C1112A697, 9C1112A697AB, 9C1112A697AC, 1719362, 2006019, 9C1112A697AB, 9C1112A697AC, C2Z14371, 9664612580, LR003575, LR008852, LR032216, Y40418845, Y40418845A, Y60318845A, Y60318845B, Y60318845C, 13627794982, 1525A018, 1525A023, 1920GF, 1920JL, 1920PJ, 9674943280, 1365069K01, 1365069K01000, SU00100647, SU00100792, SU00100839, 30777255, 31216702<\/p>\n","protected":false},"excerpt":{"rendered":"<p>FACET Tunnistin Imuilman L\u00e4mp\u00f6tila 10.4021  MAZDA,LAND ROVER,VOLVO,3 BK,2 DE,3 Stufenheck BK,3 Stufenheck BL,FREELANDER 2 FA_<\/p>\n","protected":false},"featured_media":0,"template":"","meta":{"site-sidebar-layout":"default","site-content-layout":"default","ast-global-header-display":"","ast-main-header-display":"","ast-hfb-above-header-display":"","ast-hfb-below-header-display":"","ast-hfb-mobile-header-display":"","site-post-title":"","ast-breadcrumbs-content":"","ast-featured-img":"","footer-sml-layout":"","theme-transparent-header-meta":"","adv-header-id-meta":"","stick-header-meta":"","header-above-stick-meta":"","header-main-stick-meta":"","header-below-stick-meta":""},"pwb-brand":[263],"product_cat":[47],"product_tag":[],"class_list":{"0":"post-51055","1":"product","2":"type-product","3":"status-publish","5":"pwb-brand-facet","6":"product_cat-lampotila-anturi","7":"desktop-align-left","8":"tablet-align-left","9":"mobile-align-left","11":"first","12":"instock","13":"product-type-external"},"brands":[{"id":263,"name":"FACET","slug":"facet"}],"_links":{"self":[{"href":"https:\/\/www.autonvaraosahaku.fi\/index.php?rest_route=\/wp\/v2\/product\/51055","targetHints":{"allow":["GET"]}}],"collection":[{"href":"https:\/\/www.autonvaraosahaku.fi\/index.php?rest_route=\/wp\/v2\/product"}],"about":[{"href":"https:\/\/www.autonvaraosahaku.fi\/index.php?rest_route=\/wp\/v2\/types\/product"}],"wp:attachment":[{"href":"https:\/\/www.autonvaraosahaku.fi\/index.php?rest_route=%2Fwp%2Fv2%2Fmedia&parent=51055"}],"wp:term":[{"taxonomy":"pwb-brand","embeddable":true,"href":"https:\/\/www.autonvaraosahaku.fi\/index.php?rest_route=%2Fwp%2Fv2%2Fpwb-brand&post=51055"},{"taxonomy":"product_cat","embeddable":true,"href":"https:\/\/www.autonvaraosahaku.fi\/index.php?rest_route=%2Fwp%2Fv2%2Fproduct_cat&post=51055"},{"taxonomy":"product_tag","embeddable":true,"href":"https:\/\/www.autonvaraosahaku.fi\/index.php?rest_route=%2Fwp%2Fv2%2Fproduct_tag&post=51055"}],"curies":[{"name":"wp","href":"https:\/\/api.w.org\/{rel}","templated":true}]}}