{"id":51077,"date":"2021-02-21T17:34:53","date_gmt":"2021-02-21T17:34:53","guid":{"rendered":"https:\/\/www.autonvaraosahaku.fi\/?product=vaico-v25-80018-jarrulevyt"},"modified":"2021-02-21T17:34:57","modified_gmt":"2021-02-21T17:34:57","slug":"vaico-v25-80018-jarrulevyt","status":"publish","type":"product","link":"https:\/\/www.autonvaraosahaku.fi\/?product=vaico-v25-80018-jarrulevyt","title":{"rendered":"VAICO V25-80018 Jarrulevyt"},"content":{"rendered":"<p>Asennuspuoli: Etuakseli; Jarrulevyn navan korkeus [mm]: 23,4; Vanne, aukkoja: 5; Korkeus (mm): 48,5; Jarrulevytyyppi: Tuuletettu; Jarrulevyn paksuus (mm): 25; V\u00e4himm\u00e4ispaksuus (mm): 23; Ulkol\u00e4pimitta [mm]: 300; keskitt\u00e4misl\u00e4pimitta [mm]: 63,5; Reik\u00e4ympyr\u00e4-\u00d8 [mm]: 108; Pakkausleveys [cm]: 32, 32; Pakkauskorkeus [mm]: 10, 10; Pakkaussyvyys [cm]: 32, 32; Paino [kg]: 8,82; lis\u00e4tieto: CST99; vannekoolle [tuumaa]: 16; VOLVO: V50 MW,C30,S40 II MS,C70 II Cabriolet,V40 Schr\u00e4gheck; FORD: FOCUS II Kombi DA_,FOCUS II DA_,FOCUS III Turnier,FOCUS C-MAX,KUGA I,C-MAX DM2,FOCUS III,C-MAX II,GRAND C-MAX,FOCUS II Stufenheck DA_,FOCUS II Cabriolet,FOCUS III Stufenheck,TOURNEO CONNECT \/ GRAND TOURNEO CONNECT Kombi,TRANSIT CONNECT Kasten,GRAND C-MAX Van,C-MAX II Van,TRANSIT CONNECT Kombi,FOCUS III Kasten\/Schr\u00e4gheck; 1223664, 1223666, 1253964, 1253965, 1323560, 1373370, 1469083, 1500152, 1501059, 1520297, 1797226, 1825134, 1829606, 3M512C375B1D, 3M512C375BA, 3M512C375BB, 3M512C375BC, 3M512C375BD, 3M512C375EA, 3M512C375EB, 7M511125BA, 7M511125BB, 7M51125BB, DV611125CA, DV611125DA, DV611125EA, 274510, 2745102, 31262719, 31362412, 31400941, 31471819; Jarrulevy<\/p>\n","protected":false},"excerpt":{"rendered":"<p>VAICO Jarrulevyt V25-80018 Jarrulevy VOLVO,FORD,V50 MW,C30,S40 II MS,C70 II Cabriolet,V40 Schr\u00e4gheck,FOCUS II Kombi DA_,FOCUS II DA_,FOCUS III Turnier<\/p>\n","protected":false},"featured_media":0,"template":"","meta":{"site-sidebar-layout":"default","site-content-layout":"default","ast-global-header-display":"","ast-main-header-display":"","ast-hfb-above-header-display":"","ast-hfb-below-header-display":"","ast-hfb-mobile-header-display":"","site-post-title":"","ast-breadcrumbs-content":"","ast-featured-img":"","footer-sml-layout":"","theme-transparent-header-meta":"","adv-header-id-meta":"","stick-header-meta":"","header-above-stick-meta":"","header-main-stick-meta":"","header-below-stick-meta":""},"pwb-brand":[330],"product_cat":[66],"product_tag":[],"class_list":{"0":"post-51077","1":"product","2":"type-product","3":"status-publish","5":"pwb-brand-vaico","6":"product_cat-jarrulevyt","7":"desktop-align-left","8":"tablet-align-left","9":"mobile-align-left","11":"first","12":"instock","13":"product-type-external"},"brands":[{"id":330,"name":"VAICO","slug":"vaico"}],"_links":{"self":[{"href":"https:\/\/www.autonvaraosahaku.fi\/index.php?rest_route=\/wp\/v2\/product\/51077","targetHints":{"allow":["GET"]}}],"collection":[{"href":"https:\/\/www.autonvaraosahaku.fi\/index.php?rest_route=\/wp\/v2\/product"}],"about":[{"href":"https:\/\/www.autonvaraosahaku.fi\/index.php?rest_route=\/wp\/v2\/types\/product"}],"wp:attachment":[{"href":"https:\/\/www.autonvaraosahaku.fi\/index.php?rest_route=%2Fwp%2Fv2%2Fmedia&parent=51077"}],"wp:term":[{"taxonomy":"pwb-brand","embeddable":true,"href":"https:\/\/www.autonvaraosahaku.fi\/index.php?rest_route=%2Fwp%2Fv2%2Fpwb-brand&post=51077"},{"taxonomy":"product_cat","embeddable":true,"href":"https:\/\/www.autonvaraosahaku.fi\/index.php?rest_route=%2Fwp%2Fv2%2Fproduct_cat&post=51077"},{"taxonomy":"product_tag","embeddable":true,"href":"https:\/\/www.autonvaraosahaku.fi\/index.php?rest_route=%2Fwp%2Fv2%2Fproduct_tag&post=51077"}],"curies":[{"name":"wp","href":"https:\/\/api.w.org\/{rel}","templated":true}]}}