{"id":51078,"date":"2021-02-21T17:34:53","date_gmt":"2021-02-21T17:34:53","guid":{"rendered":"https:\/\/www.autonvaraosahaku.fi\/?product=trw-jgm6512t-iskunvaimennin"},"modified":"2021-02-21T17:34:57","modified_gmt":"2021-02-21T17:34:57","slug":"trw-jgm6512t-iskunvaimennin","status":"publish","type":"product","link":"https:\/\/www.autonvaraosahaku.fi\/?product=trw-jgm6512t-iskunvaimennin","title":{"rendered":"TRW JGM6512T Iskunvaimennin"},"content":{"rendered":"<p>Lukum\u00e4\u00e4r\u00e4 akselille: 1; Asennuspuoli: Etuakseli; Iskunvaimennin tyyppi: Kaasupaine; Iskunvaimennin malli: Joustintuki; Iskunvaimennusj\u00e4rjestelm\u00e4: Kaksiputki; Iskunvaimennin asennustapa: Silta alhaalla, Tappi ylh\u00e4\u00e4ll\u00e4; Pituus 1 (mm): 358; Pituus 2 (mm): 170,5; Lis\u00e4tarvike\/lis\u00e4tieto: Ilman tarvikkeita; Paino [kg]: 7,4; L\u00e4pimitta [mm]: 50; Huomioi tekniset tiedot: ; Tuotelinja: TWIN; Alustarakenne: f\u00fcr Fahrzeuge mit Standard Fahrwerk; OPEL: CORSA D,CORSA D Van; VAUXHALL: CORSA Mk III D L_8,CORSAVAN Mk III D; 344659, 344660, 93188953, 93188954, 344659, 344660, 93188953, 93188954; Iskarit,Iskunvaimennin<\/p>\n","protected":false},"excerpt":{"rendered":"<p>TRW Iskunvaimentimet JGM6512T Iskarit,Iskunvaimennin OPEL,VAUXHALL,CORSA D,CORSA D Van,CORSA Mk III D L_8,CORSAVAN Mk III D<\/p>\n","protected":false},"featured_media":0,"template":"","meta":{"site-sidebar-layout":"default","site-content-layout":"default","ast-global-header-display":"","ast-main-header-display":"","ast-hfb-above-header-display":"","ast-hfb-below-header-display":"","ast-hfb-mobile-header-display":"","site-post-title":"","ast-breadcrumbs-content":"","ast-featured-img":"","footer-sml-layout":"","theme-transparent-header-meta":"","adv-header-id-meta":"","stick-header-meta":"","header-above-stick-meta":"","header-main-stick-meta":"","header-below-stick-meta":""},"pwb-brand":[332],"product_cat":[80],"product_tag":[],"class_list":{"0":"post-51078","1":"product","2":"type-product","3":"status-publish","5":"pwb-brand-trw","6":"product_cat-iskunvaimennin","7":"desktop-align-left","8":"tablet-align-left","9":"mobile-align-left","11":"first","12":"instock","13":"product-type-external"},"brands":[{"id":332,"name":"TRW","slug":"trw"}],"_links":{"self":[{"href":"https:\/\/www.autonvaraosahaku.fi\/index.php?rest_route=\/wp\/v2\/product\/51078","targetHints":{"allow":["GET"]}}],"collection":[{"href":"https:\/\/www.autonvaraosahaku.fi\/index.php?rest_route=\/wp\/v2\/product"}],"about":[{"href":"https:\/\/www.autonvaraosahaku.fi\/index.php?rest_route=\/wp\/v2\/types\/product"}],"wp:attachment":[{"href":"https:\/\/www.autonvaraosahaku.fi\/index.php?rest_route=%2Fwp%2Fv2%2Fmedia&parent=51078"}],"wp:term":[{"taxonomy":"pwb-brand","embeddable":true,"href":"https:\/\/www.autonvaraosahaku.fi\/index.php?rest_route=%2Fwp%2Fv2%2Fpwb-brand&post=51078"},{"taxonomy":"product_cat","embeddable":true,"href":"https:\/\/www.autonvaraosahaku.fi\/index.php?rest_route=%2Fwp%2Fv2%2Fproduct_cat&post=51078"},{"taxonomy":"product_tag","embeddable":true,"href":"https:\/\/www.autonvaraosahaku.fi\/index.php?rest_route=%2Fwp%2Fv2%2Fproduct_tag&post=51078"}],"curies":[{"name":"wp","href":"https:\/\/api.w.org\/{rel}","templated":true}]}}