{"id":51100,"date":"2021-02-21T17:34:59","date_gmt":"2021-02-21T17:34:59","guid":{"rendered":"https:\/\/www.autonvaraosahaku.fi\/?product=trw-df4457-jarrulevyt"},"modified":"2021-02-21T17:35:04","modified_gmt":"2021-02-21T17:35:04","slug":"trw-df4457-jarrulevyt","status":"publish","type":"product","link":"https:\/\/www.autonvaraosahaku.fi\/?product=trw-df4457-jarrulevyt","title":{"rendered":"TRW DF4457 Jarrulevyt"},"content":{"rendered":"<p>Jarrulevytyyppi: Tuuletettu; Ulkol\u00e4pimitta [mm]: 256; Jarrulevyn paksuus (mm): 24; Reik\u00e4ympyr\u00e4-\u00d8 [mm]: 114; Kierremitta: 12,6; V\u00e4himm\u00e4ispaksuus (mm): 21,5; Korkeus (mm): 45,6; keskitt\u00e4misl\u00e4pimitta [mm]: 69; Reikien m\u00e4\u00e4r\u00e4: 4; V\u00e4ri: Musta; Pinta: Lakattu; K\u00e4sittely: hiiliter\u00e4s; Tarkistuskilpi: E190R02 02C0185\/0096; Asennuspuoli: Vorderachse; SMART: FORFOUR 454; MITSUBISHI: COLT VI Z3_A, Z2_A,COLT CZC Cabriolet RG; 4605A068, M4605A068, 4544200001, 45442000101, A4544200001; Jarrulevy<\/p>\n","protected":false},"excerpt":{"rendered":"<p>TRW Jarrulevyt DF4457 Jarrulevy SMART,MITSUBISHI,FORFOUR 454,COLT VI Z3_A, Z2_A,COLT CZC Cabriolet RG<\/p>\n","protected":false},"featured_media":0,"template":"","meta":{"site-sidebar-layout":"default","site-content-layout":"default","ast-global-header-display":"","ast-main-header-display":"","ast-hfb-above-header-display":"","ast-hfb-below-header-display":"","ast-hfb-mobile-header-display":"","site-post-title":"","ast-breadcrumbs-content":"","ast-featured-img":"","footer-sml-layout":"","theme-transparent-header-meta":"","adv-header-id-meta":"","stick-header-meta":"","header-above-stick-meta":"","header-main-stick-meta":"","header-below-stick-meta":""},"pwb-brand":[332],"product_cat":[66],"product_tag":[],"class_list":{"0":"post-51100","1":"product","2":"type-product","3":"status-publish","5":"pwb-brand-trw","6":"product_cat-jarrulevyt","7":"desktop-align-left","8":"tablet-align-left","9":"mobile-align-left","11":"first","12":"instock","13":"product-type-external"},"brands":[{"id":332,"name":"TRW","slug":"trw"}],"_links":{"self":[{"href":"https:\/\/www.autonvaraosahaku.fi\/index.php?rest_route=\/wp\/v2\/product\/51100","targetHints":{"allow":["GET"]}}],"collection":[{"href":"https:\/\/www.autonvaraosahaku.fi\/index.php?rest_route=\/wp\/v2\/product"}],"about":[{"href":"https:\/\/www.autonvaraosahaku.fi\/index.php?rest_route=\/wp\/v2\/types\/product"}],"wp:attachment":[{"href":"https:\/\/www.autonvaraosahaku.fi\/index.php?rest_route=%2Fwp%2Fv2%2Fmedia&parent=51100"}],"wp:term":[{"taxonomy":"pwb-brand","embeddable":true,"href":"https:\/\/www.autonvaraosahaku.fi\/index.php?rest_route=%2Fwp%2Fv2%2Fpwb-brand&post=51100"},{"taxonomy":"product_cat","embeddable":true,"href":"https:\/\/www.autonvaraosahaku.fi\/index.php?rest_route=%2Fwp%2Fv2%2Fproduct_cat&post=51100"},{"taxonomy":"product_tag","embeddable":true,"href":"https:\/\/www.autonvaraosahaku.fi\/index.php?rest_route=%2Fwp%2Fv2%2Fproduct_tag&post=51100"}],"curies":[{"name":"wp","href":"https:\/\/api.w.org\/{rel}","templated":true}]}}