{"id":51105,"date":"2021-02-21T17:35:05","date_gmt":"2021-02-21T17:35:05","guid":{"rendered":"https:\/\/www.autonvaraosahaku.fi\/?product=trw-df1220-jarrulevyt"},"modified":"2021-02-21T17:35:06","modified_gmt":"2021-02-21T17:35:06","slug":"trw-df1220-jarrulevyt","status":"publish","type":"product","link":"https:\/\/www.autonvaraosahaku.fi\/?product=trw-df1220-jarrulevyt","title":{"rendered":"TRW DF1220 Jarrulevyt"},"content":{"rendered":"<p>Jarrulevytyyppi: Tuuletettu; Ulkol\u00e4pimitta [mm]: 266; Jarrulevyn paksuus (mm): 20,5; V\u00e4himm\u00e4ispaksuus (mm): 18,5; keskitt\u00e4misl\u00e4pimitta [mm]: 66; Korkeus (mm): 27,4; Reikien m\u00e4\u00e4r\u00e4: 4; Kierremitta: 13,6; Reik\u00e4ympyr\u00e4-\u00d8 [mm]: 108; V\u00e4ri: Musta; Pinta: Lakattu; Tarkistuskilpi: E1 90R 02C0185\/0603; Asennuspuoli: Vorderachse; CITRO\u00cbN: BERLINGO MF,XSARA PICASSO N68,BERLINGO Kasten M_,XSARA N1,XSARA Break N2,XANTIA X2,XSARA Coupe N0,XANTIA X1,ZX N2,BX XB-_,XANTIA Break X1,BX Break XB-_; PEUGEOT: 206 Schr\u00e4gheck 2A\/C,206 CC 2D,306 Schr\u00e4gheck 7A, 7C, N3, N5,306 Cabriolet 7D, N3, N5,PARTNER Combispace 5F,PARTNER Kasten 5,306 Break 7E, N3, N5,306 7B, N3, N5,405 I 15B,405 II 4B,306 Van N_, 7_,405 II Break 4E,405 I Break 15E,305 II 581M,305 II Break 581E,PARTNER Pritsche\/Fahrgestell; 169002, 424697, 4246R5, 4246W6, 4249F0, 95632048, 95667809, E169002, 424697, 4246B1, 4246R3, 4246W5, 4249F0, E169002; Jarrulevy<\/p>\n","protected":false},"excerpt":{"rendered":"<p>TRW Jarrulevyt DF1220 Jarrulevy CITRO\u00cbN,PEUGEOT,BERLINGO MF,XSARA PICASSO N68,BERLINGO Kasten M_,XSARA N1,XSARA Break N2,XANTIA X2,XSARA Coupe N0<\/p>\n","protected":false},"featured_media":0,"template":"","meta":{"site-sidebar-layout":"default","site-content-layout":"default","ast-global-header-display":"","ast-main-header-display":"","ast-hfb-above-header-display":"","ast-hfb-below-header-display":"","ast-hfb-mobile-header-display":"","site-post-title":"","ast-breadcrumbs-content":"","ast-featured-img":"","footer-sml-layout":"","theme-transparent-header-meta":"","adv-header-id-meta":"","stick-header-meta":"","header-above-stick-meta":"","header-main-stick-meta":"","header-below-stick-meta":""},"pwb-brand":[332],"product_cat":[66],"product_tag":[],"class_list":{"0":"post-51105","1":"product","2":"type-product","3":"status-publish","5":"pwb-brand-trw","6":"product_cat-jarrulevyt","7":"desktop-align-left","8":"tablet-align-left","9":"mobile-align-left","11":"first","12":"instock","13":"product-type-external"},"brands":[{"id":332,"name":"TRW","slug":"trw"}],"_links":{"self":[{"href":"https:\/\/www.autonvaraosahaku.fi\/index.php?rest_route=\/wp\/v2\/product\/51105","targetHints":{"allow":["GET"]}}],"collection":[{"href":"https:\/\/www.autonvaraosahaku.fi\/index.php?rest_route=\/wp\/v2\/product"}],"about":[{"href":"https:\/\/www.autonvaraosahaku.fi\/index.php?rest_route=\/wp\/v2\/types\/product"}],"wp:attachment":[{"href":"https:\/\/www.autonvaraosahaku.fi\/index.php?rest_route=%2Fwp%2Fv2%2Fmedia&parent=51105"}],"wp:term":[{"taxonomy":"pwb-brand","embeddable":true,"href":"https:\/\/www.autonvaraosahaku.fi\/index.php?rest_route=%2Fwp%2Fv2%2Fpwb-brand&post=51105"},{"taxonomy":"product_cat","embeddable":true,"href":"https:\/\/www.autonvaraosahaku.fi\/index.php?rest_route=%2Fwp%2Fv2%2Fproduct_cat&post=51105"},{"taxonomy":"product_tag","embeddable":true,"href":"https:\/\/www.autonvaraosahaku.fi\/index.php?rest_route=%2Fwp%2Fv2%2Fproduct_tag&post=51105"}],"curies":[{"name":"wp","href":"https:\/\/api.w.org\/{rel}","templated":true}]}}