{"id":51111,"date":"2021-02-21T17:35:05","date_gmt":"2021-02-21T17:35:05","guid":{"rendered":"https:\/\/www.autonvaraosahaku.fi\/?product=bremi-20455-sytytyspuola"},"modified":"2021-02-21T17:35:07","modified_gmt":"2021-02-21T17:35:07","slug":"bremi-20455-sytytyspuola","status":"publish","type":"product","link":"https:\/\/www.autonvaraosahaku.fi\/?product=bremi-20455-sytytyspuola","title":{"rendered":"BREMI 20455 Sytytyspuola"},"content":{"rendered":"<p>J\u00e4nnite (V): 12; Sytytyspuola: COP-sytytyspuola (syt.tulpan p\u00e4\u00e4ll\u00e4); Asennuspuoli: links; RENAULT: ESPACE IV JK0\/1_,VEL SATIS BJ0_; NISSAN: PATHFINDER R51,MURANO Z50,PATHFINDER R50,ALTIMA,MAXIMA A34; 224338J115, 224338J11C, 224488J100, 224488J110, 224488J111, 224488J115, 224488J11C, 22448FY500, 7701053105, 7701070071<\/p>\n","protected":false},"excerpt":{"rendered":"<p>BREMI Sytytyspuola 20455  RENAULT,NISSAN,ESPACE IV JK0\/1_,VEL SATIS BJ0_,PATHFINDER R51,MURANO Z50,PATHFINDER R50,ALTIMA,MAXIMA A34<\/p>\n","protected":false},"featured_media":0,"template":"","meta":{"site-sidebar-layout":"default","site-content-layout":"default","ast-global-header-display":"","ast-main-header-display":"","ast-hfb-above-header-display":"","ast-hfb-below-header-display":"","ast-hfb-mobile-header-display":"","site-post-title":"","ast-breadcrumbs-content":"","ast-featured-img":"","footer-sml-layout":"","theme-transparent-header-meta":"","adv-header-id-meta":"","stick-header-meta":"","header-above-stick-meta":"","header-main-stick-meta":"","header-below-stick-meta":""},"pwb-brand":[480],"product_cat":[25],"product_tag":[],"class_list":{"0":"post-51111","1":"product","2":"type-product","3":"status-publish","5":"pwb-brand-bremi","6":"product_cat-sytytyspuola","7":"desktop-align-left","8":"tablet-align-left","9":"mobile-align-left","11":"first","12":"instock","13":"product-type-external"},"brands":[{"id":480,"name":"BREMI","slug":"bremi"}],"_links":{"self":[{"href":"https:\/\/www.autonvaraosahaku.fi\/index.php?rest_route=\/wp\/v2\/product\/51111","targetHints":{"allow":["GET"]}}],"collection":[{"href":"https:\/\/www.autonvaraosahaku.fi\/index.php?rest_route=\/wp\/v2\/product"}],"about":[{"href":"https:\/\/www.autonvaraosahaku.fi\/index.php?rest_route=\/wp\/v2\/types\/product"}],"wp:attachment":[{"href":"https:\/\/www.autonvaraosahaku.fi\/index.php?rest_route=%2Fwp%2Fv2%2Fmedia&parent=51111"}],"wp:term":[{"taxonomy":"pwb-brand","embeddable":true,"href":"https:\/\/www.autonvaraosahaku.fi\/index.php?rest_route=%2Fwp%2Fv2%2Fpwb-brand&post=51111"},{"taxonomy":"product_cat","embeddable":true,"href":"https:\/\/www.autonvaraosahaku.fi\/index.php?rest_route=%2Fwp%2Fv2%2Fproduct_cat&post=51111"},{"taxonomy":"product_tag","embeddable":true,"href":"https:\/\/www.autonvaraosahaku.fi\/index.php?rest_route=%2Fwp%2Fv2%2Fproduct_tag&post=51111"}],"curies":[{"name":"wp","href":"https:\/\/api.w.org\/{rel}","templated":true}]}}