{"id":51130,"date":"2021-02-21T17:35:11","date_gmt":"2021-02-21T17:35:11","guid":{"rendered":"https:\/\/www.autonvaraosahaku.fi\/?product=denso-det-0106-anturit-sensorit"},"modified":"2021-02-21T17:35:13","modified_gmt":"2021-02-21T17:35:13","slug":"denso-det-0106-anturit-sensorit","status":"publish","type":"product","link":"https:\/\/www.autonvaraosahaku.fi\/?product=denso-det-0106-anturit-sensorit","title":{"rendered":"DENSO DET-0106 Anturit (sensorit)"},"content":{"rendered":"<p>Laatu: OE; Kierremitta: M12x1.25; L\u00e4mp\u00f6alue (\u00b0C): -40, 800; Kaapelinmitta (mm): 232; Napojen m\u00e4\u00e4r\u00e4: 2; Paino [g]: 33; Moottorinumero: M57N2 306 D3; BMW: 3 Touring E91,3 E90,5 E60,5 Touring E61,X3 E83,X5 E70,X5 E53,3 Coupe E92,3 Cabriolet E93,X6 E71, E72; 13627795174, 13627809153, 7795174, 7809153<\/p>\n","protected":false},"excerpt":{"rendered":"<p>DENSO Tunnistin Pakokaasul\u00e4mp\u00f6tila DET-0106  BMW,3 Touring E91,3 E90,5 E60,5 Touring E61,X3 E83,X5 E70,X5 E53,3 Coupe E92,3 Cabriolet E93,X6 E71, E72<\/p>\n","protected":false},"featured_media":0,"template":"","meta":{"site-sidebar-layout":"default","site-content-layout":"default","ast-global-header-display":"","ast-main-header-display":"","ast-hfb-above-header-display":"","ast-hfb-below-header-display":"","ast-hfb-mobile-header-display":"","site-post-title":"","ast-breadcrumbs-content":"","ast-featured-img":"","footer-sml-layout":"","theme-transparent-header-meta":"","adv-header-id-meta":"","stick-header-meta":"","header-above-stick-meta":"","header-main-stick-meta":"","header-below-stick-meta":""},"pwb-brand":[278],"product_cat":[98],"product_tag":[],"class_list":{"0":"post-51130","1":"product","2":"type-product","3":"status-publish","5":"pwb-brand-denso","6":"product_cat-anturit-sensorit","7":"desktop-align-left","8":"tablet-align-left","9":"mobile-align-left","11":"first","12":"instock","13":"product-type-external"},"brands":[{"id":278,"name":"DENSO","slug":"denso"}],"_links":{"self":[{"href":"https:\/\/www.autonvaraosahaku.fi\/index.php?rest_route=\/wp\/v2\/product\/51130","targetHints":{"allow":["GET"]}}],"collection":[{"href":"https:\/\/www.autonvaraosahaku.fi\/index.php?rest_route=\/wp\/v2\/product"}],"about":[{"href":"https:\/\/www.autonvaraosahaku.fi\/index.php?rest_route=\/wp\/v2\/types\/product"}],"wp:attachment":[{"href":"https:\/\/www.autonvaraosahaku.fi\/index.php?rest_route=%2Fwp%2Fv2%2Fmedia&parent=51130"}],"wp:term":[{"taxonomy":"pwb-brand","embeddable":true,"href":"https:\/\/www.autonvaraosahaku.fi\/index.php?rest_route=%2Fwp%2Fv2%2Fpwb-brand&post=51130"},{"taxonomy":"product_cat","embeddable":true,"href":"https:\/\/www.autonvaraosahaku.fi\/index.php?rest_route=%2Fwp%2Fv2%2Fproduct_cat&post=51130"},{"taxonomy":"product_tag","embeddable":true,"href":"https:\/\/www.autonvaraosahaku.fi\/index.php?rest_route=%2Fwp%2Fv2%2Fproduct_tag&post=51130"}],"curies":[{"name":"wp","href":"https:\/\/api.w.org\/{rel}","templated":true}]}}