{"id":51157,"date":"2021-02-21T17:35:16","date_gmt":"2021-02-21T17:35:16","guid":{"rendered":"https:\/\/www.autonvaraosahaku.fi\/?product=ravenol-1212100-001-01-999-vaihteistooljy"},"modified":"2021-02-21T17:35:20","modified_gmt":"2021-02-21T17:35:20","slug":"ravenol-1212100-001-01-999-vaihteistooljy","status":"publish","type":"product","link":"https:\/\/www.autonvaraosahaku.fi\/?product=ravenol-1212100-001-01-999-vaihteistooljy","title":{"rendered":"RAVENOL 1212100-001-01-999 Vaihteisto\u00f6ljy"},"content":{"rendered":"<p>Kemialliset ominaisuudet: Osasynteettinen; Erittely: DEXRON III H, Allison C4; Valmistajan hyv\u00e4ksym\u00e4: MAN 339 Typ Z-2,, ZF TE-ML 04D,, 14B, 05L, 16L, 17C,, Voith 55.6336.3x, Extended Drain G1363, ,Allison C4-33072010, (ATF III H),, Allison TES-389 AA-, 33072010 (ATF III H), , MB 236.1,, 236.6, 236.9,, 236.10, VOLVO Trans, mission Oil 97341,, VOLVO 1161521 und, 1161621; Tilavuus (litra): 1; Tuotelinja: Hydraulik\u00f6l TSX 100, Hydraulik\u00f6l TSX 100; MAZDA: RX 8 SE17; NISSAN: X-TRAIL T30,MICRA II K11,ALMERA TINO V10,ALMERA II Hatchback N16,NAVARA D40,PATHFINDER R51,PRIMERA P11,PRIMERA Kombi WP12,PRIMERA P12,PRIMERA Traveller WP11,350 Z Z33,PRIMERA Hatchback P11,MURANO Z50,NAVARA Pritsche\/Fahrgestell D40,PRIMERA Hatchback P12,PATROL GR II Wagon Y61,PICK UP D22,ALMERA Mk II N16,PRIMASTAR Bus X83,PICK UP D21,200 SX S14,350 Z Roadster Z33,PRIMASTAR Kasten X83,INTERSTAR Kasten X70,KUBISTAR X76,NP300,KUBISTAR Kasten X80,INTERSTAR Bus X70,INTERSTAR Pritsche\/Fahrgestell,SENTRA B15,TEANA I J31; JEEP: CHEROKEE KJ,GRAND CHEROKEE I ZJ; DAEWOO: MATIZ KLYA,REZZO KLAU,LANOS KLAT,EVANDA KLAL,LACETTI Schr\u00e4gheck KLAN,NUBIRA Stufenheck KLAN,NUBIRA Wagon KLAN,LEGANZA KLAV,NEXIA KLETN,ESPERO KLEJ,NEXIA Stufenheck KLETN; SUZUKI: JIMNY FJ,GRAND VITARA II JT,WAGON R+ MM,IGNIS II,SWIFT II Schr\u00e4gheck EA, MA,VITARA ET, TA,VITARA Cabrio ET, TA,LIANA Schr\u00e4gheck,ALTO HA24,LIANA ER,WAGON R+ EM,BALENO Kombi EG,BALENO EG,BALENO Schr\u00e4gheck EG,ALTO HA12, HA23,WAGON R; CHEVROLET: CAPTIVA C100, C140,MATIZ M200, M250,NUBIRA Kombi,CRUZE J300,CRUZE Station Wagon J308,EPICA KL1_,CRUZE Schr\u00e4gheck J305,LACETTI J200,CORVETTE C6,AVEO Stufenheck T250, T255,REZZO,HHR,TRAILBLAZER KC_,EVANDA,NUBIRA Stufenheck,CORVETTE C4,CORVETTE Convertible 1YY,TRANS SPORT,CORVETTE Convertible C6,AVEO Stufenheck T200,SPARK M150,S10 Pick-up,AVALANCHE,COLORADO; MERCEDES-BENZ: C-CLASS W203,E-CLASS W211,A-CLASS W168,C-CLASS T-Model S203,C-CLASS W202,E-CLASS T-Model S211,190 W201,SLK R170,E-CLASS W210,VIANO W639,C-CLASS Coupe CL203,M-CLASS W163,Stufenheck W124,E-CLASS Kombi S210,VITO Bus W639,CLK C208,SL R129,CLK C209,C-CLASS Kombi S202,VITO \/ MIXTO Kasten W639,SPRINTER 3,5-t Kasten 906,VANEO 414,SL R230,E-CLASS W124,G-CLASS W463,VITO Bus 638,CLK Cabriolet A208,CLK Cabriolet A209,G-CLASS W460,S-CLASS W140,E-CLASS Kombi S124,SPRINTER 3-t Kasten 903,SPRINTER 3,5-t Bus 906,SPRINTER 2-t Bus 901, 902,SPRINTER 3-t Kasten 906,V-CLASS 638\/2,G-CLASS W461,SPRINTER 2-t Kasten 901, 902,SPRINTER 3-t Bus 903,SPRINTER 3,5-t Pritsche\/Fahrgestell 906,SPRINTER 3-t Pritsche\/Fahrgestell 903,100 Bus 631,VITO Kasten 638,E-CLASS Cabriolet A124,100 Kasten 631,SPRINTER 3-t Bus 906,SPRINTER 4-t Pritsche\/Fahrgestell 904,SPRINTER 2-t Pritsche\/Fahrgestell 901, 902,SPRINTER 5-t Kasten 906,S-CLASS Coupe C140,SPRINTER 5-t Pritsche\/Fahrgestell 906,100 Pritsche\/Fahrg; KIA: SORENTO I JC,SHUMA FB,PRIDE DA,CLARUS K9A,CLARUS Kombi GC,PRIDE Kombi,SEPHIA FB; HONDA: LEGEND III KA9; LAND ROVER: FREELANDER LN,DEFENDER Station Wagon LD,RANGE ROVER III LM,DISCOVERY II LJ, LT,FREELANDER Soft Top,DEFENDER Cabrio LD,DISCOVERY I LJ, LG; Vaihdelaatikon \u00d6ljy<\/p>\n","protected":false},"excerpt":{"rendered":"<p>RAVENOL Vaihteisto\u00f6ljy 1212100-001-01-999 Vaihdelaatikon \u00d6ljy MAZDA,NISSAN,JEEP,RX 8 SE17,X-TRAIL T30,MICRA II K11,ALMERA TINO V10<\/p>\n","protected":false},"featured_media":0,"template":"","meta":{"site-sidebar-layout":"default","site-content-layout":"default","ast-global-header-display":"","ast-main-header-display":"","ast-hfb-above-header-display":"","ast-hfb-below-header-display":"","ast-hfb-mobile-header-display":"","site-post-title":"","ast-breadcrumbs-content":"","ast-featured-img":"","footer-sml-layout":"","theme-transparent-header-meta":"","adv-header-id-meta":"","stick-header-meta":"","header-above-stick-meta":"","header-main-stick-meta":"","header-below-stick-meta":""},"pwb-brand":[130],"product_cat":[58],"product_tag":[],"class_list":{"0":"post-51157","1":"product","2":"type-product","3":"status-publish","5":"pwb-brand-ravenol","6":"product_cat-vaihteistooljy","7":"desktop-align-left","8":"tablet-align-left","9":"mobile-align-left","11":"first","12":"instock","13":"product-type-external"},"brands":[{"id":130,"name":"RAVENOL","slug":"ravenol"}],"_links":{"self":[{"href":"https:\/\/www.autonvaraosahaku.fi\/index.php?rest_route=\/wp\/v2\/product\/51157","targetHints":{"allow":["GET"]}}],"collection":[{"href":"https:\/\/www.autonvaraosahaku.fi\/index.php?rest_route=\/wp\/v2\/product"}],"about":[{"href":"https:\/\/www.autonvaraosahaku.fi\/index.php?rest_route=\/wp\/v2\/types\/product"}],"wp:attachment":[{"href":"https:\/\/www.autonvaraosahaku.fi\/index.php?rest_route=%2Fwp%2Fv2%2Fmedia&parent=51157"}],"wp:term":[{"taxonomy":"pwb-brand","embeddable":true,"href":"https:\/\/www.autonvaraosahaku.fi\/index.php?rest_route=%2Fwp%2Fv2%2Fpwb-brand&post=51157"},{"taxonomy":"product_cat","embeddable":true,"href":"https:\/\/www.autonvaraosahaku.fi\/index.php?rest_route=%2Fwp%2Fv2%2Fproduct_cat&post=51157"},{"taxonomy":"product_tag","embeddable":true,"href":"https:\/\/www.autonvaraosahaku.fi\/index.php?rest_route=%2Fwp%2Fv2%2Fproduct_tag&post=51157"}],"curies":[{"name":"wp","href":"https:\/\/api.w.org\/{rel}","templated":true}]}}