{"id":51161,"date":"2021-02-21T17:35:16","date_gmt":"2021-02-21T17:35:16","guid":{"rendered":"https:\/\/www.autonvaraosahaku.fi\/?product=metelli-04-0156-takajarrusylinteri"},"modified":"2021-02-21T17:35:21","modified_gmt":"2021-02-21T17:35:21","slug":"metelli-04-0156-takajarrusylinteri","status":"publish","type":"product","link":"https:\/\/www.autonvaraosahaku.fi\/?product=metelli-04-0156-takajarrusylinteri","title":{"rendered":"METELLI 04-0156 Takajarrusylinteri"},"content":{"rendered":"<p>Materiaali: Valurauta; Reik\u00e4-\u00d8 [mm]: 19,05; Akseliv\u00e4li (mm): 1; Asennuspuoli: Hinterachse; SEAT: MARBELLA 28,IBIZA I 021A,TERRA Kasten 024A,MARBELLA Kasten 028A,MALAGA 023A,RONDA 022A,PANDA 141A,FURA 025A,RITMO 138; LANCIA: DELTA I 831AB0,Y10 156,A 112,PRISMA 831AB0; FIAT: SEICENTO 187,CINQUECENTO 170,PANDA 141A_,UNO 146A\/E,127,SEICENTO Van 187,PANDA Van 141_,RITMO I 138A,FIORINO 147,REGATA 138,RITMO Cabriolet,127 Panorama,FIORINO 127,UNO Kasten 146,UNO 146 A\/E,147,FIORINO Pick up 147,REGATA Weekend 138,147 Panorama,ELBA 146_; AUTOBIANCHI: A 112,Y10; 71738324, 7696710, 790833, 9945379, 9948232, 71738324, 71738328, 7696710, 790833, 9945379, 9948232, 6557201119, 7696710, 790833, 9945379, 9948232, 71738324, 71738328, 7696710, 790833, 9945379, 9948232, SE0003963253, SE025720002A, SE028720001A, 71738324, 7696710, 790833, 9945379, 9948232; Py\u00f6r\u00e4n Jarrusylinteri,Jarrusylinteri<\/p>\n","protected":false},"excerpt":{"rendered":"<p>METELLI Takajarrusylinteri 04-0156 Py\u00f6r\u00e4n Jarrusylinteri,Jarrusylinteri SEAT,LANCIA,FIAT,MARBELLA 28,IBIZA I 021A,TERRA Kasten 024A<\/p>\n","protected":false},"featured_media":0,"template":"","meta":{"site-sidebar-layout":"default","site-content-layout":"default","ast-global-header-display":"","ast-main-header-display":"","ast-hfb-above-header-display":"","ast-hfb-below-header-display":"","ast-hfb-mobile-header-display":"","site-post-title":"","ast-breadcrumbs-content":"","ast-featured-img":"","footer-sml-layout":"","theme-transparent-header-meta":"","adv-header-id-meta":"","stick-header-meta":"","header-above-stick-meta":"","header-main-stick-meta":"","header-below-stick-meta":""},"pwb-brand":[251],"product_cat":[158],"product_tag":[],"class_list":{"0":"post-51161","1":"product","2":"type-product","3":"status-publish","5":"pwb-brand-metelli","6":"product_cat-takajarrusylinteri","7":"desktop-align-left","8":"tablet-align-left","9":"mobile-align-left","11":"first","12":"instock","13":"product-type-external"},"brands":[{"id":251,"name":"METELLI","slug":"metelli"}],"_links":{"self":[{"href":"https:\/\/www.autonvaraosahaku.fi\/index.php?rest_route=\/wp\/v2\/product\/51161","targetHints":{"allow":["GET"]}}],"collection":[{"href":"https:\/\/www.autonvaraosahaku.fi\/index.php?rest_route=\/wp\/v2\/product"}],"about":[{"href":"https:\/\/www.autonvaraosahaku.fi\/index.php?rest_route=\/wp\/v2\/types\/product"}],"wp:attachment":[{"href":"https:\/\/www.autonvaraosahaku.fi\/index.php?rest_route=%2Fwp%2Fv2%2Fmedia&parent=51161"}],"wp:term":[{"taxonomy":"pwb-brand","embeddable":true,"href":"https:\/\/www.autonvaraosahaku.fi\/index.php?rest_route=%2Fwp%2Fv2%2Fpwb-brand&post=51161"},{"taxonomy":"product_cat","embeddable":true,"href":"https:\/\/www.autonvaraosahaku.fi\/index.php?rest_route=%2Fwp%2Fv2%2Fproduct_cat&post=51161"},{"taxonomy":"product_tag","embeddable":true,"href":"https:\/\/www.autonvaraosahaku.fi\/index.php?rest_route=%2Fwp%2Fv2%2Fproduct_tag&post=51161"}],"curies":[{"name":"wp","href":"https:\/\/api.w.org\/{rel}","templated":true}]}}