{"id":51179,"date":"2021-02-21T17:35:23","date_gmt":"2021-02-21T17:35:23","guid":{"rendered":"https:\/\/www.autonvaraosahaku.fi\/?product=trw-gdb1546dte-jarrupalat"},"modified":"2021-02-21T17:35:27","modified_gmt":"2021-02-21T17:35:27","slug":"trw-gdb1546dte-jarrupalat","status":"publish","type":"product","link":"https:\/\/www.autonvaraosahaku.fi\/?product=trw-gdb1546dte-jarrupalat","title":{"rendered":"TRW GDB1546DTE Jarrupalat"},"content":{"rendered":"<p>Valmistaja rajaus: ATE; Kulumisenilmaisimen liitos: Kulumisenilmaisemelle; Paksuus [mm]: 16,5; Jarrut: V\u00e4h\u00e4np\u00f6ly\u00e4v\u00e4t jarrupalat\/-hihnat, my\u00f6s reijitetyille jarrulevyille; Tarkistuskilpi: E9 90R-02A1148\/0802; Pituus 1 (mm): 141,5; Pituus 2 (mm): 140,5; Korkeus 1 (mm): 59,7; Korkeus 2 (mm): 57,4; M\u00e4\u00e4r\u00e4yksikk\u00f6: Akselisarja; Tuotelinja: DTEC COTEC; Tuning: 1; Asennuspuoli: Hinterachse; MERCEDES-BENZ: E-CLASS W211,C-CLASS T-Model S203,E-CLASS T-Model S211,E-CLASS W212,E-CLASS T-Model S212,S-CLASS W220,S-CLASS W221,CLS C219,SL R230,CLS C218,S-CLASS Coupe C215,S-CLASS Coupe C216,CLS Shooting Brake X218,S-CLASS W222, V222, X222; 0004230230, 0034205120, 0044204420, 0054207920, 0054209320, 0054209420, 0064200120, 0074201020, 0074206720, A0004230230, A0034205120, A0044204420, A0054207920, A0054209320, A0054209420, A0064200120, A0074201020, A0074206720; Jarrupalasarja,Jarrupala, Levyjarru<\/p>\n","protected":false},"excerpt":{"rendered":"<p>TRW Jarrupalat GDB1546DTE Jarrupalasarja,Jarrupala, Levyjarru MERCEDES-BENZ,E-CLASS W211,C-CLASS T-Model S203,E-CLASS T-Model S211,E-CLASS W212<\/p>\n","protected":false},"featured_media":0,"template":"","meta":{"site-sidebar-layout":"default","site-content-layout":"default","ast-global-header-display":"","ast-main-header-display":"","ast-hfb-above-header-display":"","ast-hfb-below-header-display":"","ast-hfb-mobile-header-display":"","site-post-title":"","ast-breadcrumbs-content":"","ast-featured-img":"","footer-sml-layout":"","theme-transparent-header-meta":"","adv-header-id-meta":"","stick-header-meta":"","header-above-stick-meta":"","header-main-stick-meta":"","header-below-stick-meta":""},"pwb-brand":[332],"product_cat":[100],"product_tag":[],"class_list":{"0":"post-51179","1":"product","2":"type-product","3":"status-publish","5":"pwb-brand-trw","6":"product_cat-jarrupalat","7":"desktop-align-left","8":"tablet-align-left","9":"mobile-align-left","11":"first","12":"instock","13":"product-type-external"},"brands":[{"id":332,"name":"TRW","slug":"trw"}],"_links":{"self":[{"href":"https:\/\/www.autonvaraosahaku.fi\/index.php?rest_route=\/wp\/v2\/product\/51179","targetHints":{"allow":["GET"]}}],"collection":[{"href":"https:\/\/www.autonvaraosahaku.fi\/index.php?rest_route=\/wp\/v2\/product"}],"about":[{"href":"https:\/\/www.autonvaraosahaku.fi\/index.php?rest_route=\/wp\/v2\/types\/product"}],"wp:attachment":[{"href":"https:\/\/www.autonvaraosahaku.fi\/index.php?rest_route=%2Fwp%2Fv2%2Fmedia&parent=51179"}],"wp:term":[{"taxonomy":"pwb-brand","embeddable":true,"href":"https:\/\/www.autonvaraosahaku.fi\/index.php?rest_route=%2Fwp%2Fv2%2Fpwb-brand&post=51179"},{"taxonomy":"product_cat","embeddable":true,"href":"https:\/\/www.autonvaraosahaku.fi\/index.php?rest_route=%2Fwp%2Fv2%2Fproduct_cat&post=51179"},{"taxonomy":"product_tag","embeddable":true,"href":"https:\/\/www.autonvaraosahaku.fi\/index.php?rest_route=%2Fwp%2Fv2%2Fproduct_tag&post=51179"}],"curies":[{"name":"wp","href":"https:\/\/api.w.org\/{rel}","templated":true}]}}