{"id":51233,"date":"2021-02-21T17:35:39","date_gmt":"2021-02-21T17:35:39","guid":{"rendered":"https:\/\/www.autonvaraosahaku.fi\/?product=freccia-r6205-s-imuventtiili"},"modified":"2021-02-21T17:35:42","modified_gmt":"2021-02-21T17:35:42","slug":"freccia-r6205-s-imuventtiili","status":"publish","type":"product","link":"https:\/\/www.autonvaraosahaku.fi\/?product=freccia-r6205-s-imuventtiili","title":{"rendered":"FRECCIA R6205\/S Imuventtiili"},"content":{"rendered":"<p>Venttiililautasen l\u00e4pimitta [mm]: 29,5; Venttiilinvarren l\u00e4pimitta [mm]: 6; Pituus (mm): 100,9; venttiiliistukan kulma [astetta]: 45; Materiaali: Kromi-siliciumter\u00e4s; Liittimet: I; TECDOC-moottorinumero: 24449; VW: GOLF IV 1J1,GOLF V 1K1,POLO 9N_,TOURAN 1T1, 1T2,PASSAT Variant 3C5,GOLF PLUS 5M1, 521,PASSAT 3C2,POLO 6R, 6C,TIGUAN 5N_,GOLF IV Variant 1J5,BORA 1J2,EOS 1F7, 1F8,SHARAN 7N1, 7N2,BORA Kombi 1J6,JETTA III 1K2,JETTA IV 162, 163,POLO Stufenheck; AUDI: A3 8P1,A3 Sportback 8PA,A2 8Z0,A1 8X1, 8XF,A1 Sportback 8XA, 8XK; SKODA: OCTAVIA Combi 1Z5,FABIA Combi 6Y5,FABIA,FABIA 6Y2,OCTAVIA Combi 1U5,FABIA Combi,ROOMSTER 5J,OCTAVIA 1Z3,OCTAVIA 1U2,RAPID Spaceback NH1,FABIA Stufenheck 6Y3,ROOMSTER Praktik 5J,RAPID NH3,FABIA Praktik; SEAT: IBIZA IV 6L1,IBIZA V 6J5, 6P5,LEON 1M1,IBIZA V ST 6J8, 6P8,ALHAMBRA 710, 711,TOLEDO II 1M2,IBIZA V SPORTCOUPE 6J1, 6P1,CORDOBA 6L2,TOLEDO IV KG3; 036109601S, 036109601AD, 036109601AK, 036109601AL, 03C109601J<\/p>\n","protected":false},"excerpt":{"rendered":"<p>FRECCIA Imuventtiili R6205\/S  VW,AUDI,SKODA,GOLF IV 1J1,GOLF V 1K1,POLO 9N_,TOURAN 1T1, 1T2,PASSAT Variant 3C5,GOLF PLUS 5M1, 521,PASSAT 3C2<\/p>\n","protected":false},"featured_media":0,"template":"","meta":{"site-sidebar-layout":"default","site-content-layout":"default","ast-global-header-display":"","ast-main-header-display":"","ast-hfb-above-header-display":"","ast-hfb-below-header-display":"","ast-hfb-mobile-header-display":"","site-post-title":"","ast-breadcrumbs-content":"","ast-featured-img":"","footer-sml-layout":"","theme-transparent-header-meta":"","adv-header-id-meta":"","stick-header-meta":"","header-above-stick-meta":"","header-main-stick-meta":"","header-below-stick-meta":""},"pwb-brand":[345],"product_cat":[274],"product_tag":[],"class_list":{"0":"post-51233","1":"product","2":"type-product","3":"status-publish","5":"pwb-brand-freccia","6":"product_cat-imuventtiili","7":"desktop-align-left","8":"tablet-align-left","9":"mobile-align-left","11":"first","12":"instock","13":"product-type-external"},"brands":[{"id":345,"name":"FRECCIA","slug":"freccia"}],"_links":{"self":[{"href":"https:\/\/www.autonvaraosahaku.fi\/index.php?rest_route=\/wp\/v2\/product\/51233","targetHints":{"allow":["GET"]}}],"collection":[{"href":"https:\/\/www.autonvaraosahaku.fi\/index.php?rest_route=\/wp\/v2\/product"}],"about":[{"href":"https:\/\/www.autonvaraosahaku.fi\/index.php?rest_route=\/wp\/v2\/types\/product"}],"wp:attachment":[{"href":"https:\/\/www.autonvaraosahaku.fi\/index.php?rest_route=%2Fwp%2Fv2%2Fmedia&parent=51233"}],"wp:term":[{"taxonomy":"pwb-brand","embeddable":true,"href":"https:\/\/www.autonvaraosahaku.fi\/index.php?rest_route=%2Fwp%2Fv2%2Fpwb-brand&post=51233"},{"taxonomy":"product_cat","embeddable":true,"href":"https:\/\/www.autonvaraosahaku.fi\/index.php?rest_route=%2Fwp%2Fv2%2Fproduct_cat&post=51233"},{"taxonomy":"product_tag","embeddable":true,"href":"https:\/\/www.autonvaraosahaku.fi\/index.php?rest_route=%2Fwp%2Fv2%2Fproduct_tag&post=51233"}],"curies":[{"name":"wp","href":"https:\/\/api.w.org\/{rel}","templated":true}]}}