{"id":51290,"date":"2021-02-21T17:35:57","date_gmt":"2021-02-21T17:35:57","guid":{"rendered":"https:\/\/www.autonvaraosahaku.fi\/?product=meyle-414-495-0000-vetonivelen-suojakumi"},"modified":"2021-02-21T17:35:59","modified_gmt":"2021-02-21T17:35:59","slug":"meyle-414-495-0000-vetonivelen-suojakumi","status":"publish","type":"product","link":"https:\/\/www.autonvaraosahaku.fi\/?product=meyle-414-495-0000-vetonivelen-suojakumi","title":{"rendered":"MEYLE 414 495 0000 Vetonivelen suojakumi"},"content":{"rendered":"<p>Asennuspuoli: Py\u00f6r\u00e4n puoli; Sis\u00e4l\u00e4pimitta 1 [mm]: 20; Sis\u00e4l\u00e4pimitta 2 [mm]: 59; Pituus (mm): 70; Materiaali: Kumi; Lis\u00e4tarvike\/lis\u00e4tieto: Tarvikkeilla; Tuotelinja: -ORIGINAL Quality; Valmistusvuoteen: 11\/1993; PORSCHE: 911 996,911 997,911 Cabriolet 997,911 964,911 993,911 Cabriolet 964,911 Speedster 964; 99634929100<\/p>\n","protected":false},"excerpt":{"rendered":"<p>MEYLE Paljekumisarja, Vetoakseli 414 495 0000  PORSCHE,911 996,911 997,911 Cabriolet 997,911 964,911 993,911 Cabriolet 964,911 Speedster 964<\/p>\n","protected":false},"featured_media":0,"template":"","meta":{"site-sidebar-layout":"default","site-content-layout":"default","ast-global-header-display":"","ast-main-header-display":"","ast-hfb-above-header-display":"","ast-hfb-below-header-display":"","ast-hfb-mobile-header-display":"","site-post-title":"","ast-breadcrumbs-content":"","ast-featured-img":"","footer-sml-layout":"","theme-transparent-header-meta":"","adv-header-id-meta":"","stick-header-meta":"","header-above-stick-meta":"","header-main-stick-meta":"","header-below-stick-meta":""},"pwb-brand":[84],"product_cat":[42],"product_tag":[],"class_list":{"0":"post-51290","1":"product","2":"type-product","3":"status-publish","5":"pwb-brand-meyle","6":"product_cat-vetonivelen-suojakumi","7":"desktop-align-left","8":"tablet-align-left","9":"mobile-align-left","11":"first","12":"instock","13":"product-type-external"},"brands":[{"id":84,"name":"MEYLE","slug":"meyle"}],"_links":{"self":[{"href":"https:\/\/www.autonvaraosahaku.fi\/index.php?rest_route=\/wp\/v2\/product\/51290","targetHints":{"allow":["GET"]}}],"collection":[{"href":"https:\/\/www.autonvaraosahaku.fi\/index.php?rest_route=\/wp\/v2\/product"}],"about":[{"href":"https:\/\/www.autonvaraosahaku.fi\/index.php?rest_route=\/wp\/v2\/types\/product"}],"wp:attachment":[{"href":"https:\/\/www.autonvaraosahaku.fi\/index.php?rest_route=%2Fwp%2Fv2%2Fmedia&parent=51290"}],"wp:term":[{"taxonomy":"pwb-brand","embeddable":true,"href":"https:\/\/www.autonvaraosahaku.fi\/index.php?rest_route=%2Fwp%2Fv2%2Fpwb-brand&post=51290"},{"taxonomy":"product_cat","embeddable":true,"href":"https:\/\/www.autonvaraosahaku.fi\/index.php?rest_route=%2Fwp%2Fv2%2Fproduct_cat&post=51290"},{"taxonomy":"product_tag","embeddable":true,"href":"https:\/\/www.autonvaraosahaku.fi\/index.php?rest_route=%2Fwp%2Fv2%2Fproduct_tag&post=51290"}],"curies":[{"name":"wp","href":"https:\/\/api.w.org\/{rel}","templated":true}]}}