{"id":51338,"date":"2021-02-21T17:36:08","date_gmt":"2021-02-21T17:36:08","guid":{"rendered":"https:\/\/www.autonvaraosahaku.fi\/?product=autofren-seinsa-d41105c-jarrusatula-korjaussarja"},"modified":"2021-02-21T17:36:12","modified_gmt":"2021-02-21T17:36:12","slug":"autofren-seinsa-d41105c-jarrusatula-korjaussarja","status":"publish","type":"product","link":"https:\/\/www.autonvaraosahaku.fi\/?product=autofren-seinsa-d41105c-jarrusatula-korjaussarja","title":{"rendered":"AUTOFREN SEINSA D41105C Jarrusatula korjaussarja"},"content":{"rendered":"<p>Asennuspuoli: Taka-akseli; L\u00e4pimitta [mm]: 40; Jarruj\u00e4rjestelm\u00e4: ATE; T\u00e4yssarja: ; OE-numerolle: GBC90216; Valmistusvuoteen: 06\/1994; ROVER: 75 RJ,75 Tourer RJ; BMW: 3 E46,3 Touring E46,3 Compact E46,3 Coupe E46,3 E36,3 Cabriolet E46,3 Coupe E36,Z4 E85,5 E34,3 Cabriolet E36,7 E32,8 E31,5 Touring E34,Z4 Coupe E86; SAAB: 9-5 Kombi YS3E,9-5 YS3E; MG: MG ZT- T,MG ZT; SOB000040, SOB000050, 34211165031, 34211165032, 34211165033, 34211165034, 34216758127, 34216758128, 34216758135, 34216758136, SOB000040, SOB000050, GBC90216, GBC90217, SOB000040, SOB000050, 5391834, 5391842; Korjaussarja, Jarrusatula<\/p>\n","protected":false},"excerpt":{"rendered":"<p>AUTOFREN SEINSA Jarrusatula Korjaussarja D41105C Korjaussarja, Jarrusatula ROVER,BMW,SAAB,75 RJ,75 Tourer RJ,3 E46,3 Touring E46,3 Compact E46<\/p>\n","protected":false},"featured_media":0,"template":"","meta":{"site-sidebar-layout":"default","site-content-layout":"default","ast-global-header-display":"","ast-main-header-display":"","ast-hfb-above-header-display":"","ast-hfb-below-header-display":"","ast-hfb-mobile-header-display":"","site-post-title":"","ast-breadcrumbs-content":"","ast-featured-img":"","footer-sml-layout":"","theme-transparent-header-meta":"","adv-header-id-meta":"","stick-header-meta":"","header-above-stick-meta":"","header-main-stick-meta":"","header-below-stick-meta":""},"pwb-brand":[243],"product_cat":[57],"product_tag":[],"class_list":{"0":"post-51338","1":"product","2":"type-product","3":"status-publish","5":"pwb-brand-autofren-seinsa","6":"product_cat-jarrusatula-korjaussarja","7":"desktop-align-left","8":"tablet-align-left","9":"mobile-align-left","11":"first","12":"instock","13":"product-type-external"},"brands":[{"id":243,"name":"AUTOFREN SEINSA","slug":"autofren-seinsa"}],"_links":{"self":[{"href":"https:\/\/www.autonvaraosahaku.fi\/index.php?rest_route=\/wp\/v2\/product\/51338","targetHints":{"allow":["GET"]}}],"collection":[{"href":"https:\/\/www.autonvaraosahaku.fi\/index.php?rest_route=\/wp\/v2\/product"}],"about":[{"href":"https:\/\/www.autonvaraosahaku.fi\/index.php?rest_route=\/wp\/v2\/types\/product"}],"wp:attachment":[{"href":"https:\/\/www.autonvaraosahaku.fi\/index.php?rest_route=%2Fwp%2Fv2%2Fmedia&parent=51338"}],"wp:term":[{"taxonomy":"pwb-brand","embeddable":true,"href":"https:\/\/www.autonvaraosahaku.fi\/index.php?rest_route=%2Fwp%2Fv2%2Fpwb-brand&post=51338"},{"taxonomy":"product_cat","embeddable":true,"href":"https:\/\/www.autonvaraosahaku.fi\/index.php?rest_route=%2Fwp%2Fv2%2Fproduct_cat&post=51338"},{"taxonomy":"product_tag","embeddable":true,"href":"https:\/\/www.autonvaraosahaku.fi\/index.php?rest_route=%2Fwp%2Fv2%2Fproduct_tag&post=51338"}],"curies":[{"name":"wp","href":"https:\/\/api.w.org\/{rel}","templated":true}]}}