{"id":51355,"date":"2021-02-21T17:36:14","date_gmt":"2021-02-21T17:36:14","guid":{"rendered":"https:\/\/www.autonvaraosahaku.fi\/?product=ridex-123b0077-jarrurumpu"},"modified":"2021-02-21T17:36:17","modified_gmt":"2021-02-21T17:36:17","slug":"ridex-123b0077-jarrurumpu","status":"publish","type":"product","link":"https:\/\/www.autonvaraosahaku.fi\/?product=ridex-123b0077-jarrurumpu","title":{"rendered":"RIDEX 123B0077 Jarrurumpu"},"content":{"rendered":"<p>Paino [kg]: 5,11; Reik\u00e4-\u00d8 [mm]: 62; Rumpul\u00e4pimitta: 228.6; Jarrurummun ulkol\u00e4pim. [mm]: 269,8; Suurin mahdollinen rummun sis\u00e4mitta (mm): 229,5; J-rumpu sis\u00e4leveys [mm]: 46,4; J-rumpu ulkoleveys [mm]: 58,5; Reikien m\u00e4\u00e4r\u00e4: 4; Reik\u00e4ympyr\u00e4-\u00d8 [mm]: 100; Laipan sis\u00e4l\u00e4pimitta [mm]: 62; Korvaava tuote\/korvaava tiedote 2: ilman ABS-sensorirengasta, ilman py\u00f6r\u00e4nlaakeria; Asennuspuoli: Hinterachse; BMW: 3 E30,3 Cabriolet E30,3 E21,3 Touring E30; 34211153091, 34211156297, 34211158556<\/p>\n","protected":false},"excerpt":{"rendered":"<p>RIDEX Jarrurumpu 123B0077  BMW,3 E30,3 Cabriolet E30,3 E21,3 Touring E30<\/p>\n","protected":false},"featured_media":0,"template":"","meta":{"site-sidebar-layout":"default","site-content-layout":"default","ast-global-header-display":"","ast-main-header-display":"","ast-hfb-above-header-display":"","ast-hfb-below-header-display":"","ast-hfb-mobile-header-display":"","site-post-title":"","ast-breadcrumbs-content":"","ast-featured-img":"","footer-sml-layout":"","theme-transparent-header-meta":"","adv-header-id-meta":"","stick-header-meta":"","header-above-stick-meta":"","header-main-stick-meta":"","header-below-stick-meta":""},"pwb-brand":[157],"product_cat":[304],"product_tag":[],"class_list":{"0":"post-51355","1":"product","2":"type-product","3":"status-publish","5":"pwb-brand-ridex","6":"product_cat-jarrurumpu","7":"desktop-align-left","8":"tablet-align-left","9":"mobile-align-left","11":"first","12":"instock","13":"product-type-external"},"brands":[{"id":157,"name":"RIDEX","slug":"ridex"}],"_links":{"self":[{"href":"https:\/\/www.autonvaraosahaku.fi\/index.php?rest_route=\/wp\/v2\/product\/51355","targetHints":{"allow":["GET"]}}],"collection":[{"href":"https:\/\/www.autonvaraosahaku.fi\/index.php?rest_route=\/wp\/v2\/product"}],"about":[{"href":"https:\/\/www.autonvaraosahaku.fi\/index.php?rest_route=\/wp\/v2\/types\/product"}],"wp:attachment":[{"href":"https:\/\/www.autonvaraosahaku.fi\/index.php?rest_route=%2Fwp%2Fv2%2Fmedia&parent=51355"}],"wp:term":[{"taxonomy":"pwb-brand","embeddable":true,"href":"https:\/\/www.autonvaraosahaku.fi\/index.php?rest_route=%2Fwp%2Fv2%2Fpwb-brand&post=51355"},{"taxonomy":"product_cat","embeddable":true,"href":"https:\/\/www.autonvaraosahaku.fi\/index.php?rest_route=%2Fwp%2Fv2%2Fproduct_cat&post=51355"},{"taxonomy":"product_tag","embeddable":true,"href":"https:\/\/www.autonvaraosahaku.fi\/index.php?rest_route=%2Fwp%2Fv2%2Fproduct_tag&post=51355"}],"curies":[{"name":"wp","href":"https:\/\/api.w.org\/{rel}","templated":true}]}}