{"id":51373,"date":"2021-02-21T17:36:20","date_gmt":"2021-02-21T17:36:20","guid":{"rendered":"https:\/\/www.autonvaraosahaku.fi\/?product=purflux-ahc272-raitisilmasuodatin"},"modified":"2021-02-21T17:36:23","modified_gmt":"2021-02-21T17:36:23","slug":"purflux-ahc272-raitisilmasuodatin","status":"publish","type":"product","link":"https:\/\/www.autonvaraosahaku.fi\/?product=purflux-ahc272-raitisilmasuodatin","title":{"rendered":"PURFLUX AHC272 Raitisilmasuodatin"},"content":{"rendered":"<p>Suodatintyyppi: Aktiivihiilisuodatin; Pituus (mm): 268; Leveys (mm): 196; Korkeus (mm): 32; Valmistusvuosi alkaen: 03\/2008; CITRO\u00cbN: C5 III Break TD_,C5 II Break RE_,C5 III RD_,C6 TD_; PEUGEOT: 407 SW 6E_,407 6D_,407 Coupe 6C_; 1609999080, 647945, 647946, 9682603680; Sis\u00e4ilmansuodatin,Suodatin, Sis\u00e4ilma<\/p>\n","protected":false},"excerpt":{"rendered":"<p>PURFLUX Raitisilmasuodatin AHC272 Sis\u00e4ilmansuodatin,Suodatin, Sis\u00e4ilma CITRO\u00cbN,PEUGEOT,C5 III Break TD_,C5 II Break RE_,C5 III RD_,C6 TD_,407 SW 6E_<\/p>\n","protected":false},"featured_media":0,"template":"","meta":{"site-sidebar-layout":"default","site-content-layout":"default","ast-global-header-display":"","ast-main-header-display":"","ast-hfb-above-header-display":"","ast-hfb-below-header-display":"","ast-hfb-mobile-header-display":"","site-post-title":"","ast-breadcrumbs-content":"","ast-featured-img":"","footer-sml-layout":"","theme-transparent-header-meta":"","adv-header-id-meta":"","stick-header-meta":"","header-above-stick-meta":"","header-main-stick-meta":"","header-below-stick-meta":""},"pwb-brand":[303],"product_cat":[19],"product_tag":[],"class_list":{"0":"post-51373","1":"product","2":"type-product","3":"status-publish","5":"pwb-brand-purflux","6":"product_cat-raitisilmasuodatin","7":"desktop-align-left","8":"tablet-align-left","9":"mobile-align-left","11":"first","12":"instock","13":"product-type-external"},"brands":[{"id":303,"name":"PURFLUX","slug":"purflux"}],"_links":{"self":[{"href":"https:\/\/www.autonvaraosahaku.fi\/index.php?rest_route=\/wp\/v2\/product\/51373","targetHints":{"allow":["GET"]}}],"collection":[{"href":"https:\/\/www.autonvaraosahaku.fi\/index.php?rest_route=\/wp\/v2\/product"}],"about":[{"href":"https:\/\/www.autonvaraosahaku.fi\/index.php?rest_route=\/wp\/v2\/types\/product"}],"wp:attachment":[{"href":"https:\/\/www.autonvaraosahaku.fi\/index.php?rest_route=%2Fwp%2Fv2%2Fmedia&parent=51373"}],"wp:term":[{"taxonomy":"pwb-brand","embeddable":true,"href":"https:\/\/www.autonvaraosahaku.fi\/index.php?rest_route=%2Fwp%2Fv2%2Fpwb-brand&post=51373"},{"taxonomy":"product_cat","embeddable":true,"href":"https:\/\/www.autonvaraosahaku.fi\/index.php?rest_route=%2Fwp%2Fv2%2Fproduct_cat&post=51373"},{"taxonomy":"product_tag","embeddable":true,"href":"https:\/\/www.autonvaraosahaku.fi\/index.php?rest_route=%2Fwp%2Fv2%2Fproduct_tag&post=51373"}],"curies":[{"name":"wp","href":"https:\/\/api.w.org\/{rel}","templated":true}]}}