{"id":51382,"date":"2021-02-21T17:36:26","date_gmt":"2021-02-21T17:36:26","guid":{"rendered":"https:\/\/www.autonvaraosahaku.fi\/?product=ridex-82b1172-jarrulevyt"},"modified":"2021-02-21T17:36:26","modified_gmt":"2021-02-21T17:36:26","slug":"ridex-82b1172-jarrulevyt","status":"publish","type":"product","link":"https:\/\/www.autonvaraosahaku.fi\/?product=ridex-82b1172-jarrulevyt","title":{"rendered":"RIDEX 82B1172 Jarrulevyt"},"content":{"rendered":"<p>Ulkol\u00e4pimitta [mm]: 295,0; Jarrulevyn paksuus (mm): 28,0; V\u00e4himm\u00e4ispaksuus (mm): 25,4; Jarrulevytyyppi: Tuuletettu; Korvaava tuote\/korvaava tiedote 2: Ruuveilla; Reik\u00e4ympyr\u00e4-\u00d8 [mm]: 112,0; Korkeus (mm): 51,1; keskitt\u00e4misl\u00e4pimitta [mm]: 67,0; Sis\u00e4l\u00e4pimitta [mm]: 154,6; Reik\u00e4-\u00d8 [mm]: 15,0; Reik\u00e4kuvio\/-m\u00e4\u00e4r\u00e4: 5\/6; Erikoisajoneuvo: f\u00fcr Taxifahrzeuge; MERCEDES-BENZ: B-CLASS W245,B-CLASS W246, W242,A-CLASS W176,CLA Coupe C117,GLA-CLASS X156,CLA Shooting Brake X117; 2464212412, A2464212412; Jarrulevy<\/p>\n","protected":false},"excerpt":{"rendered":"<p>RIDEX Jarrulevyt 82B1172 Jarrulevy MERCEDES-BENZ,B-CLASS W245,B-CLASS W246, W242,A-CLASS W176,CLA Coupe C117,GLA-CLASS X156,CLA Shooting Brake X117<\/p>\n","protected":false},"featured_media":0,"template":"","meta":{"site-sidebar-layout":"default","site-content-layout":"default","ast-global-header-display":"","ast-main-header-display":"","ast-hfb-above-header-display":"","ast-hfb-below-header-display":"","ast-hfb-mobile-header-display":"","site-post-title":"","ast-breadcrumbs-content":"","ast-featured-img":"","footer-sml-layout":"","theme-transparent-header-meta":"","adv-header-id-meta":"","stick-header-meta":"","header-above-stick-meta":"","header-main-stick-meta":"","header-below-stick-meta":""},"pwb-brand":[157],"product_cat":[66],"product_tag":[],"class_list":{"0":"post-51382","1":"product","2":"type-product","3":"status-publish","5":"pwb-brand-ridex","6":"product_cat-jarrulevyt","7":"desktop-align-left","8":"tablet-align-left","9":"mobile-align-left","11":"first","12":"instock","13":"product-type-external"},"brands":[{"id":157,"name":"RIDEX","slug":"ridex"}],"_links":{"self":[{"href":"https:\/\/www.autonvaraosahaku.fi\/index.php?rest_route=\/wp\/v2\/product\/51382","targetHints":{"allow":["GET"]}}],"collection":[{"href":"https:\/\/www.autonvaraosahaku.fi\/index.php?rest_route=\/wp\/v2\/product"}],"about":[{"href":"https:\/\/www.autonvaraosahaku.fi\/index.php?rest_route=\/wp\/v2\/types\/product"}],"wp:attachment":[{"href":"https:\/\/www.autonvaraosahaku.fi\/index.php?rest_route=%2Fwp%2Fv2%2Fmedia&parent=51382"}],"wp:term":[{"taxonomy":"pwb-brand","embeddable":true,"href":"https:\/\/www.autonvaraosahaku.fi\/index.php?rest_route=%2Fwp%2Fv2%2Fpwb-brand&post=51382"},{"taxonomy":"product_cat","embeddable":true,"href":"https:\/\/www.autonvaraosahaku.fi\/index.php?rest_route=%2Fwp%2Fv2%2Fproduct_cat&post=51382"},{"taxonomy":"product_tag","embeddable":true,"href":"https:\/\/www.autonvaraosahaku.fi\/index.php?rest_route=%2Fwp%2Fv2%2Fproduct_tag&post=51382"}],"curies":[{"name":"wp","href":"https:\/\/api.w.org\/{rel}","templated":true}]}}