{"id":51391,"date":"2021-02-21T17:36:26","date_gmt":"2021-02-21T17:36:26","guid":{"rendered":"https:\/\/www.autonvaraosahaku.fi\/?product=febi-bilstein-37059-jaahdytysnesteen-lampotila-anturi"},"modified":"2021-02-21T17:36:28","modified_gmt":"2021-02-21T17:36:28","slug":"febi-bilstein-37059-jaahdytysnesteen-lampotila-anturi","status":"publish","type":"product","link":"https:\/\/www.autonvaraosahaku.fi\/?product=febi-bilstein-37059-jaahdytysnesteen-lampotila-anturi","title":{"rendered":"FEBI BILSTEIN 37059 J\u00e4\u00e4hdytysnesteen l\u00e4mp\u00f6tila anturi"},"content":{"rendered":"<p>Paksuus [mm]: 51,0; Ulkokierre [mm]: M14 x 1,5; Avainv\u00e4li: 19; Liittimi\u00e4: 2; Paino [kg]: 0,020, 0,020; Moottorinumero: M104; MERCEDES-BENZ: C-CLASS W203,E-CLASS W211,C-CLASS W204,A-CLASS W169,B-CLASS W245,C-CLASS T-Model S204,C-CLASS T-Model S203,C-CLASS W202,E-CLASS T-Model S211,SLK R170,E-CLASS W210,E-CLASS W212,VIANO W639,B-CLASS W246, W242,M-CLASS W164,C-CLASS Coupe CL203,M-CLASS W163,E-CLASS T-Model S212,GLK-CLASS X204,E-CLASS Kombi S210,VITO Bus W639,CLK C208,A-CLASS W176,SL R129,CLK C209,C-CLASS Kombi S202,S-CLASS W220,VITO \/ MIXTO Kasten W639,SPRINTER 3,5-t Kasten 906,S-CLASS W221,CLS C219,SL R230,R-CLASS W251, V251,M-CLASS W166,G-CLASS W463,VITO Bus 638,E-CLASS Coupe C207,CLK Cabriolet A208,CLK Cabriolet A209,CLA Coupe C117,S-CLASS W140,C-CLASS Coupe C204,SPRINTER 3-t Kasten 903,SPRINTER 3,5-t Bus 906,SPRINTER 2-t Bus 901, 902,SPRINTER 3-t Kasten 906,SLK R172,V-CLASS 638\/2,E-CLASS Cabriolet A207,CLC-CLASS CL203,GL-CLASS X164,G-CLASS W461,SPRINTER 2-t Kasten 901, 902,SPRINTER 3-t Bus 903,CLS C218,SPRINTER 3,5-t Pritsche\/Fahrgestell 906,SPRINTER 3-t Pritsche\/Fahrgestell 903,S-CLASS C; SMART: FORTWO Coupe 451,FORFOUR 454,FORTWO Cabrio 451; JEEP: GRAND CHEROKEE III WH, WK,COMMANDER XK; CHRYSLER: PT CRUISER PT_,300 C Touring LX,300 C LX; 05103534AA, 05103534AB, 5103534AB, K05103534AA, 05103534AA, 05103534AB, 5103534AB, K05103534AA, 05103534AB, 5103534AB, 0005426218, 0051532328, 0051536328, A0005426218, A0051532328, A0051536328, 0051532328, 0051536328, A0051532328, A0051536328; J\u00e4\u00e4hdytysnestel\u00e4mp\u00f6tilan Sensori<\/p>\n","protected":false},"excerpt":{"rendered":"<p>FEBI BILSTEIN J\u00e4\u00e4hdytysnesteen L\u00e4mp\u00f6tila Anturi 37059 J\u00e4\u00e4hdytysnestel\u00e4mp\u00f6tilan Sensori MERCEDES-BENZ,SMART,JEEP,C-CLASS W203,E-CLASS W211,C-CLASS W204<\/p>\n","protected":false},"featured_media":0,"template":"","meta":{"site-sidebar-layout":"default","site-content-layout":"default","ast-global-header-display":"","ast-main-header-display":"","ast-hfb-above-header-display":"","ast-hfb-below-header-display":"","ast-hfb-mobile-header-display":"","site-post-title":"","ast-breadcrumbs-content":"","ast-featured-img":"","footer-sml-layout":"","theme-transparent-header-meta":"","adv-header-id-meta":"","stick-header-meta":"","header-above-stick-meta":"","header-main-stick-meta":"","header-below-stick-meta":""},"pwb-brand":[50],"product_cat":[200],"product_tag":[],"class_list":{"0":"post-51391","1":"product","2":"type-product","3":"status-publish","5":"pwb-brand-febi-bilstein","6":"product_cat-jaahdytysnesteen-lampotila-anturi","7":"desktop-align-left","8":"tablet-align-left","9":"mobile-align-left","11":"first","12":"instock","13":"product-type-external"},"brands":[{"id":50,"name":"FEBI BILSTEIN","slug":"febi-bilstein"}],"_links":{"self":[{"href":"https:\/\/www.autonvaraosahaku.fi\/index.php?rest_route=\/wp\/v2\/product\/51391","targetHints":{"allow":["GET"]}}],"collection":[{"href":"https:\/\/www.autonvaraosahaku.fi\/index.php?rest_route=\/wp\/v2\/product"}],"about":[{"href":"https:\/\/www.autonvaraosahaku.fi\/index.php?rest_route=\/wp\/v2\/types\/product"}],"wp:attachment":[{"href":"https:\/\/www.autonvaraosahaku.fi\/index.php?rest_route=%2Fwp%2Fv2%2Fmedia&parent=51391"}],"wp:term":[{"taxonomy":"pwb-brand","embeddable":true,"href":"https:\/\/www.autonvaraosahaku.fi\/index.php?rest_route=%2Fwp%2Fv2%2Fpwb-brand&post=51391"},{"taxonomy":"product_cat","embeddable":true,"href":"https:\/\/www.autonvaraosahaku.fi\/index.php?rest_route=%2Fwp%2Fv2%2Fproduct_cat&post=51391"},{"taxonomy":"product_tag","embeddable":true,"href":"https:\/\/www.autonvaraosahaku.fi\/index.php?rest_route=%2Fwp%2Fv2%2Fproduct_tag&post=51391"}],"curies":[{"name":"wp","href":"https:\/\/api.w.org\/{rel}","templated":true}]}}