{"id":51430,"date":"2021-02-21T17:36:37","date_gmt":"2021-02-21T17:36:37","guid":{"rendered":"https:\/\/www.autonvaraosahaku.fi\/?product=elring-440-780-kampiakselin-tiiviste"},"modified":"2021-02-21T17:36:39","modified_gmt":"2021-02-21T17:36:39","slug":"elring-440-780-kampiakselin-tiiviste","status":"publish","type":"product","link":"https:\/\/www.autonvaraosahaku.fi\/?product=elring-440-780-kampiakselin-tiiviste","title":{"rendered":"ELRING 440.780 Kampiakselin tiiviste"},"content":{"rendered":"<p>Sis\u00e4l\u00e4pimitta [mm]: 64; Ulkol\u00e4pimitta [mm]: 80; Korkeus (mm): 8; Akselitiivisteen malli: AW\/BS; Rihlamalli: Vasen kierre; Materiaali: ACM (polyakryyli-kautsu); Suojavaippa: Suojakumilla; Asennuspuoli: getriebeseitig; SEAT: MARBELLA 28,IBIZA I 021A,TERRA Kasten 024A,127 127A,MARBELLA Kasten 028A,600 D,MALAGA 023A,TERRA 24,RONDA 022A,PANDA 141A,FURA 025A,RITMO 138; LANCIA: DELTA I 831AB0,DELTA II 836,DEDRA 835,A 112,DEDRA SW 835,PRISMA 831AB0; FIAT: SEICENTO 187,PUNTO 176,CINQUECENTO 170,PANDA 141A_,BRAVO I 182,BRAVA 182,SCUDO Kasten 220L,MAREA Weekend 185,UNO 146A\/E,X 1\/9 128 AS,SCUDO Combinato 220P,127,PALIO Weekend 178DX,FIORINO Kasten 146,600,SEICENTO Van 187,850 Spider,TIPO 160,850,128 Coupe,128,850 Coupe,PANDA Van 141_,MAREA 185,TEMPRA 159,RITMO I 138A,TEMPRA S.W. 159,FIORINO Pick up 146,REGATA 138,RITMO Cabriolet,PALIO 178BX,127 Panorama,128 Familiare,FIORINO 127,UNO Kasten 146,SIENA 178_,147,REGATA Weekend 138,147 Panorama,ELBA 146_,SCUDO Pritsche\/Fahrgestell 220_; CITRO\u00cbN: JUMPY U6U,JUMPY Kasten BS_, BT_, BY_, BZ_; PEUGEOT: EXPERT Kasten 222,EXPERT 224,EXPERT Pritsche\/Fahrgestell 223; ZASTAVA: 101 1100,YUGO,YUGO FLORIDA; INNOCENTI: ELBA 146; 051477, 40004280, 40004350, 051477; Akselitiiviste, Kampiakseli<\/p>\n","protected":false},"excerpt":{"rendered":"<p>ELRING Kampiakselin Tiiviste 440.780 Akselitiiviste, Kampiakseli SEAT,LANCIA,FIAT,MARBELLA 28,IBIZA I 021A,TERRA Kasten 024A,127 127A<\/p>\n","protected":false},"featured_media":0,"template":"","meta":{"site-sidebar-layout":"default","site-content-layout":"default","ast-global-header-display":"","ast-main-header-display":"","ast-hfb-above-header-display":"","ast-hfb-below-header-display":"","ast-hfb-mobile-header-display":"","site-post-title":"","ast-breadcrumbs-content":"","ast-featured-img":"","footer-sml-layout":"","theme-transparent-header-meta":"","adv-header-id-meta":"","stick-header-meta":"","header-above-stick-meta":"","header-main-stick-meta":"","header-below-stick-meta":""},"pwb-brand":[26],"product_cat":[88],"product_tag":[],"class_list":{"0":"post-51430","1":"product","2":"type-product","3":"status-publish","5":"pwb-brand-elring","6":"product_cat-kampiakselin-tiiviste","7":"desktop-align-left","8":"tablet-align-left","9":"mobile-align-left","11":"first","12":"instock","13":"product-type-external"},"brands":[{"id":26,"name":"ELRING","slug":"elring"}],"_links":{"self":[{"href":"https:\/\/www.autonvaraosahaku.fi\/index.php?rest_route=\/wp\/v2\/product\/51430","targetHints":{"allow":["GET"]}}],"collection":[{"href":"https:\/\/www.autonvaraosahaku.fi\/index.php?rest_route=\/wp\/v2\/product"}],"about":[{"href":"https:\/\/www.autonvaraosahaku.fi\/index.php?rest_route=\/wp\/v2\/types\/product"}],"wp:attachment":[{"href":"https:\/\/www.autonvaraosahaku.fi\/index.php?rest_route=%2Fwp%2Fv2%2Fmedia&parent=51430"}],"wp:term":[{"taxonomy":"pwb-brand","embeddable":true,"href":"https:\/\/www.autonvaraosahaku.fi\/index.php?rest_route=%2Fwp%2Fv2%2Fpwb-brand&post=51430"},{"taxonomy":"product_cat","embeddable":true,"href":"https:\/\/www.autonvaraosahaku.fi\/index.php?rest_route=%2Fwp%2Fv2%2Fproduct_cat&post=51430"},{"taxonomy":"product_tag","embeddable":true,"href":"https:\/\/www.autonvaraosahaku.fi\/index.php?rest_route=%2Fwp%2Fv2%2Fproduct_tag&post=51430"}],"curies":[{"name":"wp","href":"https:\/\/api.w.org\/{rel}","templated":true}]}}