{"id":51437,"date":"2021-02-21T17:36:37","date_gmt":"2021-02-21T17:36:37","guid":{"rendered":"https:\/\/www.autonvaraosahaku.fi\/?product=elring-773-740-oljypohjan-tiiviste"},"modified":"2021-02-21T17:36:41","modified_gmt":"2021-02-21T17:36:41","slug":"elring-773-740-oljypohjan-tiiviste","status":"publish","type":"product","link":"https:\/\/www.autonvaraosahaku.fi\/?product=elring-773-740-oljypohjan-tiiviste","title":{"rendered":"ELRING 773.740 \u00d6ljypohjan tiiviste"},"content":{"rendered":"<p>Lohkon materiaali: Harmaa valurauta; TECDOC-moottorinumero: 4277; PEUGEOT: 206 Schr\u00e4gheck 2A\/C,106 II 1,306 Schr\u00e4gheck 7A, 7C, N3, N5,306 Cabriolet 7D, N3, N5,106 I 1A, 1C,306 Break 7E, N3, N5,306 7B, N3, N5,106 Van 1_; CITRO\u00cbN: XSARA PICASSO N68,SAXO S0, S1,XSARA N1,XSARA Break N2,XSARA Coupe N0,AX ZA-_,ZX Break N2,C15 VD-_,XSARA Kasten,SAXO Hatchback van S3_,XSARA Kasten\/Schr\u00e4gheck; NISSAN: MICRA II K11; ROVER: 100 \/ METRO XP; Tiiviste, \u00d6ljypohja<\/p>\n","protected":false},"excerpt":{"rendered":"<p>ELRING \u00d6ljypohjan Tiiviste 773.740 Tiiviste, \u00d6ljypohja PEUGEOT,CITRO\u00cbN,NISSAN,206 Schr\u00e4gheck 2A\/C,106 II 1,306 Schr\u00e4gheck 7A, 7C, N3, N5<\/p>\n","protected":false},"featured_media":0,"template":"","meta":{"site-sidebar-layout":"default","site-content-layout":"default","ast-global-header-display":"","ast-main-header-display":"","ast-hfb-above-header-display":"","ast-hfb-below-header-display":"","ast-hfb-mobile-header-display":"","site-post-title":"","ast-breadcrumbs-content":"","ast-featured-img":"","footer-sml-layout":"","theme-transparent-header-meta":"","adv-header-id-meta":"","stick-header-meta":"","header-above-stick-meta":"","header-main-stick-meta":"","header-below-stick-meta":""},"pwb-brand":[26],"product_cat":[180],"product_tag":[],"class_list":{"0":"post-51437","1":"product","2":"type-product","3":"status-publish","5":"pwb-brand-elring","6":"product_cat-oljypohjan-tiiviste","7":"desktop-align-left","8":"tablet-align-left","9":"mobile-align-left","11":"first","12":"instock","13":"product-type-external"},"brands":[{"id":26,"name":"ELRING","slug":"elring"}],"_links":{"self":[{"href":"https:\/\/www.autonvaraosahaku.fi\/index.php?rest_route=\/wp\/v2\/product\/51437","targetHints":{"allow":["GET"]}}],"collection":[{"href":"https:\/\/www.autonvaraosahaku.fi\/index.php?rest_route=\/wp\/v2\/product"}],"about":[{"href":"https:\/\/www.autonvaraosahaku.fi\/index.php?rest_route=\/wp\/v2\/types\/product"}],"wp:attachment":[{"href":"https:\/\/www.autonvaraosahaku.fi\/index.php?rest_route=%2Fwp%2Fv2%2Fmedia&parent=51437"}],"wp:term":[{"taxonomy":"pwb-brand","embeddable":true,"href":"https:\/\/www.autonvaraosahaku.fi\/index.php?rest_route=%2Fwp%2Fv2%2Fpwb-brand&post=51437"},{"taxonomy":"product_cat","embeddable":true,"href":"https:\/\/www.autonvaraosahaku.fi\/index.php?rest_route=%2Fwp%2Fv2%2Fproduct_cat&post=51437"},{"taxonomy":"product_tag","embeddable":true,"href":"https:\/\/www.autonvaraosahaku.fi\/index.php?rest_route=%2Fwp%2Fv2%2Fproduct_tag&post=51437"}],"curies":[{"name":"wp","href":"https:\/\/api.w.org\/{rel}","templated":true}]}}