{"id":51438,"date":"2021-02-21T17:36:37","date_gmt":"2021-02-21T17:36:37","guid":{"rendered":"https:\/\/www.autonvaraosahaku.fi\/?product=elring-773-280-imusarjan-tiivisteet"},"modified":"2021-02-21T17:36:41","modified_gmt":"2021-02-21T17:36:41","slug":"elring-773-280-imusarjan-tiivisteet","status":"publish","type":"product","link":"https:\/\/www.autonvaraosahaku.fi\/?product=elring-773-280-imusarjan-tiivisteet","title":{"rendered":"ELRING 773.280 Imusarjan tiivisteet"},"content":{"rendered":"<p>Tarvittava kappalem\u00e4\u00e4r\u00e4: 2; Asennuspuoli: Sylinterikansi; RENAULT: TWINGO I C06_,CLIO II BB0\/1\/2_, CB0\/1\/2_,KANGOO KC0\/1_,TWINGO II CN0_,KANGOO Express FC0\/1_,CLIO I B\/C57_, 5\/357_,TWINGO I Kasten S06_,CLIO II Kasten SB0\/1\/2_,THALIA I LB0\/1\/2_; NISSAN: KUBISTAR Kasten X80; 140352460R, 7701204945; Tiiviste, Imusarja<\/p>\n","protected":false},"excerpt":{"rendered":"<p>ELRING Imusarjan Tiivisteet 773.280 Tiiviste, Imusarja RENAULT,NISSAN,TWINGO I C06_,CLIO II BB0\/1\/2_, CB0\/1\/2_,KANGOO KC0\/1_,TWINGO II CN0_<\/p>\n","protected":false},"featured_media":0,"template":"","meta":{"site-sidebar-layout":"default","site-content-layout":"default","ast-global-header-display":"","ast-main-header-display":"","ast-hfb-above-header-display":"","ast-hfb-below-header-display":"","ast-hfb-mobile-header-display":"","site-post-title":"","ast-breadcrumbs-content":"","ast-featured-img":"","footer-sml-layout":"","theme-transparent-header-meta":"","adv-header-id-meta":"","stick-header-meta":"","header-above-stick-meta":"","header-main-stick-meta":"","header-below-stick-meta":""},"pwb-brand":[26],"product_cat":[43],"product_tag":[],"class_list":{"0":"post-51438","1":"product","2":"type-product","3":"status-publish","5":"pwb-brand-elring","6":"product_cat-imusarjan-tiivisteet","7":"desktop-align-left","8":"tablet-align-left","9":"mobile-align-left","11":"first","12":"instock","13":"product-type-external"},"brands":[{"id":26,"name":"ELRING","slug":"elring"}],"_links":{"self":[{"href":"https:\/\/www.autonvaraosahaku.fi\/index.php?rest_route=\/wp\/v2\/product\/51438","targetHints":{"allow":["GET"]}}],"collection":[{"href":"https:\/\/www.autonvaraosahaku.fi\/index.php?rest_route=\/wp\/v2\/product"}],"about":[{"href":"https:\/\/www.autonvaraosahaku.fi\/index.php?rest_route=\/wp\/v2\/types\/product"}],"wp:attachment":[{"href":"https:\/\/www.autonvaraosahaku.fi\/index.php?rest_route=%2Fwp%2Fv2%2Fmedia&parent=51438"}],"wp:term":[{"taxonomy":"pwb-brand","embeddable":true,"href":"https:\/\/www.autonvaraosahaku.fi\/index.php?rest_route=%2Fwp%2Fv2%2Fpwb-brand&post=51438"},{"taxonomy":"product_cat","embeddable":true,"href":"https:\/\/www.autonvaraosahaku.fi\/index.php?rest_route=%2Fwp%2Fv2%2Fproduct_cat&post=51438"},{"taxonomy":"product_tag","embeddable":true,"href":"https:\/\/www.autonvaraosahaku.fi\/index.php?rest_route=%2Fwp%2Fv2%2Fproduct_tag&post=51438"}],"curies":[{"name":"wp","href":"https:\/\/api.w.org\/{rel}","templated":true}]}}