{"id":51462,"date":"2021-02-21T17:36:48","date_gmt":"2021-02-21T17:36:48","guid":{"rendered":"https:\/\/www.autonvaraosahaku.fi\/?product=trw-gdb1783-jarrupalat"},"modified":"2021-02-21T17:36:49","modified_gmt":"2021-02-21T17:36:49","slug":"trw-gdb1783-jarrupalat","status":"publish","type":"product","link":"https:\/\/www.autonvaraosahaku.fi\/?product=trw-gdb1783-jarrupalat","title":{"rendered":"TRW GDB1783 Jarrupalat"},"content":{"rendered":"<p>Valmistaja rajaus: MANDO; Pituus (mm): 142,0; Korkeus (mm): 66,7; Paksuus [mm]: 18,8; Kulumisenilmaisimen liitos: akustisella kulumavaroittimella; Tarkistuskilpi: E9 90R &#8211; 01107\/2263; M\u00e4\u00e4r\u00e4yksikk\u00f6: Akselisarja; Tuotelinja: COTEC; Asennuspuoli: Vorderachse; CHEVROLET: CAMARO GMX511,MALIBU V300; SAAB: 9-5 YS3G; OPEL: ASTRA J Sports Tourer,INSIGNIA Caravan,ASTRA J,ZAFIRA TOURER C P12,INSIGNIA,INSIGNIA Stufenheck,ASTRA GTC J,ASTRA J Stufenheck,CASCADA W13,INSIGNIA A Country Tourer G09; BUICK (SGM): REGAL II; VAUXHALL: INSIGNIA Mk I A,INSIGNIA Mk I A Estate,ZAFIRA Mk III P12,ASTRA Mk VI J CC,ASTRA Mk VI J,INSIGNIA Mk I A Sedan,ASTRA Mk VI J Estate,INSIGNIA Mk I A Country Tourer G09; 13237751, 1605434, 9006945, 13237751, 1605232, 1605434, 22959104, 92230269, 92257988, 13237751, 1605186, 1605232, 1605434, 22959104, 95514526, 13237751, 1605434, 13237751, 1605186, 1605232, 1605434, 22959104, 92230269, 95514526; Jarrupalasarja,Jarrupala, Levyjarru<\/p>\n","protected":false},"excerpt":{"rendered":"<p>TRW Jarrupalat GDB1783 Jarrupalasarja,Jarrupala, Levyjarru CHEVROLET,SAAB,OPEL,CAMARO GMX511,MALIBU V300,9-5 YS3G,ASTRA J Sports Tourer<\/p>\n","protected":false},"featured_media":0,"template":"","meta":{"site-sidebar-layout":"default","site-content-layout":"default","ast-global-header-display":"","ast-main-header-display":"","ast-hfb-above-header-display":"","ast-hfb-below-header-display":"","ast-hfb-mobile-header-display":"","site-post-title":"","ast-breadcrumbs-content":"","ast-featured-img":"","footer-sml-layout":"","theme-transparent-header-meta":"","adv-header-id-meta":"","stick-header-meta":"","header-above-stick-meta":"","header-main-stick-meta":"","header-below-stick-meta":""},"pwb-brand":[332],"product_cat":[100],"product_tag":[],"class_list":{"0":"post-51462","1":"product","2":"type-product","3":"status-publish","5":"pwb-brand-trw","6":"product_cat-jarrupalat","7":"desktop-align-left","8":"tablet-align-left","9":"mobile-align-left","11":"first","12":"instock","13":"product-type-external"},"brands":[{"id":332,"name":"TRW","slug":"trw"}],"_links":{"self":[{"href":"https:\/\/www.autonvaraosahaku.fi\/index.php?rest_route=\/wp\/v2\/product\/51462","targetHints":{"allow":["GET"]}}],"collection":[{"href":"https:\/\/www.autonvaraosahaku.fi\/index.php?rest_route=\/wp\/v2\/product"}],"about":[{"href":"https:\/\/www.autonvaraosahaku.fi\/index.php?rest_route=\/wp\/v2\/types\/product"}],"wp:attachment":[{"href":"https:\/\/www.autonvaraosahaku.fi\/index.php?rest_route=%2Fwp%2Fv2%2Fmedia&parent=51462"}],"wp:term":[{"taxonomy":"pwb-brand","embeddable":true,"href":"https:\/\/www.autonvaraosahaku.fi\/index.php?rest_route=%2Fwp%2Fv2%2Fpwb-brand&post=51462"},{"taxonomy":"product_cat","embeddable":true,"href":"https:\/\/www.autonvaraosahaku.fi\/index.php?rest_route=%2Fwp%2Fv2%2Fproduct_cat&post=51462"},{"taxonomy":"product_tag","embeddable":true,"href":"https:\/\/www.autonvaraosahaku.fi\/index.php?rest_route=%2Fwp%2Fv2%2Fproduct_tag&post=51462"}],"curies":[{"name":"wp","href":"https:\/\/api.w.org\/{rel}","templated":true}]}}