{"id":51482,"date":"2021-02-21T17:36:54","date_gmt":"2021-02-21T17:36:54","guid":{"rendered":"https:\/\/www.autonvaraosahaku.fi\/?product=febi-bilstein-30967-kierretulppa"},"modified":"2021-02-21T17:36:54","modified_gmt":"2021-02-21T17:36:54","slug":"febi-bilstein-30967-kierretulppa","status":"publish","type":"product","link":"https:\/\/www.autonvaraosahaku.fi\/?product=febi-bilstein-30967-kierretulppa","title":{"rendered":"FEBI BILSTEIN 30967 Kierretulppa"},"content":{"rendered":"<p>Pituus (mm): 13; Ulkol\u00e4pimitta [mm]: 17,0; Ulkokierre [mm]: M12 x 1,5; Kierteen pituus (mm): 8; Avainv\u00e4li: 17; Ruuvikanta\/mutteriprofiili: Kuusiokolo, sis\u00e4; Materiaali: Ter\u00e4s; Pinta: Sinkitetty; Ruuvin pituus ilman p\u00e4\u00e4t\u00e4: 10; Paino [kg]: 0,012; Kierremitta: M12 x 1,5, M12 x 1,5; Valmistusvuosi alkaen: 04\/1994; BMW: 3 E46,3 Touring E91,3 E90,5 E39,1 E87,3 Touring E46,5 Touring E39,3 Compact E46,3 Coupe E46,X1 E84,1 E81,X5 E53,3 Coupe E92,3 Cabriolet E46,7 E38,Z4 E85,5 E34,3 Cabriolet E93,1 Cabriolet E88,1 Coupe E82,7 E32,8 E31,5 Touring E34; LAND ROVER: RANGE ROVER III LM; 11131704397, 11131742994, 11137568309, LSF000010; \u00d6ljytulppa,Kierretulppa, \u00d6ljypohja<\/p>\n","protected":false},"excerpt":{"rendered":"<p>FEBI BILSTEIN Kierretulppa 30967 \u00d6ljytulppa,Kierretulppa, \u00d6ljypohja BMW,LAND ROVER,3 E46,3 Touring E91,3 E90,5 E39,1 E87,3 Touring E46,5 Touring E39<\/p>\n","protected":false},"featured_media":0,"template":"","meta":{"site-sidebar-layout":"default","site-content-layout":"default","ast-global-header-display":"","ast-main-header-display":"","ast-hfb-above-header-display":"","ast-hfb-below-header-display":"","ast-hfb-mobile-header-display":"","site-post-title":"","ast-breadcrumbs-content":"","ast-featured-img":"","footer-sml-layout":"","theme-transparent-header-meta":"","adv-header-id-meta":"","stick-header-meta":"","header-above-stick-meta":"","header-main-stick-meta":"","header-below-stick-meta":""},"pwb-brand":[50],"product_cat":[40],"product_tag":[],"class_list":{"0":"post-51482","1":"product","2":"type-product","3":"status-publish","5":"pwb-brand-febi-bilstein","6":"product_cat-kierretulppa","7":"desktop-align-left","8":"tablet-align-left","9":"mobile-align-left","11":"first","12":"instock","13":"product-type-external"},"brands":[{"id":50,"name":"FEBI BILSTEIN","slug":"febi-bilstein"}],"_links":{"self":[{"href":"https:\/\/www.autonvaraosahaku.fi\/index.php?rest_route=\/wp\/v2\/product\/51482","targetHints":{"allow":["GET"]}}],"collection":[{"href":"https:\/\/www.autonvaraosahaku.fi\/index.php?rest_route=\/wp\/v2\/product"}],"about":[{"href":"https:\/\/www.autonvaraosahaku.fi\/index.php?rest_route=\/wp\/v2\/types\/product"}],"wp:attachment":[{"href":"https:\/\/www.autonvaraosahaku.fi\/index.php?rest_route=%2Fwp%2Fv2%2Fmedia&parent=51482"}],"wp:term":[{"taxonomy":"pwb-brand","embeddable":true,"href":"https:\/\/www.autonvaraosahaku.fi\/index.php?rest_route=%2Fwp%2Fv2%2Fpwb-brand&post=51482"},{"taxonomy":"product_cat","embeddable":true,"href":"https:\/\/www.autonvaraosahaku.fi\/index.php?rest_route=%2Fwp%2Fv2%2Fproduct_cat&post=51482"},{"taxonomy":"product_tag","embeddable":true,"href":"https:\/\/www.autonvaraosahaku.fi\/index.php?rest_route=%2Fwp%2Fv2%2Fproduct_tag&post=51482"}],"curies":[{"name":"wp","href":"https:\/\/api.w.org\/{rel}","templated":true}]}}