{"id":51487,"date":"2021-02-21T17:36:54","date_gmt":"2021-02-21T17:36:54","guid":{"rendered":"https:\/\/www.autonvaraosahaku.fi\/?product=hjs-83-32-4006-pakoputken-asennussarja"},"modified":"2021-02-21T17:36:55","modified_gmt":"2021-02-21T17:36:55","slug":"hjs-83-32-4006-pakoputken-asennussarja","status":"publish","type":"product","link":"https:\/\/www.autonvaraosahaku.fi\/?product=hjs-83-32-4006-pakoputken-asennussarja","title":{"rendered":"HJS 83 32 4006 Pakoputken asennussarja"},"content":{"rendered":"<p>L\u00e4pimitta [mm]: 70; Putkiliitokset: Kiristin; Pakoputkisto: f\u00fcr Mittelschalld\u00e4mpfer; SUZUKI: SX4 EY, GY; OPEL: CROSSLAND X,GRANDLAND X A18; LANCIA: ZETA 220; FORD: KUGA II DM2,MONDEO V Turnier,S-MAX,MONDEO V Stufenheck,GALAXY,MONDEO V Schr\u00e4gheck; TOYOTA: PROACE Kasten\/Kombi; FIAT: SCUDO 270_,SCUDO Kasten 270_,ULYSSE 220,SCUDO Kasten 220L,SCUDO Combinato 220P,SCUDO Pritsche\/Fahrgestell 270_,SCUDO Pritsche\/Fahrgestell 220_; CITRO\u00cbN: XSARA PICASSO N68,C2 JM_,C3 I FC_,BERLINGO B9,C4 I LC_,DS3,C3 Picasso,C3 II,XSARA N1,C4 Coupe LA_,C3 Pluriel HB_,XSARA Break N2,BERLINGO Kasten B9,XANTIA X2,XSARA Coupe N0,XANTIA X1,EVASION 22, U6,ZX N2,JUMPY U6U,JUMPY Kasten BS_, BT_, BY_, BZ_,DS3 Cabriolet,XANTIA Break X1,ZX Break N2,JUMPY Pritsche\/Fahrgestell BU_, BV_, BW_, BX_,JUMPY Kasten,SPACETOURER,JUMPY; PEUGEOT: 206 Schr\u00e4gheck 2A\/C,207 WA_, WC_,307 SW 3H,207 CC WD_,407 SW 6E_,307 3A\/C,207 SW WK_,206 SW 2E\/K,208,206+ T3E,307 Break 3E,306 Schr\u00e4gheck 7A, 7C, N3, N5,407 6D_,406 Break 8E\/F,PARTNER Tepee,2008,406 Coupe 8C,306 Break 7E, N3, N5,406 8B,806 221,306 7B, N3, N5,PARTNER Kasten,EXPERT Kasten 222,605 6B,EXPERT 224,EXPERT Pritsche\/Fahrgestell 223,EXPERT Kasten,TRAVELLER; DS: DS 3,DS5,DS 4 \/ DS 4 CROSSBACK,DS 3 Cabriolet; 171352, 171365, 171366, 171375, 9401713529, 9612645880, 9624037180, 9624573280, 9629138180, 1836875, 1882898, DS719U501AA, DS719U501DA, 1584A257, 3639222, 171352, 171365, 171366, 171375, 1412573J00000, 1412669K00000, 90461WX001; Putkenliitin, Pakoputkisto<\/p>\n","protected":false},"excerpt":{"rendered":"<p>HJS Pakoputken Kiristin 83 32 4006 Putkenliitin, Pakoputkisto SUZUKI,OPEL,LANCIA,SX4 EY, GY,CROSSLAND X,GRANDLAND X A18,ZETA 220,KUGA II DM2<\/p>\n","protected":false},"featured_media":0,"template":"","meta":{"site-sidebar-layout":"default","site-content-layout":"default","ast-global-header-display":"","ast-main-header-display":"","ast-hfb-above-header-display":"","ast-hfb-below-header-display":"","ast-hfb-mobile-header-display":"","site-post-title":"","ast-breadcrumbs-content":"","ast-featured-img":"","footer-sml-layout":"","theme-transparent-header-meta":"","adv-header-id-meta":"","stick-header-meta":"","header-above-stick-meta":"","header-main-stick-meta":"","header-below-stick-meta":""},"pwb-brand":[344],"product_cat":[101],"product_tag":[],"class_list":{"0":"post-51487","1":"product","2":"type-product","3":"status-publish","5":"pwb-brand-hjs","6":"product_cat-pakoputken-asennussarja","7":"desktop-align-left","8":"tablet-align-left","9":"mobile-align-left","11":"first","12":"instock","13":"product-type-external"},"brands":[{"id":344,"name":"HJS","slug":"hjs"}],"_links":{"self":[{"href":"https:\/\/www.autonvaraosahaku.fi\/index.php?rest_route=\/wp\/v2\/product\/51487","targetHints":{"allow":["GET"]}}],"collection":[{"href":"https:\/\/www.autonvaraosahaku.fi\/index.php?rest_route=\/wp\/v2\/product"}],"about":[{"href":"https:\/\/www.autonvaraosahaku.fi\/index.php?rest_route=\/wp\/v2\/types\/product"}],"wp:attachment":[{"href":"https:\/\/www.autonvaraosahaku.fi\/index.php?rest_route=%2Fwp%2Fv2%2Fmedia&parent=51487"}],"wp:term":[{"taxonomy":"pwb-brand","embeddable":true,"href":"https:\/\/www.autonvaraosahaku.fi\/index.php?rest_route=%2Fwp%2Fv2%2Fpwb-brand&post=51487"},{"taxonomy":"product_cat","embeddable":true,"href":"https:\/\/www.autonvaraosahaku.fi\/index.php?rest_route=%2Fwp%2Fv2%2Fproduct_cat&post=51487"},{"taxonomy":"product_tag","embeddable":true,"href":"https:\/\/www.autonvaraosahaku.fi\/index.php?rest_route=%2Fwp%2Fv2%2Fproduct_tag&post=51487"}],"curies":[{"name":"wp","href":"https:\/\/api.w.org\/{rel}","templated":true}]}}