{"id":51489,"date":"2021-02-21T17:36:54","date_gmt":"2021-02-21T17:36:54","guid":{"rendered":"https:\/\/www.autonvaraosahaku.fi\/?product=febi-bilstein-30180-kierretulppa"},"modified":"2021-02-21T17:36:56","modified_gmt":"2021-02-21T17:36:56","slug":"febi-bilstein-30180-kierretulppa","status":"publish","type":"product","link":"https:\/\/www.autonvaraosahaku.fi\/?product=febi-bilstein-30180-kierretulppa","title":{"rendered":"FEBI BILSTEIN 30180 Kierretulppa"},"content":{"rendered":"<p>Pituus (mm): 22; Ulkol\u00e4pimitta [mm]: 23,0; Ulkokierre [mm]: M14 x 1,5; Kierteen pituus (mm): 11; Laatu \/ luokka: 5.8; Avainv\u00e4li: 17; Ruuvikanta\/mutteriprofiili: Kuusioruuvi \/-mutteri; Materiaali: Ter\u00e4s; Pinta: Sinkitetty; Ruuvin pituus ilman p\u00e4\u00e4t\u00e4: 11, 11; Paino [kg]: 0,04, 0,04; Huomioi tekniset tiedot: ; OPEL: ANTARA; HYUNDAI: ix35 LM, EL, ELH,GETZ TB,TUCSON JM,SANTA F\u00c9 I SM,SANTA F\u00c9 II CM,MATRIX FC,TERRACAN HP,COUPE GK,H-1 Travel TQ,ATOS MX,TRAJET FO,SONATA V NF,GALLOPER II JK-01,SANTA F\u00c9 III DM,SONATA IV EF,ACCENT II LC,COUPE RD,H-1 Kasten,H-1 Cargo TQ,ACCENT III MC,H-1 \/ STAREX,ELANTRA XD,ACCENT III Stufenheck MC,ELANTRA Stufenheck XD,ACCENT I X-3,ACCENT II Stufenheck LC,GRANDEUR TG,XG XG,LANTRA II Wagon J-2,LANTRA II J-2,SANTAMO,ACCENT Stufenheck X-3,SONATA III Y-3,PONY X-2,LANTRA I J-1,S COUPE SLC,ELANTRA Stufenheck MD, UD,H100 Bus P,ACCENT IV RB,H100 Kasten,ELANTRA Stufenheck HD,PONY \/ EXCEL Stufenheck X-2,H-1 Pritsche\/Fahrgestell,SONATA II Y-2,ACCENT IV Stufenheck RB,PORTER Pritsche\/Fahrgestell,H100 Pritsche\/Fahrgestell; KIA: SORENTO I JC,PICANTO BA,SPORTAGE SL,SPORTAGE JE_, KM_,SORENTO II XM,CARENS II FJ,CARENS III UN,CARNIVAL II GQ,RIO Kombi DC,CERATO LD,MAGENTIS GD,MAGENTIS MG,OPIRUS GH,CERATO Stufenheck LD,RIO Stufenheck DC_,JOICE,SHUMA FB,PREGIO Kasten TB,K2700 SD,K2500 SD,K2700 K62W,BORREGO,BONGO Pritsche\/Fahrgestell; VOLVO: V40 Kombi VW,S40 I VS; MITSUBISHI: COLT VI Z3_A, Z2_A,SPACE STAR DG_A,OUTLANDER XL II CW_W,CARISMA DA_,OUTLANDER III GG_W, GF_W, ZJ,GRANDIS NA_W,MIRAGE Schr\u00e4gheck,OUTLANDER I CU_W,LANCER Kombi CS_W,PAJERO PININ H6_W, H7_W,COLT CZC Cabriolet RG,LANCER Stufenheck CY\/Z_A,CARISMA Stufenheck DA_,PAJERO III V7_W, V6_W,PAJERO IV V8_W, V9_W,L 200 K7_T, K6_T,L 200 KB_T, KA_T,PAJERO II V3_W, V2_W, V4_W,LANCER Stufenheck CS_A, CT0,L 300 Bus P0_W, P1_W, P2_W,PAJERO SPORT K90,PAJERO CLASSIC V2_W,GALLOPER JK-01,L 300 Pritsche\/Fahrgestell L03_P,L 300 Kasten L03_P,PAJERO II V3_W,L 200 Pritsche\/Fahrgestell KA_T, KB_T,PAJERO III Gel\u00e4ndewagen offen V6_W, V7_W,L 300 Kasten P0_W, P1_W,L 300 Bus LO3_P\/G, L0_2P,PAJERO II Canvas Top V2_W, V4_W,L 300 Pritsche\/Fahrgestell P1_T,DELICA,L200 KJ_,ECLIPSE CROSS GK_; SUZUKI: JIMNY FJ,SAMURAI SJ,GRAND VITARA I FT,WAGON R+ MM,IGNIS FH,IGNIS II,SWIFT II Schr\u00e4gheck EA, MA,LIANA Schr\u00e4gheck,LIANA ER,WAGON R+ EM,BALENO Kombi EG,BALENO EG,BALENO Schr\u00e4gheck EG,ALTO HA12, HA23,ALTO HA11,WAGON R,SWIFT II Stufenheck AH, AJ,CARRY Kasten FD,ALTO,GRAND VITARA I Cabriolet GT,CARRY Pick-up FD; VAUXHALL: ANTARA J26, H26; 031137, 31137, 2151221000, 2151221010, 2151221000, 2151221010, MD050316, 04805011, 4805011, 031137, 31137, 0924714027, 0924714027000, 0924714044, 0924714044000, 09247A14027, 09247M14027, 09247M14027000, 094535699, 94535699, 30874061; \u00d6ljytulppa,Kierretulppa, \u00d6ljypohja<\/p>\n","protected":false},"excerpt":{"rendered":"<p>FEBI BILSTEIN Kierretulppa 30180 \u00d6ljytulppa,Kierretulppa, \u00d6ljypohja OPEL,HYUNDAI,KIA,ANTARA,ix35 LM, EL, ELH,GETZ TB,TUCSON JM,SANTA F\u00c9 I SM<\/p>\n","protected":false},"featured_media":0,"template":"","meta":{"site-sidebar-layout":"default","site-content-layout":"default","ast-global-header-display":"","ast-main-header-display":"","ast-hfb-above-header-display":"","ast-hfb-below-header-display":"","ast-hfb-mobile-header-display":"","site-post-title":"","ast-breadcrumbs-content":"","ast-featured-img":"","footer-sml-layout":"","theme-transparent-header-meta":"","adv-header-id-meta":"","stick-header-meta":"","header-above-stick-meta":"","header-main-stick-meta":"","header-below-stick-meta":""},"pwb-brand":[50],"product_cat":[40],"product_tag":[],"class_list":{"0":"post-51489","1":"product","2":"type-product","3":"status-publish","5":"pwb-brand-febi-bilstein","6":"product_cat-kierretulppa","7":"desktop-align-left","8":"tablet-align-left","9":"mobile-align-left","11":"first","12":"instock","13":"product-type-external"},"brands":[{"id":50,"name":"FEBI BILSTEIN","slug":"febi-bilstein"}],"_links":{"self":[{"href":"https:\/\/www.autonvaraosahaku.fi\/index.php?rest_route=\/wp\/v2\/product\/51489","targetHints":{"allow":["GET"]}}],"collection":[{"href":"https:\/\/www.autonvaraosahaku.fi\/index.php?rest_route=\/wp\/v2\/product"}],"about":[{"href":"https:\/\/www.autonvaraosahaku.fi\/index.php?rest_route=\/wp\/v2\/types\/product"}],"wp:attachment":[{"href":"https:\/\/www.autonvaraosahaku.fi\/index.php?rest_route=%2Fwp%2Fv2%2Fmedia&parent=51489"}],"wp:term":[{"taxonomy":"pwb-brand","embeddable":true,"href":"https:\/\/www.autonvaraosahaku.fi\/index.php?rest_route=%2Fwp%2Fv2%2Fpwb-brand&post=51489"},{"taxonomy":"product_cat","embeddable":true,"href":"https:\/\/www.autonvaraosahaku.fi\/index.php?rest_route=%2Fwp%2Fv2%2Fproduct_cat&post=51489"},{"taxonomy":"product_tag","embeddable":true,"href":"https:\/\/www.autonvaraosahaku.fi\/index.php?rest_route=%2Fwp%2Fv2%2Fproduct_tag&post=51489"}],"curies":[{"name":"wp","href":"https:\/\/api.w.org\/{rel}","templated":true}]}}