{"id":51514,"date":"2021-02-21T17:37:00","date_gmt":"2021-02-21T17:37:00","guid":{"rendered":"https:\/\/www.autonvaraosahaku.fi\/?product=febi-bilstein-10091-iskunvaimentimen-tukilaakeri"},"modified":"2021-02-21T17:37:03","modified_gmt":"2021-02-21T17:37:03","slug":"febi-bilstein-10091-iskunvaimentimen-tukilaakeri","status":"publish","type":"product","link":"https:\/\/www.autonvaraosahaku.fi\/?product=febi-bilstein-10091-iskunvaimentimen-tukilaakeri","title":{"rendered":"FEBI BILSTEIN 10091 Iskunvaimentimen tukilaakeri"},"content":{"rendered":"<p>Paksuus [mm]: 20,0; Sis\u00e4l\u00e4pimitta [mm]: 65,0; Ulkol\u00e4pimitta [mm]: 72,0, 100,0; Materiaali: Metalli; Asennuspuoli: etuakseli molemminpuoleinen; Paino [kg]: 0,172, 0,172; Moottorinumero: TU1M; VOLVO: 480 E,440 K 445,460 L 464; OPEL: CROSSLAND X; CITRO\u00cbN: BERLINGO MF,XSARA PICASSO N68,C2 JM_,C3 I FC_,BERLINGO B9,C4 Picasso I UD_,C4 Grand Picasso I UA_,C4 I LC_,SAXO S0, S1,DS3,BERLINGO Kasten M_,C3 Picasso,C3 II,XSARA N1,C4 Coupe LA_,C3 Pluriel HB_,C4 II B7,XSARA Break N2,BERLINGO Kasten B9,DS4,XSARA Coupe N0,AX ZA-_,DS5,C4 Stufenheck L,ZX N2,DS3 Cabriolet,ZX Break N2,C2 ENTERPRISE,C15 VD-_,BERLINGO Pritsche\/Fahrgestell B9,C-ELYSEE,C4 CACTUS,C15 Kombi,XSARA Kasten,C3 III SX,C3 AIRCROSS II,C4 Stufenheck N,SAXO Hatchback van S3_,XSARA Kasten\/Schr\u00e4gheck; PEUGEOT: 206 Schr\u00e4gheck 2A\/C,206 CC 2D,207 WA_, WC_,307 SW 3H,207 CC WD_,307 CC 3B,307 3A\/C,207 SW WK_,308 SW,206 SW 2E\/K,208,106 II 1,206+ T3E,308 4A_, 4C_,5008,307 Break 3E,306 Schr\u00e4gheck 7A, 7C, N3, N5,306 Cabriolet 7D, N3, N5,3008,PARTNER Tepee,RCZ,308 CC,1007 KM_,PARTNER Combispace 5F,106 I 1A, 1C,2008,PARTNER Kasten 5,306 Break 7E, N3, N5,306 7B, N3, N5,307 Stufenheck,PARTNER Kasten,207 Stufenheck,206 Stufenheck,405 I 15B,206 Van,405 II 4B,106 Van 1_,306 Van N_, 7_,405 II Break 4E,405 I Break 15E,301,207 Van,PARTNER Pritsche\/Fahrgestell,5008 II,306 Kasten\/Schr\u00e4gheck,208 Kasten; RENAULT: ESPACE III JE0_,LAGUNA I B56_, 556_,LAGUNA I Grandtour K56_,SAFRANE II B54_,AVANTIME DE0_,SAFRANE I B54_; DS: DS 3,DS5,DS 4 \/ DS 4 CROSSBACK,DS 3 Cabriolet; VAUXHALL: CROSSLAND X; 503527, 503558, 503563, 503527, 503558, 503563, 546122C000, 546122C000, 03637192, 3637192, 503527, 503558, 503563, 7700777654, 7700796766, 7700797666, 7700803635, 7700824022, 003637192, 03637192, 3637192, 3411070<\/p>\n","protected":false},"excerpt":{"rendered":"<p>FEBI BILSTEIN Rullalaakeri, Jousijalkalaakeri 10091  VOLVO,OPEL,CITRO\u00cbN,480 E,440 K 445,460 L 464,CROSSLAND X,BERLINGO MF,XSARA PICASSO N68,C2 JM_<\/p>\n","protected":false},"featured_media":0,"template":"","meta":{"site-sidebar-layout":"default","site-content-layout":"default","ast-global-header-display":"","ast-main-header-display":"","ast-hfb-above-header-display":"","ast-hfb-below-header-display":"","ast-hfb-mobile-header-display":"","site-post-title":"","ast-breadcrumbs-content":"","ast-featured-img":"","footer-sml-layout":"","theme-transparent-header-meta":"","adv-header-id-meta":"","stick-header-meta":"","header-above-stick-meta":"","header-main-stick-meta":"","header-below-stick-meta":""},"pwb-brand":[50],"product_cat":[106],"product_tag":[],"class_list":{"0":"post-51514","1":"product","2":"type-product","3":"status-publish","5":"pwb-brand-febi-bilstein","6":"product_cat-iskunvaimentimen-tukilaakeri","7":"desktop-align-left","8":"tablet-align-left","9":"mobile-align-left","11":"first","12":"instock","13":"product-type-external"},"brands":[{"id":50,"name":"FEBI BILSTEIN","slug":"febi-bilstein"}],"_links":{"self":[{"href":"https:\/\/www.autonvaraosahaku.fi\/index.php?rest_route=\/wp\/v2\/product\/51514","targetHints":{"allow":["GET"]}}],"collection":[{"href":"https:\/\/www.autonvaraosahaku.fi\/index.php?rest_route=\/wp\/v2\/product"}],"about":[{"href":"https:\/\/www.autonvaraosahaku.fi\/index.php?rest_route=\/wp\/v2\/types\/product"}],"wp:attachment":[{"href":"https:\/\/www.autonvaraosahaku.fi\/index.php?rest_route=%2Fwp%2Fv2%2Fmedia&parent=51514"}],"wp:term":[{"taxonomy":"pwb-brand","embeddable":true,"href":"https:\/\/www.autonvaraosahaku.fi\/index.php?rest_route=%2Fwp%2Fv2%2Fpwb-brand&post=51514"},{"taxonomy":"product_cat","embeddable":true,"href":"https:\/\/www.autonvaraosahaku.fi\/index.php?rest_route=%2Fwp%2Fv2%2Fproduct_cat&post=51514"},{"taxonomy":"product_tag","embeddable":true,"href":"https:\/\/www.autonvaraosahaku.fi\/index.php?rest_route=%2Fwp%2Fv2%2Fproduct_tag&post=51514"}],"curies":[{"name":"wp","href":"https:\/\/api.w.org\/{rel}","templated":true}]}}