{"id":51519,"date":"2021-02-21T17:37:00","date_gmt":"2021-02-21T17:37:00","guid":{"rendered":"https:\/\/www.autonvaraosahaku.fi\/?product=vemo-v20-79-0005-lammityslaitteen-puhaltimen-vastus"},"modified":"2021-02-21T17:37:04","modified_gmt":"2021-02-21T17:37:04","slug":"vemo-v20-79-0005-lammityslaitteen-puhaltimen-vastus","status":"publish","type":"product","link":"https:\/\/www.autonvaraosahaku.fi\/?product=vemo-v20-79-0005-lammityslaitteen-puhaltimen-vastus","title":{"rendered":"VEMO V20-79-0005 L\u00e4mmityslaitteen puhaltimen vastus"},"content":{"rendered":"<p>J\u00e4nnite (V): 12; Varusteet: Autoihin, joissa autom. ilmastointi; Paino [kg]: 0,15; Pakkausleveys [cm]: 8,8; Pakkauskorkeus [mm]: 8,2; Pakkaussyvyys [cm]: 14,1; Tuotelinja: Original Quality; BMW: 5 E60,5 Touring E61,6 E63,6 Cabriolet E64; 67326922058, 67326932438, 67326937774, 67326948422, 67326988452, 67636988452, 6922058, 6932438, 6937774, 6948422, 6988452<\/p>\n","protected":false},"excerpt":{"rendered":"<p>VEMO S\u00e4\u00e4din, Sis\u00e4valaistus V20-79-0005  BMW,5 E60,5 Touring E61,6 E63,6 Cabriolet E64<\/p>\n","protected":false},"featured_media":0,"template":"","meta":{"site-sidebar-layout":"default","site-content-layout":"default","ast-global-header-display":"","ast-main-header-display":"","ast-hfb-above-header-display":"","ast-hfb-below-header-display":"","ast-hfb-mobile-header-display":"","site-post-title":"","ast-breadcrumbs-content":"","ast-featured-img":"","footer-sml-layout":"","theme-transparent-header-meta":"","adv-header-id-meta":"","stick-header-meta":"","header-above-stick-meta":"","header-main-stick-meta":"","header-below-stick-meta":""},"pwb-brand":[168],"product_cat":[134],"product_tag":[],"class_list":{"0":"post-51519","1":"product","2":"type-product","3":"status-publish","5":"pwb-brand-vemo","6":"product_cat-lammityslaitteen-puhaltimen-vastus","7":"desktop-align-left","8":"tablet-align-left","9":"mobile-align-left","11":"first","12":"instock","13":"product-type-external"},"brands":[{"id":168,"name":"VEMO","slug":"vemo"}],"_links":{"self":[{"href":"https:\/\/www.autonvaraosahaku.fi\/index.php?rest_route=\/wp\/v2\/product\/51519","targetHints":{"allow":["GET"]}}],"collection":[{"href":"https:\/\/www.autonvaraosahaku.fi\/index.php?rest_route=\/wp\/v2\/product"}],"about":[{"href":"https:\/\/www.autonvaraosahaku.fi\/index.php?rest_route=\/wp\/v2\/types\/product"}],"wp:attachment":[{"href":"https:\/\/www.autonvaraosahaku.fi\/index.php?rest_route=%2Fwp%2Fv2%2Fmedia&parent=51519"}],"wp:term":[{"taxonomy":"pwb-brand","embeddable":true,"href":"https:\/\/www.autonvaraosahaku.fi\/index.php?rest_route=%2Fwp%2Fv2%2Fpwb-brand&post=51519"},{"taxonomy":"product_cat","embeddable":true,"href":"https:\/\/www.autonvaraosahaku.fi\/index.php?rest_route=%2Fwp%2Fv2%2Fproduct_cat&post=51519"},{"taxonomy":"product_tag","embeddable":true,"href":"https:\/\/www.autonvaraosahaku.fi\/index.php?rest_route=%2Fwp%2Fv2%2Fproduct_tag&post=51519"}],"curies":[{"name":"wp","href":"https:\/\/api.w.org\/{rel}","templated":true}]}}