{"id":51521,"date":"2021-02-21T17:37:00","date_gmt":"2021-02-21T17:37:00","guid":{"rendered":"https:\/\/www.autonvaraosahaku.fi\/?product=febi-bilstein-08754-polttoainesuodatin"},"modified":"2021-02-21T17:37:04","modified_gmt":"2021-02-21T17:37:04","slug":"febi-bilstein-08754-polttoainesuodatin","status":"publish","type":"product","link":"https:\/\/www.autonvaraosahaku.fi\/?product=febi-bilstein-08754-polttoainesuodatin","title":{"rendered":"FEBI BILSTEIN 08754 Polttoainesuodatin"},"content":{"rendered":"<p>Suodatintyyppi: Esisuodatin; Pituus (mm): 56,5; Korkeus (mm): 52; Ulkol\u00e4pimitta [mm]: 36,0; V\u00e4ri: Valkoinen; Materiaali: Muovi; Tiivisteen l\u00e4pimitta [mm]: 28, 36; Paino [kg]: 0,049; Huomioi tekniset tiedot: ; VOLVO: F6,N10; MERCEDES-BENZ: T2\/L Kasten\/Kombi,T2\/L Pritsche\/Fahrgestell,LK\/LN2,LP,MK,NG,O 301,O 302,O 303,O 304,O 305,O 307,O 309,O 330,O 340,O 402,O 403,O 404,O 405,OF,OH,SK,T2\/L,TOURISMO (O 350),UNIMOG; SCANIA: 3 &#8211; series,3 &#8211; series bus,F &#8211; series bus; NEOPLAN: Trendliner; MAN: F90,FOCL,HOCL,LION\u00b4S CITY,LION\u00b4S COACH,LION\u00b4S STAR,M 2000 L,M 2000 M,M90,NG,NL,NM,TGA,TGL,TGM; 81111016012, 81121020002, 81121020002S1, 81121020003, 81121020003S1, 81125120003, 81125120003S1, 82121010002, 0000900151, 0000910640, 0000910840, 0000910840S1, 0009970040, A0000900151, A0000910640, A0009970040, 3094599<\/p>\n","protected":false},"excerpt":{"rendered":"<p>FEBI BILSTEIN Polttoainesuodatin 08754  VOLVO,MERCEDES-BENZ,SCANIA,F6,N10,T2\/L Kasten\/Kombi,T2\/L Pritsche\/Fahrgestell,LK\/LN2,LP,MK,NG,O 301,O 302<\/p>\n","protected":false},"featured_media":0,"template":"","meta":{"site-sidebar-layout":"default","site-content-layout":"default","ast-global-header-display":"","ast-main-header-display":"","ast-hfb-above-header-display":"","ast-hfb-below-header-display":"","ast-hfb-mobile-header-display":"","site-post-title":"","ast-breadcrumbs-content":"","ast-featured-img":"","footer-sml-layout":"","theme-transparent-header-meta":"","adv-header-id-meta":"","stick-header-meta":"","header-above-stick-meta":"","header-main-stick-meta":"","header-below-stick-meta":""},"pwb-brand":[50],"product_cat":[29],"product_tag":[],"class_list":{"0":"post-51521","1":"product","2":"type-product","3":"status-publish","5":"pwb-brand-febi-bilstein","6":"product_cat-polttoainesuodatin","7":"desktop-align-left","8":"tablet-align-left","9":"mobile-align-left","11":"first","12":"instock","13":"product-type-external"},"brands":[{"id":50,"name":"FEBI BILSTEIN","slug":"febi-bilstein"}],"_links":{"self":[{"href":"https:\/\/www.autonvaraosahaku.fi\/index.php?rest_route=\/wp\/v2\/product\/51521","targetHints":{"allow":["GET"]}}],"collection":[{"href":"https:\/\/www.autonvaraosahaku.fi\/index.php?rest_route=\/wp\/v2\/product"}],"about":[{"href":"https:\/\/www.autonvaraosahaku.fi\/index.php?rest_route=\/wp\/v2\/types\/product"}],"wp:attachment":[{"href":"https:\/\/www.autonvaraosahaku.fi\/index.php?rest_route=%2Fwp%2Fv2%2Fmedia&parent=51521"}],"wp:term":[{"taxonomy":"pwb-brand","embeddable":true,"href":"https:\/\/www.autonvaraosahaku.fi\/index.php?rest_route=%2Fwp%2Fv2%2Fpwb-brand&post=51521"},{"taxonomy":"product_cat","embeddable":true,"href":"https:\/\/www.autonvaraosahaku.fi\/index.php?rest_route=%2Fwp%2Fv2%2Fproduct_cat&post=51521"},{"taxonomy":"product_tag","embeddable":true,"href":"https:\/\/www.autonvaraosahaku.fi\/index.php?rest_route=%2Fwp%2Fv2%2Fproduct_tag&post=51521"}],"curies":[{"name":"wp","href":"https:\/\/api.w.org\/{rel}","templated":true}]}}