{"id":51555,"date":"2021-02-21T17:37:11","date_gmt":"2021-02-21T17:37:11","guid":{"rendered":"https:\/\/www.autonvaraosahaku.fi\/?product=febi-bilstein-27223-oljynpaineanturi"},"modified":"2021-02-21T17:37:14","modified_gmt":"2021-02-21T17:37:14","slug":"febi-bilstein-27223-oljynpaineanturi","status":"publish","type":"product","link":"https:\/\/www.autonvaraosahaku.fi\/?product=febi-bilstein-27223-oljynpaineanturi","title":{"rendered":"FEBI BILSTEIN 27223 \u00d6ljynpaineanturi"},"content":{"rendered":"<p>Kytkent\u00e4piste alkaen [bar]: 0,3; Vaihtopiste enint. [bar]: 0,55; Ulkokierre [mm]: M10 x 1; Avainv\u00e4li: 24; V\u00e4ri: Sininen; Pinta: Sinkitetty; Paino [kg]: 0,030, 0,030; Moottorinumero: A14XER; CHEVROLET: CRUZE J300,CRUZE Station Wagon J308,AVEO Schr\u00e4gheck T300,CRUZE Schr\u00e4gheck J305,AVEO Stufenheck T300; OPEL: CORSA D,CORSA C F08, F68,ZAFIRA B A05,ASTRA H Caravan L35,MERIVA,ZAFIRA A F75_,ASTRA G CC F48_, F08_,ASTRA H L48,ASTRA J Sports Tourer,ASTRA G Caravan F35_,CORSA B 73_, 78_, 79_,INSIGNIA Caravan,VECTRA C Caravan,ASTRA J,ASTRA H GTC L08,MERIVA B,SIGNUM,VECTRA C,AGILA A H00,ZAFIRA TOURER C P12,MOKKA,ADAM,VECTRA C GTS,TIGRA TwinTop,ASTRA H TwinTop L67,INSIGNIA,ASTRA G Cabriolet F67,INSIGNIA Stufenheck,ASTRA G Coupe F07_,ASTRA G Stufenheck F69_,ASTRA GTC J,ASTRA J Stufenheck,CORSA D Van,CASCADA W13,CORSA C Kasten F08, W5L,ASTRA H Stufenheck L69,ASTRA H Kasten L70,AMPERA,ASTRA G Kasten F70,ASTRA G CLASSIC Stufenheck T98; FIAT: STILO 192,STILO Multi Wagon 192; ALFA ROMEO: 159 Sportwagon 939,159 939; VAUXHALL: CORSA Mk III D L_8,INSIGNIA Mk I A,ZAFIRA Mk II B M75,ASTRA Mk V H CC,ZAFIRA Mk I A F75,ADAM,INSIGNIA Mk I A Estate,CORSA Mk II C W5L, F08,ASTRA Mk V H Estate,ZAFIRA Mk III P12,ASTRA Mk V H Convertible,ASTRA Mk IV G CC,ASTRA Mk VI J CC,INSIGNIA Mk I A Sedan,ASTRA Mk VI J,CORSA Mk I B,CORSAVAN Mk II C,ASTRA Mk IV G Sedan,MERIVA Mk I A,CORSAVAN Mk III D,MERIVA Mk II B,TIGRA Convertible,AGILA Mk I A,ASTRA Mk VI J Sedan,ASTRA Mk VI J Estate,MOKKA,ASTRAVAN Mk V H,ASTRA Mk IV G Coupe F67,ASTRA Mk IV G Convertible,ASTRA Mk IV G Estate; 1238696, 93190643, 93190643, 93190643, 1238696, 093190643, 93190643, 93190643, 93190643, 01238696, 1238696, 93190643, 93190643, 093190643, 93190643; \u00d6ljynpainekytkin<\/p>\n","protected":false},"excerpt":{"rendered":"<p>FEBI BILSTEIN \u00d6ljynpaineanturi 27223 \u00d6ljynpainekytkin CHEVROLET,OPEL,FIAT,CRUZE J300,CRUZE Station Wagon J308,AVEO Schr\u00e4gheck T300<\/p>\n","protected":false},"featured_media":0,"template":"","meta":{"site-sidebar-layout":"default","site-content-layout":"default","ast-global-header-display":"","ast-main-header-display":"","ast-hfb-above-header-display":"","ast-hfb-below-header-display":"","ast-hfb-mobile-header-display":"","site-post-title":"","ast-breadcrumbs-content":"","ast-featured-img":"","footer-sml-layout":"","theme-transparent-header-meta":"","adv-header-id-meta":"","stick-header-meta":"","header-above-stick-meta":"","header-main-stick-meta":"","header-below-stick-meta":""},"pwb-brand":[50],"product_cat":[235],"product_tag":[],"class_list":{"0":"post-51555","1":"product","2":"type-product","3":"status-publish","5":"pwb-brand-febi-bilstein","6":"product_cat-oljynpaineanturi","7":"desktop-align-left","8":"tablet-align-left","9":"mobile-align-left","11":"first","12":"instock","13":"product-type-external"},"brands":[{"id":50,"name":"FEBI BILSTEIN","slug":"febi-bilstein"}],"_links":{"self":[{"href":"https:\/\/www.autonvaraosahaku.fi\/index.php?rest_route=\/wp\/v2\/product\/51555","targetHints":{"allow":["GET"]}}],"collection":[{"href":"https:\/\/www.autonvaraosahaku.fi\/index.php?rest_route=\/wp\/v2\/product"}],"about":[{"href":"https:\/\/www.autonvaraosahaku.fi\/index.php?rest_route=\/wp\/v2\/types\/product"}],"wp:attachment":[{"href":"https:\/\/www.autonvaraosahaku.fi\/index.php?rest_route=%2Fwp%2Fv2%2Fmedia&parent=51555"}],"wp:term":[{"taxonomy":"pwb-brand","embeddable":true,"href":"https:\/\/www.autonvaraosahaku.fi\/index.php?rest_route=%2Fwp%2Fv2%2Fpwb-brand&post=51555"},{"taxonomy":"product_cat","embeddable":true,"href":"https:\/\/www.autonvaraosahaku.fi\/index.php?rest_route=%2Fwp%2Fv2%2Fproduct_cat&post=51555"},{"taxonomy":"product_tag","embeddable":true,"href":"https:\/\/www.autonvaraosahaku.fi\/index.php?rest_route=%2Fwp%2Fv2%2Fproduct_tag&post=51555"}],"curies":[{"name":"wp","href":"https:\/\/api.w.org\/{rel}","templated":true}]}}