{"id":51558,"date":"2021-02-21T17:37:11","date_gmt":"2021-02-21T17:37:11","guid":{"rendered":"https:\/\/www.autonvaraosahaku.fi\/?product=japanparts-faa-sb3-raitisilmasuodatin"},"modified":"2021-02-21T17:37:15","modified_gmt":"2021-02-21T17:37:15","slug":"japanparts-faa-sb3-raitisilmasuodatin","status":"publish","type":"product","link":"https:\/\/www.autonvaraosahaku.fi\/?product=japanparts-faa-sb3-raitisilmasuodatin","title":{"rendered":"JAPANPARTS FAA-SB3 Raitisilmasuodatin"},"content":{"rendered":"<p>Pituus (mm): 219; Leveys (mm): 220; Korkeus (mm): 30; Korkeus 1 (mm): 57,5; SUBARU: FORESTER SH,IMPREZA Schr\u00e4gheck GR, GH, G3,FORESTER SJ,XV,IMPREZA Stufenheck GR,IMPREZA Schr\u00e4gheck GP,LEVORG; 72880FG000, 72880FG0009P; Sis\u00e4ilmansuodatin,Suodatin, Sis\u00e4ilma<\/p>\n","protected":false},"excerpt":{"rendered":"<p>JAPANPARTS Raitisilmasuodatin FAA-SB3 Sis\u00e4ilmansuodatin,Suodatin, Sis\u00e4ilma SUBARU,FORESTER SH,IMPREZA Schr\u00e4gheck GR, GH, G3,FORESTER SJ,XV<\/p>\n","protected":false},"featured_media":0,"template":"","meta":{"site-sidebar-layout":"default","site-content-layout":"default","ast-global-header-display":"","ast-main-header-display":"","ast-hfb-above-header-display":"","ast-hfb-below-header-display":"","ast-hfb-mobile-header-display":"","site-post-title":"","ast-breadcrumbs-content":"","ast-featured-img":"","footer-sml-layout":"","theme-transparent-header-meta":"","adv-header-id-meta":"","stick-header-meta":"","header-above-stick-meta":"","header-main-stick-meta":"","header-below-stick-meta":""},"pwb-brand":[334],"product_cat":[19],"product_tag":[],"class_list":{"0":"post-51558","1":"product","2":"type-product","3":"status-publish","5":"pwb-brand-japanparts","6":"product_cat-raitisilmasuodatin","7":"desktop-align-left","8":"tablet-align-left","9":"mobile-align-left","11":"first","12":"instock","13":"product-type-external"},"brands":[{"id":334,"name":"JAPANPARTS","slug":"japanparts"}],"_links":{"self":[{"href":"https:\/\/www.autonvaraosahaku.fi\/index.php?rest_route=\/wp\/v2\/product\/51558","targetHints":{"allow":["GET"]}}],"collection":[{"href":"https:\/\/www.autonvaraosahaku.fi\/index.php?rest_route=\/wp\/v2\/product"}],"about":[{"href":"https:\/\/www.autonvaraosahaku.fi\/index.php?rest_route=\/wp\/v2\/types\/product"}],"wp:attachment":[{"href":"https:\/\/www.autonvaraosahaku.fi\/index.php?rest_route=%2Fwp%2Fv2%2Fmedia&parent=51558"}],"wp:term":[{"taxonomy":"pwb-brand","embeddable":true,"href":"https:\/\/www.autonvaraosahaku.fi\/index.php?rest_route=%2Fwp%2Fv2%2Fpwb-brand&post=51558"},{"taxonomy":"product_cat","embeddable":true,"href":"https:\/\/www.autonvaraosahaku.fi\/index.php?rest_route=%2Fwp%2Fv2%2Fproduct_cat&post=51558"},{"taxonomy":"product_tag","embeddable":true,"href":"https:\/\/www.autonvaraosahaku.fi\/index.php?rest_route=%2Fwp%2Fv2%2Fproduct_tag&post=51558"}],"curies":[{"name":"wp","href":"https:\/\/api.w.org\/{rel}","templated":true}]}}