{"id":51566,"date":"2021-02-21T17:37:17","date_gmt":"2021-02-21T17:37:17","guid":{"rendered":"https:\/\/www.autonvaraosahaku.fi\/?product=febi-bilstein-24124-termostaatti"},"modified":"2021-02-21T17:37:18","modified_gmt":"2021-02-21T17:37:18","slug":"febi-bilstein-24124-termostaatti","status":"publish","type":"product","link":"https:\/\/www.autonvaraosahaku.fi\/?product=febi-bilstein-24124-termostaatti","title":{"rendered":"FEBI BILSTEIN 24124 Termostaatti"},"content":{"rendered":"<p>Avausl\u00e4mp\u00f6tila [\u00b0C]: 89; Ulkol\u00e4pimitta [mm]: 32,0; Materiaali: Muovi; Paino [kg]: 0,130; Huomioi huolto-ohjeet: , ; Huomioi tekniset tiedot: ; NISSAN: KUBISTAR Kasten X80; PEUGEOT: 206 Schr\u00e4gheck 2A\/C; RENAULT: TWINGO I C06_,CLIO II BB0\/1\/2_, CB0\/1\/2_,CLIO III BR0\/1, CR0\/1,KANGOO KC0\/1_,TWINGO II CN0_,MODUS \/ GRAND MODUS F\/JP0_,CLIO IV,KANGOO Express FC0\/1_,CLIO Grandtour KR0\/1_,TWINGO I Kasten S06_,CLIO Grandtour IV,CLIO II Kasten SB0\/1\/2_,THALIA I LB0\/1\/2_,CLIO III Kasten SB_, SR_,THALIA II LU1\/2_,CLIO IV Kasten; 1106100QAE, 1336T9, 7700110716, 8200660882; Termostaatti, J\u00e4\u00e4hdytysneste<\/p>\n","protected":false},"excerpt":{"rendered":"<p>FEBI BILSTEIN Termostaatti 24124 Termostaatti, J\u00e4\u00e4hdytysneste NISSAN,PEUGEOT,RENAULT,KUBISTAR Kasten X80,206 Schr\u00e4gheck 2A\/C,TWINGO I C06_<\/p>\n","protected":false},"featured_media":0,"template":"","meta":{"site-sidebar-layout":"default","site-content-layout":"default","ast-global-header-display":"","ast-main-header-display":"","ast-hfb-above-header-display":"","ast-hfb-below-header-display":"","ast-hfb-mobile-header-display":"","site-post-title":"","ast-breadcrumbs-content":"","ast-featured-img":"","footer-sml-layout":"","theme-transparent-header-meta":"","adv-header-id-meta":"","stick-header-meta":"","header-above-stick-meta":"","header-main-stick-meta":"","header-below-stick-meta":""},"pwb-brand":[50],"product_cat":[174],"product_tag":[],"class_list":{"0":"post-51566","1":"product","2":"type-product","3":"status-publish","5":"pwb-brand-febi-bilstein","6":"product_cat-termostaatti","7":"desktop-align-left","8":"tablet-align-left","9":"mobile-align-left","11":"first","12":"instock","13":"product-type-external"},"brands":[{"id":50,"name":"FEBI BILSTEIN","slug":"febi-bilstein"}],"_links":{"self":[{"href":"https:\/\/www.autonvaraosahaku.fi\/index.php?rest_route=\/wp\/v2\/product\/51566","targetHints":{"allow":["GET"]}}],"collection":[{"href":"https:\/\/www.autonvaraosahaku.fi\/index.php?rest_route=\/wp\/v2\/product"}],"about":[{"href":"https:\/\/www.autonvaraosahaku.fi\/index.php?rest_route=\/wp\/v2\/types\/product"}],"wp:attachment":[{"href":"https:\/\/www.autonvaraosahaku.fi\/index.php?rest_route=%2Fwp%2Fv2%2Fmedia&parent=51566"}],"wp:term":[{"taxonomy":"pwb-brand","embeddable":true,"href":"https:\/\/www.autonvaraosahaku.fi\/index.php?rest_route=%2Fwp%2Fv2%2Fpwb-brand&post=51566"},{"taxonomy":"product_cat","embeddable":true,"href":"https:\/\/www.autonvaraosahaku.fi\/index.php?rest_route=%2Fwp%2Fv2%2Fproduct_cat&post=51566"},{"taxonomy":"product_tag","embeddable":true,"href":"https:\/\/www.autonvaraosahaku.fi\/index.php?rest_route=%2Fwp%2Fv2%2Fproduct_tag&post=51566"}],"curies":[{"name":"wp","href":"https:\/\/api.w.org\/{rel}","templated":true}]}}