{"id":51573,"date":"2021-02-21T17:37:17","date_gmt":"2021-02-21T17:37:17","guid":{"rendered":"https:\/\/www.autonvaraosahaku.fi\/?product=trw-gsk1693-jarrukengat"},"modified":"2021-02-21T17:37:19","modified_gmt":"2021-02-21T17:37:19","slug":"trw-gsk1693-jarrukengat","status":"publish","type":"product","link":"https:\/\/www.autonvaraosahaku.fi\/?product=trw-gsk1693-jarrukengat","title":{"rendered":"TRW GSK1693 Jarrukeng\u00e4t"},"content":{"rendered":"<p>Sylinterin halkaisija [mm]: 19; Leveys (mm): 37; L\u00e4pimitta [mm]: 203; Lis\u00e4tarvike\/lis\u00e4tieto: Tarvikkeilla, Py\u00f6r\u00e4n jarrun sylinterill\u00e4; Asennusmalli: Esiasennettu; Valmistaja rajaus: AP LOCKHEED; Materiaali: Alumiini; Tuotelinja: Superkit; Asennuspuoli: Hinterachse; FORD: FIESTA V JH_, JD_,FIESTA IV JA_, JB_,FUSION JU_,KA RB_,STREET KA RL2,FIESTA V Van,FIESTA Kasten JV_; MAZDA: 2 DY,121 III JASM, JBSM<\/p>\n","protected":false},"excerpt":{"rendered":"<p>TRW Jarrukenk\u00e4sarja, Rumpujarru GSK1693  FORD,MAZDA,FIESTA V JH_, JD_,FIESTA IV JA_, JB_,FUSION JU_,KA RB_,STREET KA RL2,FIESTA V Van<\/p>\n","protected":false},"featured_media":0,"template":"","meta":{"site-sidebar-layout":"default","site-content-layout":"default","ast-global-header-display":"","ast-main-header-display":"","ast-hfb-above-header-display":"","ast-hfb-below-header-display":"","ast-hfb-mobile-header-display":"","site-post-title":"","ast-breadcrumbs-content":"","ast-featured-img":"","footer-sml-layout":"","theme-transparent-header-meta":"","adv-header-id-meta":"","stick-header-meta":"","header-above-stick-meta":"","header-main-stick-meta":"","header-below-stick-meta":""},"pwb-brand":[332],"product_cat":[176],"product_tag":[],"class_list":{"0":"post-51573","1":"product","2":"type-product","3":"status-publish","5":"pwb-brand-trw","6":"product_cat-jarrukengat","7":"desktop-align-left","8":"tablet-align-left","9":"mobile-align-left","11":"first","12":"instock","13":"product-type-external"},"brands":[{"id":332,"name":"TRW","slug":"trw"}],"_links":{"self":[{"href":"https:\/\/www.autonvaraosahaku.fi\/index.php?rest_route=\/wp\/v2\/product\/51573","targetHints":{"allow":["GET"]}}],"collection":[{"href":"https:\/\/www.autonvaraosahaku.fi\/index.php?rest_route=\/wp\/v2\/product"}],"about":[{"href":"https:\/\/www.autonvaraosahaku.fi\/index.php?rest_route=\/wp\/v2\/types\/product"}],"wp:attachment":[{"href":"https:\/\/www.autonvaraosahaku.fi\/index.php?rest_route=%2Fwp%2Fv2%2Fmedia&parent=51573"}],"wp:term":[{"taxonomy":"pwb-brand","embeddable":true,"href":"https:\/\/www.autonvaraosahaku.fi\/index.php?rest_route=%2Fwp%2Fv2%2Fpwb-brand&post=51573"},{"taxonomy":"product_cat","embeddable":true,"href":"https:\/\/www.autonvaraosahaku.fi\/index.php?rest_route=%2Fwp%2Fv2%2Fproduct_cat&post=51573"},{"taxonomy":"product_tag","embeddable":true,"href":"https:\/\/www.autonvaraosahaku.fi\/index.php?rest_route=%2Fwp%2Fv2%2Fproduct_tag&post=51573"}],"curies":[{"name":"wp","href":"https:\/\/api.w.org\/{rel}","templated":true}]}}