{"id":51594,"date":"2021-02-21T17:37:23","date_gmt":"2021-02-21T17:37:23","guid":{"rendered":"https:\/\/www.autonvaraosahaku.fi\/?product=febi-bilstein-13603-sytytystulpat"},"modified":"2021-02-21T17:37:26","modified_gmt":"2021-02-21T17:37:26","slug":"febi-bilstein-13603-sytytystulpat","status":"publish","type":"product","link":"https:\/\/www.autonvaraosahaku.fi\/?product=febi-bilstein-13603-sytytystulpat","title":{"rendered":"FEBI BILSTEIN 13603 Sytytystulpat"},"content":{"rendered":"<p>Ulkokierre [mm]: M14 x 1,25; Kierteen pituus (mm): 19; Avainv\u00e4li: 16; K\u00e4rkiv\u00e4li (mm): 0,8; Sytytystulppa: suoralla istukalla, 1-maaelektroodi, 1-maaelektroodi; Huomioi tekniset tiedot: ; VW: GOLF IV 1J1,GOLF V 1K1,POLO 9N_,PASSAT Variant 3C5,PASSAT Variant 3B6,PASSAT 3C2,TIGUAN 5N_,PASSAT Variant 3B5,TOUAREG 7LA, 7L6, 7L7,GOLF V Variant 1K5,BORA 1J2,PASSAT 3B2,EOS 1F7, 1F8,SCIROCCO 137, 138,PASSAT CC 357,NEW BEETLE 9C1, 1C1,PASSAT 3B3,BORA Kombi 1J6,NEW BEETLE Cabriolet 1Y7,JETTA III 1K2; VOLVO: V70 II SW,V70 I LV,S60 I,850 Kombi LW,S80 I TS, XY,C70 I Coupe,850 LS,960 II Kombi 965,S70 LS,960 II 964,V90 Kombi,960 Kombi 965,960 964,S90; TOYOTA: COROLLA Liftback _E11_,COROLLA Compact _E11_,MR 2 II SW2_,COROLLA Compact _E10_,CARINA E _T19_,LAND CRUISER 80 _J8_,COROLLA _E11_,CARINA E Stufenheck _T19_,CELICA Coupe AT18_, ST18_,COROLLA Wagon __E11_,SUPRA JZA80,CARINA E Sportswagon _T19_,4 RUNNER RN10_, VZN13_, VZN10_, RN13_,COROLLA Liftback _E10_,COROLLA Liftback _E9_,COROLLA _E10_,COROLLA Compact _E9_,COROLLA Wagon _E10_,CROWN Stufenheck JZS13_, YS13_, LS13_, GS13_; 60569957, 60579903, 9004851166000, 9004851178000, 9091901181000, 99906910X9029, 99906910X9034, 60569957, 60810689, TF5018110, MD319517, MD357531, MS851506, MS851861, 2240153J16, 2240153J66, 2240153V16, 22401WA016, 22401WA066, 01214046, 1214046, 55562534, 7700273698, 8200363364, 8819310, 9139643, 0003085V005000000, A0003085V005000000, 22401AA400, 22401AA510, 22401AA530, 22401AA531, 9091901128, 9091901180, 9091901181, 271766, 272313, 272344, 8670057, 8692071, 101000049AC, 101000049AD, 101000063AA, 101000065AA; Tulpat,Sytytystulppa<\/p>\n","protected":false},"excerpt":{"rendered":"<p>FEBI BILSTEIN Sytytystulpat 13603 Tulpat,Sytytystulppa VW,VOLVO,TOYOTA,GOLF IV 1J1,GOLF V 1K1,POLO 9N_,PASSAT Variant 3C5,PASSAT Variant 3B6<\/p>\n","protected":false},"featured_media":0,"template":"","meta":{"site-sidebar-layout":"default","site-content-layout":"default","ast-global-header-display":"","ast-main-header-display":"","ast-hfb-above-header-display":"","ast-hfb-below-header-display":"","ast-hfb-mobile-header-display":"","site-post-title":"","ast-breadcrumbs-content":"","ast-featured-img":"","footer-sml-layout":"","theme-transparent-header-meta":"","adv-header-id-meta":"","stick-header-meta":"","header-above-stick-meta":"","header-main-stick-meta":"","header-below-stick-meta":""},"pwb-brand":[50],"product_cat":[165],"product_tag":[],"class_list":{"0":"post-51594","1":"product","2":"type-product","3":"status-publish","5":"pwb-brand-febi-bilstein","6":"product_cat-sytytystulpat","7":"desktop-align-left","8":"tablet-align-left","9":"mobile-align-left","11":"first","12":"instock","13":"product-type-external"},"brands":[{"id":50,"name":"FEBI BILSTEIN","slug":"febi-bilstein"}],"_links":{"self":[{"href":"https:\/\/www.autonvaraosahaku.fi\/index.php?rest_route=\/wp\/v2\/product\/51594","targetHints":{"allow":["GET"]}}],"collection":[{"href":"https:\/\/www.autonvaraosahaku.fi\/index.php?rest_route=\/wp\/v2\/product"}],"about":[{"href":"https:\/\/www.autonvaraosahaku.fi\/index.php?rest_route=\/wp\/v2\/types\/product"}],"wp:attachment":[{"href":"https:\/\/www.autonvaraosahaku.fi\/index.php?rest_route=%2Fwp%2Fv2%2Fmedia&parent=51594"}],"wp:term":[{"taxonomy":"pwb-brand","embeddable":true,"href":"https:\/\/www.autonvaraosahaku.fi\/index.php?rest_route=%2Fwp%2Fv2%2Fpwb-brand&post=51594"},{"taxonomy":"product_cat","embeddable":true,"href":"https:\/\/www.autonvaraosahaku.fi\/index.php?rest_route=%2Fwp%2Fv2%2Fproduct_cat&post=51594"},{"taxonomy":"product_tag","embeddable":true,"href":"https:\/\/www.autonvaraosahaku.fi\/index.php?rest_route=%2Fwp%2Fv2%2Fproduct_tag&post=51594"}],"curies":[{"name":"wp","href":"https:\/\/api.w.org\/{rel}","templated":true}]}}