{"id":51639,"date":"2021-02-21T17:37:34","date_gmt":"2021-02-21T17:37:34","guid":{"rendered":"https:\/\/www.autonvaraosahaku.fi\/?product=swag-99-90-4054-kierretulppa"},"modified":"2021-02-21T17:37:39","modified_gmt":"2021-02-21T17:37:39","slug":"swag-99-90-4054-kierretulppa","status":"publish","type":"product","link":"https:\/\/www.autonvaraosahaku.fi\/?product=swag-99-90-4054-kierretulppa","title":{"rendered":"SWAG 99 90 4054 Kierretulppa"},"content":{"rendered":"<p>Paksuus [mm]: 1,5; Sis\u00e4l\u00e4pimitta [mm]: 12,0; Ulkol\u00e4pimitta [mm]: 17,0; DIN \/ ISO: 7603; Materiaali: Kupari; Paino [kg]: 0,001, 0,001; Muoto: A-muoto, A-muoto; Moottorinumero: M102; MERCEDES-BENZ: C-CLASS W203,E-CLASS W211,C-CLASS W204,B-CLASS W245,C-CLASS T-Model S204,C-CLASS T-Model S203,C-CLASS W202,E-CLASS T-Model S211,190 W201,SLK R170,E-CLASS W210,E-CLASS W212,VIANO W639,M-CLASS W164,C-CLASS Coupe CL203,M-CLASS W163,Stufenheck W124,E-CLASS T-Model S212,GLK-CLASS X204,E-CLASS Kombi S210,VITO Bus W639,SLK R171,CLK C208,SL R129,CLK C209,SL R107,C-CLASS Kombi S202,Stufenheck W123,S-CLASS W220,VITO \/ MIXTO Kasten W639,SPRINTER 3,5-t Kasten 906,S-CLASS W126,S-CLASS W221,CLS C219,SL R230,E-CLASS W124,R-CLASS W251, V251,M-CLASS W166,G-CLASS W463,E-CLASS Coupe C207,CLK Cabriolet A208,CLK Cabriolet A209,G-CLASS W460,S-CLASS W140,C-CLASS Coupe C204,COUPE C123,SPRINTER 3,5-t Bus 906,SPRINTER 3-t Kasten 906,SLK R172,S-CLASS W116,E-CLASS Cabriolet A207,S-CLASS Coupe C126,CLC-CLASS CL203,GL-CLASS X164,G-CLASS W461,CLS C218,KOMBI Kombi S123,SPRINTER 3,5-t Pritsche\/Fahrgestell 906,T1 Bus 601,S-CLASS Coupe C215,S-CLASS Coupe C216,SL Coupe C107,T1 Pritsc,CITARO (O 530),CONECTO (O 345),O 303,O 305,O 307,O 404,O 405,O 407,O 408,OH,UNIMOG; SETRA: Series 400; 05096976AA, 5096976AA, 007603012102, 007603012110, A007603012102, A007603012110; Tiiviste, \u00d6ljynlaskutulppa<\/p>\n","protected":false},"excerpt":{"rendered":"<p>SWAG \u00d6ljytulpan Tiiviste 99 90 4054 Tiiviste, \u00d6ljynlaskutulppa MERCEDES-BENZ,SETRA,C-CLASS W203,E-CLASS W211,C-CLASS W204,B-CLASS W245<\/p>\n","protected":false},"featured_media":0,"template":"","meta":{"site-sidebar-layout":"default","site-content-layout":"default","ast-global-header-display":"","ast-main-header-display":"","ast-hfb-above-header-display":"","ast-hfb-below-header-display":"","ast-hfb-mobile-header-display":"","site-post-title":"","ast-breadcrumbs-content":"","ast-featured-img":"","footer-sml-layout":"","theme-transparent-header-meta":"","adv-header-id-meta":"","stick-header-meta":"","header-above-stick-meta":"","header-main-stick-meta":"","header-below-stick-meta":""},"pwb-brand":[103],"product_cat":[40],"product_tag":[],"class_list":{"0":"post-51639","1":"product","2":"type-product","3":"status-publish","5":"pwb-brand-swag","6":"product_cat-kierretulppa","7":"desktop-align-left","8":"tablet-align-left","9":"mobile-align-left","11":"first","12":"instock","13":"product-type-external"},"brands":[{"id":103,"name":"SWAG","slug":"swag"}],"_links":{"self":[{"href":"https:\/\/www.autonvaraosahaku.fi\/index.php?rest_route=\/wp\/v2\/product\/51639","targetHints":{"allow":["GET"]}}],"collection":[{"href":"https:\/\/www.autonvaraosahaku.fi\/index.php?rest_route=\/wp\/v2\/product"}],"about":[{"href":"https:\/\/www.autonvaraosahaku.fi\/index.php?rest_route=\/wp\/v2\/types\/product"}],"wp:attachment":[{"href":"https:\/\/www.autonvaraosahaku.fi\/index.php?rest_route=%2Fwp%2Fv2%2Fmedia&parent=51639"}],"wp:term":[{"taxonomy":"pwb-brand","embeddable":true,"href":"https:\/\/www.autonvaraosahaku.fi\/index.php?rest_route=%2Fwp%2Fv2%2Fpwb-brand&post=51639"},{"taxonomy":"product_cat","embeddable":true,"href":"https:\/\/www.autonvaraosahaku.fi\/index.php?rest_route=%2Fwp%2Fv2%2Fproduct_cat&post=51639"},{"taxonomy":"product_tag","embeddable":true,"href":"https:\/\/www.autonvaraosahaku.fi\/index.php?rest_route=%2Fwp%2Fv2%2Fproduct_tag&post=51639"}],"curies":[{"name":"wp","href":"https:\/\/api.w.org\/{rel}","templated":true}]}}