{"id":51643,"date":"2021-02-21T17:37:40","date_gmt":"2021-02-21T17:37:40","guid":{"rendered":"https:\/\/www.autonvaraosahaku.fi\/?product=sasic-1213443-tiivisteet"},"modified":"2021-02-21T17:37:41","modified_gmt":"2021-02-21T17:37:41","slug":"sasic-1213443-tiivisteet","status":"publish","type":"product","link":"https:\/\/www.autonvaraosahaku.fi\/?product=sasic-1213443-tiivisteet","title":{"rendered":"SASIC 1213443 Tiivisteet"},"content":{"rendered":"<p>Asennuspuoli: Vasen; Sis\u00e4l\u00e4pimitta [mm]: 40; Ulkol\u00e4pimitta [mm]: 58; Paksuus [mm]: 10; OE-numerolle: 312144; CITRO\u00cbN: BERLINGO MF,XSARA PICASSO N68,C3 I FC_,SAXO S0, S1,BERLINGO Kasten M_,C5 I DC_,C5 III RD_,XSARA N1,C5 II RC_,XSARA Break N2,JUMPER Kasten 244,XM Y4,XANTIA X2,XSARA Coupe N0,XANTIA X1,AX ZA-_,EVASION 22, U6,XANTIA Break X2,ZX N2,BX XB-_,JUMPY U6U,JUMPY Kasten BS_, BT_, BY_, BZ_,JUMPER Kasten 230L,XM Y3,XANTIA Break X1,ZX Break N2,XM Break Y4,BX Break XB-_,C15 VD-_,JUMPY Pritsche\/Fahrgestell BU_, BV_, BW_, BX_,XM Break Y3,C15 Kombi; PEUGEOT: 206 Schr\u00e4gheck 2A\/C,307 3A\/C,206 SW 2E\/K,807 E,106 II 1,306 Schr\u00e4gheck 7A, 7C, N3, N5,607 9D, 9U,406 Break 8E\/F,106 I 1A, 1C,205 II 20A\/C,406 Coupe 8C,306 Break 7E, N3, N5,406 8B,806 221,EXPERT Tepee VF3V_,BOXER Kasten 230L,EXPERT Kasten VF3A_, VF3U_, VF3X_,BOXER Kasten 244,306 7B, N3, N5,EXPERT Kasten 222,206 Stufenheck,309 II 3C, 3A,205 I 741A\/C,405 I 15B,BOXER Bus 230P,BOXER Bus 244, Z_,BOXER Pritsche\/Fahrgestell ZCT_,206 Van,605 6B,EXPERT 224,405 II 4B,309 I 10C, 10A,BOXER Pritsche\/Fahrgestell 244,405 II Break 4E,405 I Break 15E,EXPERT Pritsche\/Fahrgestell 223,EXPERT Pritsche\/Fahrgestell; 312144, 312144<\/p>\n","protected":false},"excerpt":{"rendered":"<p>SASIC Akselitiiviste, Tasauspy\u00f6r\u00e4st\u00f6 1213443  CITRO\u00cbN,PEUGEOT,BERLINGO MF,XSARA PICASSO N68,C3 I FC_,SAXO S0, S1,BERLINGO Kasten M_,C5 I DC_<\/p>\n","protected":false},"featured_media":0,"template":"","meta":{"site-sidebar-layout":"default","site-content-layout":"default","ast-global-header-display":"","ast-main-header-display":"","ast-hfb-above-header-display":"","ast-hfb-below-header-display":"","ast-hfb-mobile-header-display":"","site-post-title":"","ast-breadcrumbs-content":"","ast-featured-img":"","footer-sml-layout":"","theme-transparent-header-meta":"","adv-header-id-meta":"","stick-header-meta":"","header-above-stick-meta":"","header-main-stick-meta":"","header-below-stick-meta":""},"pwb-brand":[110],"product_cat":[27],"product_tag":[],"class_list":{"0":"post-51643","1":"product","2":"type-product","3":"status-publish","5":"pwb-brand-sasic","6":"product_cat-tiivisteet","7":"desktop-align-left","8":"tablet-align-left","9":"mobile-align-left","11":"first","12":"instock","13":"product-type-external"},"brands":[{"id":110,"name":"SASIC","slug":"sasic"}],"_links":{"self":[{"href":"https:\/\/www.autonvaraosahaku.fi\/index.php?rest_route=\/wp\/v2\/product\/51643","targetHints":{"allow":["GET"]}}],"collection":[{"href":"https:\/\/www.autonvaraosahaku.fi\/index.php?rest_route=\/wp\/v2\/product"}],"about":[{"href":"https:\/\/www.autonvaraosahaku.fi\/index.php?rest_route=\/wp\/v2\/types\/product"}],"wp:attachment":[{"href":"https:\/\/www.autonvaraosahaku.fi\/index.php?rest_route=%2Fwp%2Fv2%2Fmedia&parent=51643"}],"wp:term":[{"taxonomy":"pwb-brand","embeddable":true,"href":"https:\/\/www.autonvaraosahaku.fi\/index.php?rest_route=%2Fwp%2Fv2%2Fpwb-brand&post=51643"},{"taxonomy":"product_cat","embeddable":true,"href":"https:\/\/www.autonvaraosahaku.fi\/index.php?rest_route=%2Fwp%2Fv2%2Fproduct_cat&post=51643"},{"taxonomy":"product_tag","embeddable":true,"href":"https:\/\/www.autonvaraosahaku.fi\/index.php?rest_route=%2Fwp%2Fv2%2Fproduct_tag&post=51643"}],"curies":[{"name":"wp","href":"https:\/\/api.w.org\/{rel}","templated":true}]}}